   {"id":3560,"date":"2024-12-13T09:49:01","date_gmt":"2024-12-13T09:49:01","guid":{"rendered":"https:\/\/www.campingreno.it\/camping-emilie-romagne-directement-sur-la-mer-services\/campeggio-low-cost-emilia-romagna-noleggio-celle-frigorifere\/"},"modified":"2025-12-19T15:55:15","modified_gmt":"2025-12-19T15:55:15","slug":"camping-lido-di-spina-italie-location-de-casier-refrigere","status":"publish","type":"page","link":"https:\/\/www.campingreno.it\/fr\/camping-emilie-romagne-directement-sur-la-mer-services\/camping-lido-di-spina-italie-location-de-casier-refrigere\/","title":{"rendered":"Location de casier r\u00e9frig\u00e9r\u00e9"},"content":{"rendered":"<p>Le service de location de casier r\u00e9frig\u00e9r\u00e9 du Camping Reno, <strong>Camping Lido di Spina Italie<\/strong>, est une excellente solution pour ceux qui n&rsquo;ont pas de r\u00e9frig\u00e9rateur de camping et souhaitent conserver des aliments frais et des boissons pendant leurs vacances, sans renoncer \u00e0 la praticit\u00e9.<\/p>\n<p>&nbsp;<\/p>\n<p>Gr\u00e2ce \u00e0 cette option, vous pouvez disposer d&rsquo;un petit espace r\u00e9frig\u00e9r\u00e9 pour garder votre garde-manger toujours en ordre.<\/p>\n<p>&nbsp;<\/p>\n<p>Parfait pour conserver la viande, le fromage, les fruits, les l\u00e9gumes ou simplement pour garder les boissons fra\u00eeches pendant les journ\u00e9es les plus chaudes.<\/p>\n<p>&nbsp;<\/p>\n<p>La location d&rsquo;un casier r\u00e9frig\u00e9r\u00e9 vous offre la possibilit\u00e9 de profiter de la libert\u00e9 de cuisiner en camping, au Camping Reno, <strong>Camping Lido di Spina Italie<\/strong>, sans avoir \u00e0 vous soucier de la conservation des aliments.<\/p>\n<p>D\u00e9couvrez nos <strong>H\u00e9bergements<\/strong> et <strong>Emplacements.<\/strong><\/p>\n<p>&nbsp;<\/p>\n<p>Il suffit de demander \u00e0 la R\u00e9ception.<\/p>\n<p>&nbsp;<\/p>\n<p>&nbsp;<\/p>\n<p>V\u00c9RIFIEZ LA DISPONIBILIT\u00c9 ET R\u00c9SERVEZ D\u00c8S MAINTENANT<\/p>\n<p>&nbsp;<\/p>\n","protected":false},"excerpt":{"rendered":"<p>Le service de location de casier r\u00e9frig\u00e9r\u00e9 du Camping Reno, Camping Lido di Spina Italie, est une excellente solution pour ceux qui n&rsquo;ont pas de r\u00e9frig\u00e9rateur de camping et souhaitent conserver des aliments frais et des boissons pendant leurs vacances, sans renoncer \u00e0 la praticit\u00e9. &nbsp; Gr\u00e2ce \u00e0 cette option, vous pouvez disposer d&rsquo;un petit [&hellip;]<\/p>\n","protected":false},"author":13,"featured_media":4555,"parent":3477,"menu_order":13,"comment_status":"closed","ping_status":"closed","template":"template-service-single.php","meta":{"footnotes":""},"yoast_head":"<!-- This site is optimized with the Yoast SEO plugin v22.3 - https:\/\/yoast.com\/wordpress\/plugins\/seo\/ -->\n<title>Camping Lido di Spina Italie | Location de casier r\u00e9frig\u00e9r\u00e9<\/title>\n<meta name=\"description\" content=\"Pour les campeurs du Camping Reno, votre Camping Lido di Spina Italie, la possibilit\u00e9 de louer des casiers r\u00e9frig\u00e9r\u00e9s!\" \/>\n<meta name=\"robots\" content=\"index, follow, max-snippet:-1, max-image-preview:large, max-video-preview:-1\" \/>\n<link rel=\"canonical\" href=\"https:\/\/www.campingreno.it\/fr\/camping-emilie-romagne-directement-sur-la-mer-services\/camping-lido-di-spina-italie-location-de-casier-refrigere\/\" \/>\n<meta property=\"og:locale\" content=\"fr_FR\" \/>\n<meta property=\"og:type\" content=\"article\" \/>\n<meta property=\"og:title\" content=\"Camping Lido di Spina Italie | Location de casier r\u00e9frig\u00e9r\u00e9\" \/>\n<meta property=\"og:description\" content=\"Pour les campeurs du Camping Reno, votre Camping Lido di Spina Italie, la possibilit\u00e9 de louer des casiers r\u00e9frig\u00e9r\u00e9s!\" \/>\n<meta property=\"og:url\" content=\"https:\/\/www.campingreno.it\/fr\/camping-emilie-romagne-directement-sur-la-mer-services\/camping-lido-di-spina-italie-location-de-casier-refrigere\/\" \/>\n<meta property=\"og:site_name\" content=\"Camping Reno\" \/>\n<meta property=\"article:publisher\" content=\"https:\/\/facebook.com\/tomasitourism\" \/>\n<meta property=\"article:modified_time\" content=\"2025-12-19T15:55:15+00:00\" \/>\n<meta property=\"og:image\" content=\"https:\/\/www.campingreno.it\/wp-content\/uploads\/sites\/192\/2025\/12\/reno-dal-drone-2.jpg\" \/>\n\t<meta property=\"og:image:width\" content=\"1170\" \/>\n\t<meta property=\"og:image:height\" content=\"658\" \/>\n\t<meta property=\"og:image:type\" content=\"image\/jpeg\" \/>\n<meta name=\"twitter:card\" content=\"summary_large_image\" \/>\n<meta name=\"twitter:label1\" content=\"Dur\u00e9e de lecture estim\u00e9e\" \/>\n\t<meta name=\"twitter:data1\" content=\"1 minute\" \/>\n<script type=\"application\/ld+json\" class=\"yoast-schema-graph\">{\"@context\":\"https:\/\/schema.org\",\"@graph\":[{\"@type\":\"WebPage\",\"@id\":\"https:\/\/www.campingreno.it\/fr\/camping-emilie-romagne-directement-sur-la-mer-services\/camping-lido-di-spina-italie-location-de-casier-refrigere\/\",\"url\":\"https:\/\/www.campingreno.it\/fr\/camping-emilie-romagne-directement-sur-la-mer-services\/camping-lido-di-spina-italie-location-de-casier-refrigere\/\",\"name\":\"Camping Lido di Spina Italie | Location de casier r\u00e9frig\u00e9r\u00e9\",\"isPartOf\":{\"@id\":\"https:\/\/www.campingreno.it\/fr\/#website\"},\"primaryImageOfPage\":{\"@id\":\"https:\/\/www.campingreno.it\/fr\/camping-emilie-romagne-directement-sur-la-mer-services\/camping-lido-di-spina-italie-location-de-casier-refrigere\/#primaryimage\"},\"image\":{\"@id\":\"https:\/\/www.campingreno.it\/fr\/camping-emilie-romagne-directement-sur-la-mer-services\/camping-lido-di-spina-italie-location-de-casier-refrigere\/#primaryimage\"},\"thumbnailUrl\":\"https:\/\/www.campingreno.it\/wp-content\/uploads\/sites\/192\/2025\/12\/reno-dal-drone-2.jpg\",\"datePublished\":\"2024-12-13T09:49:01+00:00\",\"dateModified\":\"2025-12-19T15:55:15+00:00\",\"description\":\"Pour les campeurs du Camping Reno, votre Camping Lido di Spina Italie, la possibilit\u00e9 de louer des casiers r\u00e9frig\u00e9r\u00e9s!\",\"breadcrumb\":{\"@id\":\"https:\/\/www.campingreno.it\/fr\/camping-emilie-romagne-directement-sur-la-mer-services\/camping-lido-di-spina-italie-location-de-casier-refrigere\/#breadcrumb\"},\"inLanguage\":\"fr-FR\",\"potentialAction\":[{\"@type\":\"ReadAction\",\"target\":[\"https:\/\/www.campingreno.it\/fr\/camping-emilie-romagne-directement-sur-la-mer-services\/camping-lido-di-spina-italie-location-de-casier-refrigere\/\"]}]},{\"@type\":\"ImageObject\",\"inLanguage\":\"fr-FR\",\"@id\":\"https:\/\/www.campingreno.it\/fr\/camping-emilie-romagne-directement-sur-la-mer-services\/camping-lido-di-spina-italie-location-de-casier-refrigere\/#primaryimage\",\"url\":\"https:\/\/www.campingreno.it\/wp-content\/uploads\/sites\/192\/2025\/12\/reno-dal-drone-2.jpg\",\"contentUrl\":\"https:\/\/www.campingreno.it\/wp-content\/uploads\/sites\/192\/2025\/12\/reno-dal-drone-2.jpg\",\"width\":1170,\"height\":658,\"caption\":\"Camping Lido di Spina Italie | Location de casier r\u00e9frig\u00e9r\u00e9\"},{\"@type\":\"BreadcrumbList\",\"@id\":\"https:\/\/www.campingreno.it\/fr\/camping-emilie-romagne-directement-sur-la-mer-services\/camping-lido-di-spina-italie-location-de-casier-refrigere\/#breadcrumb\",\"itemListElement\":[{\"@type\":\"ListItem\",\"position\":1,\"name\":\"Home\",\"item\":\"https:\/\/www.campingreno.it\/fr\/\"},{\"@type\":\"ListItem\",\"position\":2,\"name\":\"Services\",\"item\":\"https:\/\/www.campingreno.it\/fr\/camping-emilie-romagne-directement-sur-la-mer-services\/\"},{\"@type\":\"ListItem\",\"position\":3,\"name\":\"Location de casier r\u00e9frig\u00e9r\u00e9\"}]},{\"@type\":\"WebSite\",\"@id\":\"https:\/\/www.campingreno.it\/fr\/#website\",\"url\":\"https:\/\/www.campingreno.it\/fr\/\",\"name\":\"Camping Reno\",\"description\":\"\",\"publisher\":{\"@id\":\"https:\/\/www.campingreno.it\/fr\/#organization\"},\"potentialAction\":[{\"@type\":\"SearchAction\",\"target\":{\"@type\":\"EntryPoint\",\"urlTemplate\":\"https:\/\/www.campingreno.it\/fr\/?s={search_term_string}\"},\"query-input\":\"required name=search_term_string\"}],\"inLanguage\":\"fr-FR\"},{\"@type\":\"Organization\",\"@id\":\"https:\/\/www.campingreno.it\/fr\/#organization\",\"name\":\"Camping Reno\",\"url\":\"https:\/\/www.campingreno.it\/fr\/\",\"logo\":{\"@type\":\"ImageObject\",\"inLanguage\":\"fr-FR\",\"@id\":\"https:\/\/www.campingreno.it\/fr\/#\/schema\/logo\/image\/\",\"url\":\"https:\/\/www.campingreno.it\/wp-content\/uploads\/sites\/192\/2024\/12\/logo_reno-no-sfondo-2.png\",\"contentUrl\":\"https:\/\/www.campingreno.it\/wp-content\/uploads\/sites\/192\/2024\/12\/logo_reno-no-sfondo-2.png\",\"width\":567,\"height\":286,\"caption\":\"Camping Reno\"},\"image\":{\"@id\":\"https:\/\/www.campingreno.it\/fr\/#\/schema\/logo\/image\/\"},\"sameAs\":[\"https:\/\/facebook.com\/tomasitourism\",\"https:\/\/instagram.com\/camping_reno\"]}]}<\/script>\n<!-- \/ Yoast SEO plugin. -->","yoast_head_json":{"title":"Camping Lido di Spina Italie | Location de casier r\u00e9frig\u00e9r\u00e9","description":"Pour les campeurs du Camping Reno, votre Camping Lido di Spina Italie, la possibilit\u00e9 de louer des casiers r\u00e9frig\u00e9r\u00e9s!","robots":{"index":"index","follow":"follow","max-snippet":"max-snippet:-1","max-image-preview":"max-image-preview:large","max-video-preview":"max-video-preview:-1"},"canonical":"https:\/\/www.campingreno.it\/fr\/camping-emilie-romagne-directement-sur-la-mer-services\/camping-lido-di-spina-italie-location-de-casier-refrigere\/","og_locale":"fr_FR","og_type":"article","og_title":"Camping Lido di Spina Italie | Location de casier r\u00e9frig\u00e9r\u00e9","og_description":"Pour les campeurs du Camping Reno, votre Camping Lido di Spina Italie, la possibilit\u00e9 de louer des casiers r\u00e9frig\u00e9r\u00e9s!","og_url":"https:\/\/www.campingreno.it\/fr\/camping-emilie-romagne-directement-sur-la-mer-services\/camping-lido-di-spina-italie-location-de-casier-refrigere\/","og_site_name":"Camping Reno","article_publisher":"https:\/\/facebook.com\/tomasitourism","article_modified_time":"2025-12-19T15:55:15+00:00","og_image":[{"width":1170,"height":658,"url":"https:\/\/www.campingreno.it\/wp-content\/uploads\/sites\/192\/2025\/12\/reno-dal-drone-2.jpg","type":"image\/jpeg"}],"twitter_card":"summary_large_image","twitter_misc":{"Dur\u00e9e de lecture estim\u00e9e":"1 minute"},"schema":{"@context":"https:\/\/schema.org","@graph":[{"@type":"WebPage","@id":"https:\/\/www.campingreno.it\/fr\/camping-emilie-romagne-directement-sur-la-mer-services\/camping-lido-di-spina-italie-location-de-casier-refrigere\/","url":"https:\/\/www.campingreno.it\/fr\/camping-emilie-romagne-directement-sur-la-mer-services\/camping-lido-di-spina-italie-location-de-casier-refrigere\/","name":"Camping Lido di Spina Italie | Location de casier r\u00e9frig\u00e9r\u00e9","isPartOf":{"@id":"https:\/\/www.campingreno.it\/fr\/#website"},"primaryImageOfPage":{"@id":"https:\/\/www.campingreno.it\/fr\/camping-emilie-romagne-directement-sur-la-mer-services\/camping-lido-di-spina-italie-location-de-casier-refrigere\/#primaryimage"},"image":{"@id":"https:\/\/www.campingreno.it\/fr\/camping-emilie-romagne-directement-sur-la-mer-services\/camping-lido-di-spina-italie-location-de-casier-refrigere\/#primaryimage"},"thumbnailUrl":"https:\/\/www.campingreno.it\/wp-content\/uploads\/sites\/192\/2025\/12\/reno-dal-drone-2.jpg","datePublished":"2024-12-13T09:49:01+00:00","dateModified":"2025-12-19T15:55:15+00:00","description":"Pour les campeurs du Camping Reno, votre Camping Lido di Spina Italie, la possibilit\u00e9 de louer des casiers r\u00e9frig\u00e9r\u00e9s!","breadcrumb":{"@id":"https:\/\/www.campingreno.it\/fr\/camping-emilie-romagne-directement-sur-la-mer-services\/camping-lido-di-spina-italie-location-de-casier-refrigere\/#breadcrumb"},"inLanguage":"fr-FR","potentialAction":[{"@type":"ReadAction","target":["https:\/\/www.campingreno.it\/fr\/camping-emilie-romagne-directement-sur-la-mer-services\/camping-lido-di-spina-italie-location-de-casier-refrigere\/"]}]},{"@type":"ImageObject","inLanguage":"fr-FR","@id":"https:\/\/www.campingreno.it\/fr\/camping-emilie-romagne-directement-sur-la-mer-services\/camping-lido-di-spina-italie-location-de-casier-refrigere\/#primaryimage","url":"https:\/\/www.campingreno.it\/wp-content\/uploads\/sites\/192\/2025\/12\/reno-dal-drone-2.jpg","contentUrl":"https:\/\/www.campingreno.it\/wp-content\/uploads\/sites\/192\/2025\/12\/reno-dal-drone-2.jpg","width":1170,"height":658,"caption":"Camping Lido di Spina Italie | Location de casier r\u00e9frig\u00e9r\u00e9"},{"@type":"BreadcrumbList","@id":"https:\/\/www.campingreno.it\/fr\/camping-emilie-romagne-directement-sur-la-mer-services\/camping-lido-di-spina-italie-location-de-casier-refrigere\/#breadcrumb","itemListElement":[{"@type":"ListItem","position":1,"name":"Home","item":"https:\/\/www.campingreno.it\/fr\/"},{"@type":"ListItem","position":2,"name":"Services","item":"https:\/\/www.campingreno.it\/fr\/camping-emilie-romagne-directement-sur-la-mer-services\/"},{"@type":"ListItem","position":3,"name":"Location de casier r\u00e9frig\u00e9r\u00e9"}]},{"@type":"WebSite","@id":"https:\/\/www.campingreno.it\/fr\/#website","url":"https:\/\/www.campingreno.it\/fr\/","name":"Camping Reno","description":"","publisher":{"@id":"https:\/\/www.campingreno.it\/fr\/#organization"},"potentialAction":[{"@type":"SearchAction","target":{"@type":"EntryPoint","urlTemplate":"https:\/\/www.campingreno.it\/fr\/?s={search_term_string}"},"query-input":"required name=search_term_string"}],"inLanguage":"fr-FR"},{"@type":"Organization","@id":"https:\/\/www.campingreno.it\/fr\/#organization","name":"Camping Reno","url":"https:\/\/www.campingreno.it\/fr\/","logo":{"@type":"ImageObject","inLanguage":"fr-FR","@id":"https:\/\/www.campingreno.it\/fr\/#\/schema\/logo\/image\/","url":"https:\/\/www.campingreno.it\/wp-content\/uploads\/sites\/192\/2024\/12\/logo_reno-no-sfondo-2.png","contentUrl":"https:\/\/www.campingreno.it\/wp-content\/uploads\/sites\/192\/2024\/12\/logo_reno-no-sfondo-2.png","width":567,"height":286,"caption":"Camping Reno"},"image":{"@id":"https:\/\/www.campingreno.it\/fr\/#\/schema\/logo\/image\/"},"sameAs":["https:\/\/facebook.com\/tomasitourism","https:\/\/instagram.com\/camping_reno"]}]}},"acf":[],"_links":{"self":[{"href":"https:\/\/www.campingreno.it\/fr\/wp-json\/wp\/v2\/pages\/3560"}],"collection":[{"href":"https:\/\/www.campingreno.it\/fr\/wp-json\/wp\/v2\/pages"}],"about":[{"href":"https:\/\/www.campingreno.it\/fr\/wp-json\/wp\/v2\/types\/page"}],"author":[{"embeddable":true,"href":"https:\/\/www.campingreno.it\/fr\/wp-json\/wp\/v2\/users\/13"}],"replies":[{"embeddable":true,"href":"https:\/\/www.campingreno.it\/fr\/wp-json\/wp\/v2\/comments?post=3560"}],"version-history":[{"count":0,"href":"https:\/\/www.campingreno.it\/fr\/wp-json\/wp\/v2\/pages\/3560\/revisions"}],"up":[{"embeddable":true,"href":"https:\/\/www.campingreno.it\/fr\/wp-json\/wp\/v2\/pages\/3477"}],"wp:featuredmedia":[{"embeddable":true,"href":"https:\/\/www.campingreno.it\/fr\/wp-json\/wp\/v2\/media\/4555"}],"wp:attachment":[{"href":"https:\/\/www.campingreno.it\/fr\/wp-json\/wp\/v2\/media?parent=3560"}],"curies":[{"name":"wp","href":"https:\/\/api.w.org\/{rel}","templated":true}]}}