   {"id":3563,"date":"2024-12-11T16:33:17","date_gmt":"2024-12-11T16:33:17","guid":{"rendered":"https:\/\/www.campingreno.it\/camping-emilie-romagne-directement-sur-la-mer-services\/campeggio-sul-mare-vicino-a-ravenna-moleggio-bici\/"},"modified":"2025-12-19T15:56:15","modified_gmt":"2025-12-19T15:56:15","slug":"camping-a-punta-marina-terme-ravenne-italie-location-de-velos","status":"publish","type":"page","link":"https:\/\/www.campingreno.it\/fr\/camping-emilie-romagne-directement-sur-la-mer-services\/camping-a-punta-marina-terme-ravenne-italie-location-de-velos\/","title":{"rendered":"Location de v\u00e9los"},"content":{"rendered":"<p>Louez votre v\u00e9lo pendant votre s\u00e9jour au Camping Reno directement sur la mer, <strong>Camping \u00e0 Punta Marina Terme Ravenne Italie<\/strong>, et d\u00e9couvrez les Lidos Nord et Sud de Ravenne.<\/p>\n<p>Au sein du Camping Reno, vous trouverez des <strong>h\u00e9bergements<\/strong> et des <strong>emplacements<\/strong> pour tous les go\u00fbts.<\/p>\n<p>&nbsp;<\/p>\n<p>Le service de location de v\u00e9los avec si\u00e8ge enfant au Camping Reno, camping en bord de mer pr\u00e8s de Ravenne, est con\u00e7u pour les familles qui souhaitent explorer la r\u00e9gion environnante de mani\u00e8re pratique et amusante, m\u00eame avec de jeunes enfants.<\/p>\n<p>&nbsp;<\/p>\n<p><strong>O\u00f9 vous pouvez aller \u00e0 v\u00e9lo<\/strong><\/p>\n<ul>\n<li>Gr\u00e2ce \u00e0 une piste cyclable ombrag\u00e9e et agr\u00e9able qui traverse la pin\u00e8de, vous pouvez atteindre en toute s\u00e9curit\u00e9 : Casal Borsetti, Marina Romea, Porto Corsini. Apr\u00e8s avoir pris le ferry, vous pouvez aussi vous rendre \u00e0 Marina di Ravenna, Punta Marina Terme et Lido Adriano.<\/li>\n<\/ul>\n<p>&nbsp;<\/p>\n<p><strong>Point de location<\/strong><\/p>\n<ul>\n<li>Le service de location se trouve \u00e0 proximit\u00e9 de la r\u00e9ception.<\/li>\n<\/ul>\n<p>&nbsp;<\/p>\n<p><strong>Type de v\u00e9los<\/strong><\/p>\n<ul>\n<li>Les v\u00e9los disponibles \u00e0 la location sont des \u00ab\u00a0city bikes\u00a0\u00bb ou des VTT, adapt\u00e9s pour parcourir les routes et les sentiers autour du camping. Nous n&rsquo;avons pas de v\u00e9los \u00e9lectriques.<\/li>\n<\/ul>\n<p>&nbsp;<\/p>\n<p><strong>Si\u00e8ges pour enfants<\/strong><\/p>\n<ul>\n<li>Le si\u00e8ge pour enfant est mont\u00e9 sur le v\u00e9lo du parent, g\u00e9n\u00e9ralement \u00e0 l&rsquo;arri\u00e8re (sur le porte-bagages) ou, dans certains cas, \u00e0 l&rsquo;avant (au guidon). Il est con\u00e7u pour les enfants de moins de 5-6 ans, avec une capacit\u00e9 de poids qui peut varier de 15 \u00e0 22 kg, selon le mod\u00e8le. Le si\u00e8ge est \u00e9quip\u00e9 de ceintures de s\u00e9curit\u00e9 et de bretelles r\u00e9glables pour garantir que l&rsquo;enfant soit bien attach\u00e9 et prot\u00e9g\u00e9 pendant le trajet.<\/li>\n<\/ul>\n<p>&nbsp;<\/p>\n<p><strong>R\u00e9servation, Tarifs, Paiement et Caution<\/strong><\/p>\n<ul>\n<li>Location de v\u00e9lo : 3 \u20ac\/heure<\/li>\n<li>Location de si\u00e8ge enfant : 0,50 \u20ac\/heure<\/li>\n<li>Le paiement s&rsquo;effectue au moment du retour du v\u00e9lo pour comptabiliser l&rsquo;utilisation r\u00e9elle.<\/li>\n<li>La remise du v\u00e9lo est soumise \u00e0 une caution de 30 \u20ac et au d\u00e9p\u00f4t d&rsquo;une pi\u00e8ce d&rsquo;identit\u00e9.<\/li>\n<\/ul>\n<p>&nbsp;<\/p>\n<p><strong>Dur\u00e9e et Horaires<\/strong><\/p>\n<ul>\n<li>Les v\u00e9los sont disponibles pendant toute la p\u00e9riode d&rsquo;ouverture du camping, avec des horaires flexibles. Nous vous conseillons de louer les v\u00e9los directement sur place.<\/li>\n<\/ul>\n<p>&nbsp;<\/p>\n<p><strong>S\u00e9curit\u00e9 et \u00c9quipement<\/strong><\/p>\n<ul>\n<li>En plus du si\u00e8ge enfant, un casque pour l&rsquo;enfant est g\u00e9n\u00e9ralement fourni, obligatoire pour des raisons de s\u00e9curit\u00e9, ainsi qu&rsquo;un cadenas.<\/li>\n<\/ul>\n<p>&nbsp;<\/p>\n<p><strong>Itin\u00e9raires et Activit\u00e9s<\/strong><\/p>\n<ul>\n<li>La location de v\u00e9los avec si\u00e8ge enfant est id\u00e9ale pour les familles qui souhaitent explorer la zone autour du camping, comme les pistes cyclables, les sentiers naturels ou les zones touristiques. Certains campings organisent \u00e9galement des excursions guid\u00e9es \u00e0 v\u00e9lo, adapt\u00e9es \u00e0 tous les \u00e2ges.<\/li>\n<\/ul>\n<p>&nbsp;<\/p>\n<p><strong>Restitution des v\u00e9los<\/strong><br \/>\nLes v\u00e9los doivent \u00eatre restitu\u00e9s dans les d\u00e9lais convenus, et en cas de dommages ou de probl\u00e8mes, des p\u00e9nalit\u00e9s peuvent \u00eatre appliqu\u00e9es. La caution sera restitu\u00e9e une fois le v\u00e9lo rendu en bon \u00e9tat.<br \/>\nEn r\u00e9sum\u00e9, le service de location de v\u00e9los avec si\u00e8ge enfant du Camping Reno, <strong>Camping \u00e0 Punta Marina Terme Ravenne Italie,<\/strong> offre une opportunit\u00e9 parfaite aux familles de vivre une exp\u00e9rience en plein air en toute s\u00e9curit\u00e9, permettant de se d\u00e9placer facilement et de mani\u00e8re \u00e9cologique dans les environs.<\/p>\n<p>&nbsp;<\/p>\n<p><strong>V\u00c9RIFIEZ LA DISPONIBILIT\u00c9 EN LIGNE ET R\u00c9SERVEZ D\u00c8S MAINTENANT!<\/strong><\/p>\n","protected":false},"excerpt":{"rendered":"<p>Louez votre v\u00e9lo pendant votre s\u00e9jour au Camping Reno directement sur la mer, Camping \u00e0 Punta Marina Terme Ravenne Italie, et d\u00e9couvrez les Lidos Nord et Sud de Ravenne. Au sein du Camping Reno, vous trouverez des h\u00e9bergements et des emplacements pour tous les go\u00fbts. &nbsp; Le service de location de v\u00e9los avec si\u00e8ge enfant [&hellip;]<\/p>\n","protected":false},"author":13,"featured_media":4556,"parent":3477,"menu_order":14,"comment_status":"closed","ping_status":"closed","template":"template-service-single.php","meta":{"footnotes":""},"class_list":["post-3563","page","type-page","status-publish","has-post-thumbnail","hentry"],"yoast_head":"<!-- This site is optimized with the Yoast SEO plugin v27.3 - https:\/\/yoast.com\/product\/yoast-seo-wordpress\/ -->\n<title>Camping \u00e0 Punta Marina Terme Ravenne Italie | Location de v\u00e9los<\/title>\n<meta name=\"description\" content=\"Service de location de v\u00e9los au Camping Reno, Camping \u00e0 Punta Marina Terme Ravenne Italie, \u00c9milie-Romagne. Et d\u00e9couvrez les Lidos de Ravenne!\" \/>\n<meta name=\"robots\" content=\"index, follow, max-snippet:-1, max-image-preview:large, max-video-preview:-1\" \/>\n<link rel=\"canonical\" href=\"https:\/\/www.campingreno.it\/fr\/camping-emilie-romagne-directement-sur-la-mer-services\/camping-a-punta-marina-terme-ravenne-italie-location-de-velos\/\" \/>\n<meta property=\"og:locale\" content=\"fr_FR\" \/>\n<meta property=\"og:type\" content=\"article\" \/>\n<meta property=\"og:title\" content=\"Camping \u00e0 Punta Marina Terme Ravenne Italie | Location de v\u00e9los\" \/>\n<meta property=\"og:description\" content=\"Service de location de v\u00e9los au Camping Reno, Camping \u00e0 Punta Marina Terme Ravenne Italie, \u00c9milie-Romagne. Et d\u00e9couvrez les Lidos de Ravenne!\" \/>\n<meta property=\"og:url\" content=\"https:\/\/www.campingreno.it\/fr\/camping-emilie-romagne-directement-sur-la-mer-services\/camping-a-punta-marina-terme-ravenne-italie-location-de-velos\/\" \/>\n<meta property=\"og:site_name\" content=\"Camping Reno\" \/>\n<meta property=\"article:publisher\" content=\"https:\/\/facebook.com\/tomasitourism\" \/>\n<meta property=\"article:modified_time\" content=\"2025-12-19T15:56:15+00:00\" \/>\n<meta property=\"og:image\" content=\"https:\/\/www.campingreno.it\/wp-content\/uploads\/sites\/192\/2025\/12\/noleggio-bici-camping-reno-300x215-1.jpg\" \/>\n\t<meta property=\"og:image:width\" content=\"300\" \/>\n\t<meta property=\"og:image:height\" content=\"215\" \/>\n\t<meta property=\"og:image:type\" content=\"image\/jpeg\" \/>\n<meta name=\"twitter:card\" content=\"summary_large_image\" \/>\n<meta name=\"twitter:label1\" content=\"Dur\u00e9e de lecture estim\u00e9e\" \/>\n\t<meta name=\"twitter:data1\" content=\"3 minutes\" \/>\n<script type=\"application\/ld+json\" class=\"yoast-schema-graph\">{\"@context\":\"https:\\\/\\\/schema.org\",\"@graph\":[{\"@type\":\"WebPage\",\"@id\":\"https:\\\/\\\/www.campingreno.it\\\/fr\\\/camping-emilie-romagne-directement-sur-la-mer-services\\\/camping-a-punta-marina-terme-ravenne-italie-location-de-velos\\\/\",\"url\":\"https:\\\/\\\/www.campingreno.it\\\/fr\\\/camping-emilie-romagne-directement-sur-la-mer-services\\\/camping-a-punta-marina-terme-ravenne-italie-location-de-velos\\\/\",\"name\":\"Camping \u00e0 Punta Marina Terme Ravenne Italie | Location de v\u00e9los\",\"isPartOf\":{\"@id\":\"https:\\\/\\\/www.campingreno.it\\\/fr\\\/#website\"},\"primaryImageOfPage\":{\"@id\":\"https:\\\/\\\/www.campingreno.it\\\/fr\\\/camping-emilie-romagne-directement-sur-la-mer-services\\\/camping-a-punta-marina-terme-ravenne-italie-location-de-velos\\\/#primaryimage\"},\"image\":{\"@id\":\"https:\\\/\\\/www.campingreno.it\\\/fr\\\/camping-emilie-romagne-directement-sur-la-mer-services\\\/camping-a-punta-marina-terme-ravenne-italie-location-de-velos\\\/#primaryimage\"},\"thumbnailUrl\":\"https:\\\/\\\/www.campingreno.it\\\/wp-content\\\/uploads\\\/sites\\\/192\\\/2025\\\/12\\\/noleggio-bici-camping-reno-300x215-1.jpg\",\"datePublished\":\"2024-12-11T16:33:17+00:00\",\"dateModified\":\"2025-12-19T15:56:15+00:00\",\"description\":\"Service de location de v\u00e9los au Camping Reno, Camping \u00e0 Punta Marina Terme Ravenne Italie, \u00c9milie-Romagne. Et d\u00e9couvrez les Lidos de Ravenne!\",\"breadcrumb\":{\"@id\":\"https:\\\/\\\/www.campingreno.it\\\/fr\\\/camping-emilie-romagne-directement-sur-la-mer-services\\\/camping-a-punta-marina-terme-ravenne-italie-location-de-velos\\\/#breadcrumb\"},\"inLanguage\":\"fr-FR\",\"potentialAction\":[{\"@type\":\"ReadAction\",\"target\":[\"https:\\\/\\\/www.campingreno.it\\\/fr\\\/camping-emilie-romagne-directement-sur-la-mer-services\\\/camping-a-punta-marina-terme-ravenne-italie-location-de-velos\\\/\"]}]},{\"@type\":\"ImageObject\",\"inLanguage\":\"fr-FR\",\"@id\":\"https:\\\/\\\/www.campingreno.it\\\/fr\\\/camping-emilie-romagne-directement-sur-la-mer-services\\\/camping-a-punta-marina-terme-ravenne-italie-location-de-velos\\\/#primaryimage\",\"url\":\"https:\\\/\\\/www.campingreno.it\\\/wp-content\\\/uploads\\\/sites\\\/192\\\/2025\\\/12\\\/noleggio-bici-camping-reno-300x215-1.jpg\",\"contentUrl\":\"https:\\\/\\\/www.campingreno.it\\\/wp-content\\\/uploads\\\/sites\\\/192\\\/2025\\\/12\\\/noleggio-bici-camping-reno-300x215-1.jpg\",\"width\":300,\"height\":215,\"caption\":\"Camping \u00e0 Punta Marina Terme Ravenne Italie | Location de v\u00e9los\"},{\"@type\":\"BreadcrumbList\",\"@id\":\"https:\\\/\\\/www.campingreno.it\\\/fr\\\/camping-emilie-romagne-directement-sur-la-mer-services\\\/camping-a-punta-marina-terme-ravenne-italie-location-de-velos\\\/#breadcrumb\",\"itemListElement\":[{\"@type\":\"ListItem\",\"position\":1,\"name\":\"Home\",\"item\":\"https:\\\/\\\/www.campingreno.it\\\/fr\\\/\"},{\"@type\":\"ListItem\",\"position\":2,\"name\":\"Services\",\"item\":\"https:\\\/\\\/www.campingreno.it\\\/fr\\\/camping-emilie-romagne-directement-sur-la-mer-services\\\/\"},{\"@type\":\"ListItem\",\"position\":3,\"name\":\"Location de v\u00e9los\"}]},{\"@type\":\"WebSite\",\"@id\":\"https:\\\/\\\/www.campingreno.it\\\/fr\\\/#website\",\"url\":\"https:\\\/\\\/www.campingreno.it\\\/fr\\\/\",\"name\":\"Camping Reno\",\"description\":\"\",\"publisher\":{\"@id\":\"https:\\\/\\\/www.campingreno.it\\\/fr\\\/#organization\"},\"potentialAction\":[{\"@type\":\"SearchAction\",\"target\":{\"@type\":\"EntryPoint\",\"urlTemplate\":\"https:\\\/\\\/www.campingreno.it\\\/fr\\\/?s={search_term_string}\"},\"query-input\":{\"@type\":\"PropertyValueSpecification\",\"valueRequired\":true,\"valueName\":\"search_term_string\"}}],\"inLanguage\":\"fr-FR\"},{\"@type\":\"Organization\",\"@id\":\"https:\\\/\\\/www.campingreno.it\\\/fr\\\/#organization\",\"name\":\"Camping Reno\",\"url\":\"https:\\\/\\\/www.campingreno.it\\\/fr\\\/\",\"logo\":{\"@type\":\"ImageObject\",\"inLanguage\":\"fr-FR\",\"@id\":\"https:\\\/\\\/www.campingreno.it\\\/fr\\\/#\\\/schema\\\/logo\\\/image\\\/\",\"url\":\"https:\\\/\\\/www.campingreno.it\\\/wp-content\\\/uploads\\\/sites\\\/192\\\/2024\\\/12\\\/logo_reno-no-sfondo-2.png\",\"contentUrl\":\"https:\\\/\\\/www.campingreno.it\\\/wp-content\\\/uploads\\\/sites\\\/192\\\/2024\\\/12\\\/logo_reno-no-sfondo-2.png\",\"width\":567,\"height\":286,\"caption\":\"Camping Reno\"},\"image\":{\"@id\":\"https:\\\/\\\/www.campingreno.it\\\/fr\\\/#\\\/schema\\\/logo\\\/image\\\/\"},\"sameAs\":[\"https:\\\/\\\/facebook.com\\\/tomasitourism\",\"https:\\\/\\\/instagram.com\\\/camping_reno\"]}]}<\/script>\n<!-- \/ Yoast SEO plugin. -->","yoast_head_json":{"title":"Camping \u00e0 Punta Marina Terme Ravenne Italie | Location de v\u00e9los","description":"Service de location de v\u00e9los au Camping Reno, Camping \u00e0 Punta Marina Terme Ravenne Italie, \u00c9milie-Romagne. Et d\u00e9couvrez les Lidos de Ravenne!","robots":{"index":"index","follow":"follow","max-snippet":"max-snippet:-1","max-image-preview":"max-image-preview:large","max-video-preview":"max-video-preview:-1"},"canonical":"https:\/\/www.campingreno.it\/fr\/camping-emilie-romagne-directement-sur-la-mer-services\/camping-a-punta-marina-terme-ravenne-italie-location-de-velos\/","og_locale":"fr_FR","og_type":"article","og_title":"Camping \u00e0 Punta Marina Terme Ravenne Italie | Location de v\u00e9los","og_description":"Service de location de v\u00e9los au Camping Reno, Camping \u00e0 Punta Marina Terme Ravenne Italie, \u00c9milie-Romagne. Et d\u00e9couvrez les Lidos de Ravenne!","og_url":"https:\/\/www.campingreno.it\/fr\/camping-emilie-romagne-directement-sur-la-mer-services\/camping-a-punta-marina-terme-ravenne-italie-location-de-velos\/","og_site_name":"Camping Reno","article_publisher":"https:\/\/facebook.com\/tomasitourism","article_modified_time":"2025-12-19T15:56:15+00:00","og_image":[{"width":300,"height":215,"url":"https:\/\/www.campingreno.it\/wp-content\/uploads\/sites\/192\/2025\/12\/noleggio-bici-camping-reno-300x215-1.jpg","type":"image\/jpeg"}],"twitter_card":"summary_large_image","twitter_misc":{"Dur\u00e9e de lecture estim\u00e9e":"3 minutes"},"schema":{"@context":"https:\/\/schema.org","@graph":[{"@type":"WebPage","@id":"https:\/\/www.campingreno.it\/fr\/camping-emilie-romagne-directement-sur-la-mer-services\/camping-a-punta-marina-terme-ravenne-italie-location-de-velos\/","url":"https:\/\/www.campingreno.it\/fr\/camping-emilie-romagne-directement-sur-la-mer-services\/camping-a-punta-marina-terme-ravenne-italie-location-de-velos\/","name":"Camping \u00e0 Punta Marina Terme Ravenne Italie | Location de v\u00e9los","isPartOf":{"@id":"https:\/\/www.campingreno.it\/fr\/#website"},"primaryImageOfPage":{"@id":"https:\/\/www.campingreno.it\/fr\/camping-emilie-romagne-directement-sur-la-mer-services\/camping-a-punta-marina-terme-ravenne-italie-location-de-velos\/#primaryimage"},"image":{"@id":"https:\/\/www.campingreno.it\/fr\/camping-emilie-romagne-directement-sur-la-mer-services\/camping-a-punta-marina-terme-ravenne-italie-location-de-velos\/#primaryimage"},"thumbnailUrl":"https:\/\/www.campingreno.it\/wp-content\/uploads\/sites\/192\/2025\/12\/noleggio-bici-camping-reno-300x215-1.jpg","datePublished":"2024-12-11T16:33:17+00:00","dateModified":"2025-12-19T15:56:15+00:00","description":"Service de location de v\u00e9los au Camping Reno, Camping \u00e0 Punta Marina Terme Ravenne Italie, \u00c9milie-Romagne. Et d\u00e9couvrez les Lidos de Ravenne!","breadcrumb":{"@id":"https:\/\/www.campingreno.it\/fr\/camping-emilie-romagne-directement-sur-la-mer-services\/camping-a-punta-marina-terme-ravenne-italie-location-de-velos\/#breadcrumb"},"inLanguage":"fr-FR","potentialAction":[{"@type":"ReadAction","target":["https:\/\/www.campingreno.it\/fr\/camping-emilie-romagne-directement-sur-la-mer-services\/camping-a-punta-marina-terme-ravenne-italie-location-de-velos\/"]}]},{"@type":"ImageObject","inLanguage":"fr-FR","@id":"https:\/\/www.campingreno.it\/fr\/camping-emilie-romagne-directement-sur-la-mer-services\/camping-a-punta-marina-terme-ravenne-italie-location-de-velos\/#primaryimage","url":"https:\/\/www.campingreno.it\/wp-content\/uploads\/sites\/192\/2025\/12\/noleggio-bici-camping-reno-300x215-1.jpg","contentUrl":"https:\/\/www.campingreno.it\/wp-content\/uploads\/sites\/192\/2025\/12\/noleggio-bici-camping-reno-300x215-1.jpg","width":300,"height":215,"caption":"Camping \u00e0 Punta Marina Terme Ravenne Italie | Location de v\u00e9los"},{"@type":"BreadcrumbList","@id":"https:\/\/www.campingreno.it\/fr\/camping-emilie-romagne-directement-sur-la-mer-services\/camping-a-punta-marina-terme-ravenne-italie-location-de-velos\/#breadcrumb","itemListElement":[{"@type":"ListItem","position":1,"name":"Home","item":"https:\/\/www.campingreno.it\/fr\/"},{"@type":"ListItem","position":2,"name":"Services","item":"https:\/\/www.campingreno.it\/fr\/camping-emilie-romagne-directement-sur-la-mer-services\/"},{"@type":"ListItem","position":3,"name":"Location de v\u00e9los"}]},{"@type":"WebSite","@id":"https:\/\/www.campingreno.it\/fr\/#website","url":"https:\/\/www.campingreno.it\/fr\/","name":"Camping Reno","description":"","publisher":{"@id":"https:\/\/www.campingreno.it\/fr\/#organization"},"potentialAction":[{"@type":"SearchAction","target":{"@type":"EntryPoint","urlTemplate":"https:\/\/www.campingreno.it\/fr\/?s={search_term_string}"},"query-input":{"@type":"PropertyValueSpecification","valueRequired":true,"valueName":"search_term_string"}}],"inLanguage":"fr-FR"},{"@type":"Organization","@id":"https:\/\/www.campingreno.it\/fr\/#organization","name":"Camping Reno","url":"https:\/\/www.campingreno.it\/fr\/","logo":{"@type":"ImageObject","inLanguage":"fr-FR","@id":"https:\/\/www.campingreno.it\/fr\/#\/schema\/logo\/image\/","url":"https:\/\/www.campingreno.it\/wp-content\/uploads\/sites\/192\/2024\/12\/logo_reno-no-sfondo-2.png","contentUrl":"https:\/\/www.campingreno.it\/wp-content\/uploads\/sites\/192\/2024\/12\/logo_reno-no-sfondo-2.png","width":567,"height":286,"caption":"Camping Reno"},"image":{"@id":"https:\/\/www.campingreno.it\/fr\/#\/schema\/logo\/image\/"},"sameAs":["https:\/\/facebook.com\/tomasitourism","https:\/\/instagram.com\/camping_reno"]}]}},"acf":[],"_links":{"self":[{"href":"https:\/\/www.campingreno.it\/fr\/wp-json\/wp\/v2\/pages\/3563","targetHints":{"allow":["GET"]}}],"collection":[{"href":"https:\/\/www.campingreno.it\/fr\/wp-json\/wp\/v2\/pages"}],"about":[{"href":"https:\/\/www.campingreno.it\/fr\/wp-json\/wp\/v2\/types\/page"}],"author":[{"embeddable":true,"href":"https:\/\/www.campingreno.it\/fr\/wp-json\/wp\/v2\/users\/13"}],"replies":[{"embeddable":true,"href":"https:\/\/www.campingreno.it\/fr\/wp-json\/wp\/v2\/comments?post=3563"}],"version-history":[{"count":0,"href":"https:\/\/www.campingreno.it\/fr\/wp-json\/wp\/v2\/pages\/3563\/revisions"}],"up":[{"embeddable":true,"href":"https:\/\/www.campingreno.it\/fr\/wp-json\/wp\/v2\/pages\/3477"}],"wp:featuredmedia":[{"embeddable":true,"href":"https:\/\/www.campingreno.it\/fr\/wp-json\/wp\/v2\/media\/4556"}],"wp:attachment":[{"href":"https:\/\/www.campingreno.it\/fr\/wp-json\/wp\/v2\/media?parent=3563"}],"curies":[{"name":"wp","href":"https:\/\/api.w.org\/{rel}","templated":true}]}}