   {"id":3566,"date":"2024-12-11T16:06:46","date_gmt":"2024-12-11T16:06:46","guid":{"rendered":"https:\/\/www.campingreno.it\/camping-emilie-romagne-directement-sur-la-mer-services\/camping-low-cost-casal-borsetti-mare-ricarica-elettrica-auto\/"},"modified":"2025-12-19T15:57:29","modified_gmt":"2025-12-19T15:57:29","slug":"camping-cote-adriatique-ravenne-recharge-de-voiture-electrique","status":"publish","type":"page","link":"https:\/\/www.campingreno.it\/fr\/camping-emilie-romagne-directement-sur-la-mer-services\/camping-cote-adriatique-ravenne-recharge-de-voiture-electrique\/","title":{"rendered":"Recharge de voiture \u00e9lectrique"},"content":{"rendered":"<p>Voici comment fonctionne notre service de recharge de voitures \u00e9lectriques au Camping Reno, votre <strong>Camping c\u00f4te Adriatique Ravenne.<\/strong><\/p>\n<p>&nbsp;<\/p>\n<p><strong>Emplacement des bornes de recharge<\/strong><br \/>\nLa borne de recharge pour voitures \u00e9lectriques du camping est situ\u00e9e \u00e0 proximit\u00e9 de la r\u00e9ception.<\/p>\n<p>&nbsp;<\/p>\n<p><strong>Type de borne de recharge<\/strong><br \/>\nNous disposons d&rsquo;une borne standard de 7 kWh.<\/p>\n<p>&nbsp;<\/p>\n<p><strong>Mode d&rsquo;acc\u00e8s et de paiement<\/strong><br \/>\nLe service de recharge au camping est accessible via un tarif fixe de 25 \u20ac pour une recharge pour la nuit enti\u00e8re.<\/p>\n<p>&nbsp;<\/p>\n<p><strong>Acc\u00e8s et utilisation<\/strong><br \/>\nPour utiliser les bornes de recharge, vous devez vous rendre \u00e0 la r\u00e9ception et demander l&rsquo;ouverture de la borne.<\/p>\n<p>&nbsp;<\/p>\n<p><strong>Types de prises<\/strong><br \/>\nLa prise de recharge est de Type 2 (pour les recharges en courant alternatif), la plus courante en Europe.<\/p>\n<p>&nbsp;<\/p>\n<p><strong>Dur\u00e9e de la recharge<\/strong><br \/>\nLa dur\u00e9e de la recharge d\u00e9pend de la puissance de la borne et de la capacit\u00e9 de la batterie du v\u00e9hicule. Une recharge compl\u00e8te \u00e0 partir d&rsquo;une borne standard (par exemple 11 kW) peut prendre entre 4 et 6 heures pour une batterie de capacit\u00e9 moyenne (par exemple 40-60 kWh). Si la borne est de type rapide (50 kW ou plus), le temps de recharge peut \u00eatre consid\u00e9rablement r\u00e9duit, mais ces bornes sont moins courantes dans les campings.<\/p>\n<p>&nbsp;<\/p>\n<p><strong>Durabilit\u00e9<\/strong><br \/>\nLe service de recharge de voitures \u00e9lectriques au Camping Reno, <strong>Camping c\u00f4te Adriatique Ravenne<\/strong>, offre aux voyageurs la possibilit\u00e9 de maintenir leur voiture \u00e9lectrique charg\u00e9e pendant leur s\u00e9jour, rendant un voyage en camping encore plus pratique et durable.<\/p>\n<p>&nbsp;<\/p>\n<p><strong>V\u00c9RIFIEZ D\u00c8S MAINTENANT LA DISPONIBILIT\u00c9 EN LIGNE ET R\u00c9SERVEZ !<\/strong><\/p>\n<p>&nbsp;<\/p>\n<p>D\u00e9couvrez nos <strong>h\u00e9bergements<\/strong> et nos <strong>emplacements.<\/strong><\/p>\n","protected":false},"excerpt":{"rendered":"<p>Voici comment fonctionne notre service de recharge de voitures \u00e9lectriques au Camping Reno, votre Camping c\u00f4te Adriatique Ravenne. &nbsp; Emplacement des bornes de recharge La borne de recharge pour voitures \u00e9lectriques du camping est situ\u00e9e \u00e0 proximit\u00e9 de la r\u00e9ception. &nbsp; Type de borne de recharge Nous disposons d&rsquo;une borne standard de 7 kWh. &nbsp; [&hellip;]<\/p>\n","protected":false},"author":13,"featured_media":4558,"parent":3477,"menu_order":15,"comment_status":"closed","ping_status":"closed","template":"template-service-single.php","meta":{"footnotes":""},"class_list":["post-3566","page","type-page","status-publish","has-post-thumbnail","hentry"],"yoast_head":"<!-- This site is optimized with the Yoast SEO plugin v27.3 - https:\/\/yoast.com\/product\/yoast-seo-wordpress\/ -->\n<title>Camping c\u00f4te Adriatique Ravenne | Recharge de voiture \u00e9lectrique<\/title>\n<meta name=\"description\" content=\"Borne de recharge standard de 7 kWh au Camping Reno, Camping c\u00f4te Adriatique Ravenne, en \u00c9milie-Romagne. Demandez un devis gratuit !\" \/>\n<meta name=\"robots\" content=\"index, follow, max-snippet:-1, max-image-preview:large, max-video-preview:-1\" \/>\n<link rel=\"canonical\" href=\"https:\/\/www.campingreno.it\/fr\/camping-emilie-romagne-directement-sur-la-mer-services\/camping-cote-adriatique-ravenne-recharge-de-voiture-electrique\/\" \/>\n<meta property=\"og:locale\" content=\"fr_FR\" \/>\n<meta property=\"og:type\" content=\"article\" \/>\n<meta property=\"og:title\" content=\"Camping c\u00f4te Adriatique Ravenne | Recharge de voiture \u00e9lectrique\" \/>\n<meta property=\"og:description\" content=\"Borne de recharge standard de 7 kWh au Camping Reno, Camping c\u00f4te Adriatique Ravenne, en \u00c9milie-Romagne. Demandez un devis gratuit !\" \/>\n<meta property=\"og:url\" content=\"https:\/\/www.campingreno.it\/fr\/camping-emilie-romagne-directement-sur-la-mer-services\/camping-cote-adriatique-ravenne-recharge-de-voiture-electrique\/\" \/>\n<meta property=\"og:site_name\" content=\"Camping Reno\" \/>\n<meta property=\"article:publisher\" content=\"https:\/\/facebook.com\/tomasitourism\" \/>\n<meta property=\"article:modified_time\" content=\"2025-12-19T15:57:29+00:00\" \/>\n<meta property=\"og:image\" content=\"https:\/\/www.campingreno.it\/wp-content\/uploads\/sites\/192\/2025\/12\/360_F_51033758_JLRFbeV8qXRePj0r0v2HTweH6nNS4xWD.jpg\" \/>\n\t<meta property=\"og:image:width\" content=\"541\" \/>\n\t<meta property=\"og:image:height\" content=\"360\" \/>\n\t<meta property=\"og:image:type\" content=\"image\/jpeg\" \/>\n<meta name=\"twitter:card\" content=\"summary_large_image\" \/>\n<meta name=\"twitter:label1\" content=\"Dur\u00e9e de lecture estim\u00e9e\" \/>\n\t<meta name=\"twitter:data1\" content=\"2 minutes\" \/>\n<script type=\"application\/ld+json\" class=\"yoast-schema-graph\">{\"@context\":\"https:\\\/\\\/schema.org\",\"@graph\":[{\"@type\":\"WebPage\",\"@id\":\"https:\\\/\\\/www.campingreno.it\\\/fr\\\/camping-emilie-romagne-directement-sur-la-mer-services\\\/camping-cote-adriatique-ravenne-recharge-de-voiture-electrique\\\/\",\"url\":\"https:\\\/\\\/www.campingreno.it\\\/fr\\\/camping-emilie-romagne-directement-sur-la-mer-services\\\/camping-cote-adriatique-ravenne-recharge-de-voiture-electrique\\\/\",\"name\":\"Camping c\u00f4te Adriatique Ravenne | Recharge de voiture \u00e9lectrique\",\"isPartOf\":{\"@id\":\"https:\\\/\\\/www.campingreno.it\\\/fr\\\/#website\"},\"primaryImageOfPage\":{\"@id\":\"https:\\\/\\\/www.campingreno.it\\\/fr\\\/camping-emilie-romagne-directement-sur-la-mer-services\\\/camping-cote-adriatique-ravenne-recharge-de-voiture-electrique\\\/#primaryimage\"},\"image\":{\"@id\":\"https:\\\/\\\/www.campingreno.it\\\/fr\\\/camping-emilie-romagne-directement-sur-la-mer-services\\\/camping-cote-adriatique-ravenne-recharge-de-voiture-electrique\\\/#primaryimage\"},\"thumbnailUrl\":\"https:\\\/\\\/www.campingreno.it\\\/wp-content\\\/uploads\\\/sites\\\/192\\\/2025\\\/12\\\/360_F_51033758_JLRFbeV8qXRePj0r0v2HTweH6nNS4xWD.jpg\",\"datePublished\":\"2024-12-11T16:06:46+00:00\",\"dateModified\":\"2025-12-19T15:57:29+00:00\",\"description\":\"Borne de recharge standard de 7 kWh au Camping Reno, Camping c\u00f4te Adriatique Ravenne, en \u00c9milie-Romagne. Demandez un devis gratuit !\",\"breadcrumb\":{\"@id\":\"https:\\\/\\\/www.campingreno.it\\\/fr\\\/camping-emilie-romagne-directement-sur-la-mer-services\\\/camping-cote-adriatique-ravenne-recharge-de-voiture-electrique\\\/#breadcrumb\"},\"inLanguage\":\"fr-FR\",\"potentialAction\":[{\"@type\":\"ReadAction\",\"target\":[\"https:\\\/\\\/www.campingreno.it\\\/fr\\\/camping-emilie-romagne-directement-sur-la-mer-services\\\/camping-cote-adriatique-ravenne-recharge-de-voiture-electrique\\\/\"]}]},{\"@type\":\"ImageObject\",\"inLanguage\":\"fr-FR\",\"@id\":\"https:\\\/\\\/www.campingreno.it\\\/fr\\\/camping-emilie-romagne-directement-sur-la-mer-services\\\/camping-cote-adriatique-ravenne-recharge-de-voiture-electrique\\\/#primaryimage\",\"url\":\"https:\\\/\\\/www.campingreno.it\\\/wp-content\\\/uploads\\\/sites\\\/192\\\/2025\\\/12\\\/360_F_51033758_JLRFbeV8qXRePj0r0v2HTweH6nNS4xWD.jpg\",\"contentUrl\":\"https:\\\/\\\/www.campingreno.it\\\/wp-content\\\/uploads\\\/sites\\\/192\\\/2025\\\/12\\\/360_F_51033758_JLRFbeV8qXRePj0r0v2HTweH6nNS4xWD.jpg\",\"width\":541,\"height\":360,\"caption\":\"Camping c\u00f4te Adriatique Ravenne | Recharge de voiture \u00e9lectrique\"},{\"@type\":\"BreadcrumbList\",\"@id\":\"https:\\\/\\\/www.campingreno.it\\\/fr\\\/camping-emilie-romagne-directement-sur-la-mer-services\\\/camping-cote-adriatique-ravenne-recharge-de-voiture-electrique\\\/#breadcrumb\",\"itemListElement\":[{\"@type\":\"ListItem\",\"position\":1,\"name\":\"Home\",\"item\":\"https:\\\/\\\/www.campingreno.it\\\/fr\\\/\"},{\"@type\":\"ListItem\",\"position\":2,\"name\":\"Services\",\"item\":\"https:\\\/\\\/www.campingreno.it\\\/fr\\\/camping-emilie-romagne-directement-sur-la-mer-services\\\/\"},{\"@type\":\"ListItem\",\"position\":3,\"name\":\"Recharge de voiture \u00e9lectrique\"}]},{\"@type\":\"WebSite\",\"@id\":\"https:\\\/\\\/www.campingreno.it\\\/fr\\\/#website\",\"url\":\"https:\\\/\\\/www.campingreno.it\\\/fr\\\/\",\"name\":\"Camping Reno\",\"description\":\"\",\"publisher\":{\"@id\":\"https:\\\/\\\/www.campingreno.it\\\/fr\\\/#organization\"},\"potentialAction\":[{\"@type\":\"SearchAction\",\"target\":{\"@type\":\"EntryPoint\",\"urlTemplate\":\"https:\\\/\\\/www.campingreno.it\\\/fr\\\/?s={search_term_string}\"},\"query-input\":{\"@type\":\"PropertyValueSpecification\",\"valueRequired\":true,\"valueName\":\"search_term_string\"}}],\"inLanguage\":\"fr-FR\"},{\"@type\":\"Organization\",\"@id\":\"https:\\\/\\\/www.campingreno.it\\\/fr\\\/#organization\",\"name\":\"Camping Reno\",\"url\":\"https:\\\/\\\/www.campingreno.it\\\/fr\\\/\",\"logo\":{\"@type\":\"ImageObject\",\"inLanguage\":\"fr-FR\",\"@id\":\"https:\\\/\\\/www.campingreno.it\\\/fr\\\/#\\\/schema\\\/logo\\\/image\\\/\",\"url\":\"https:\\\/\\\/www.campingreno.it\\\/wp-content\\\/uploads\\\/sites\\\/192\\\/2024\\\/12\\\/logo_reno-no-sfondo-2.png\",\"contentUrl\":\"https:\\\/\\\/www.campingreno.it\\\/wp-content\\\/uploads\\\/sites\\\/192\\\/2024\\\/12\\\/logo_reno-no-sfondo-2.png\",\"width\":567,\"height\":286,\"caption\":\"Camping Reno\"},\"image\":{\"@id\":\"https:\\\/\\\/www.campingreno.it\\\/fr\\\/#\\\/schema\\\/logo\\\/image\\\/\"},\"sameAs\":[\"https:\\\/\\\/facebook.com\\\/tomasitourism\",\"https:\\\/\\\/instagram.com\\\/camping_reno\"]}]}<\/script>\n<!-- \/ Yoast SEO plugin. -->","yoast_head_json":{"title":"Camping c\u00f4te Adriatique Ravenne | Recharge de voiture \u00e9lectrique","description":"Borne de recharge standard de 7 kWh au Camping Reno, Camping c\u00f4te Adriatique Ravenne, en \u00c9milie-Romagne. Demandez un devis gratuit !","robots":{"index":"index","follow":"follow","max-snippet":"max-snippet:-1","max-image-preview":"max-image-preview:large","max-video-preview":"max-video-preview:-1"},"canonical":"https:\/\/www.campingreno.it\/fr\/camping-emilie-romagne-directement-sur-la-mer-services\/camping-cote-adriatique-ravenne-recharge-de-voiture-electrique\/","og_locale":"fr_FR","og_type":"article","og_title":"Camping c\u00f4te Adriatique Ravenne | Recharge de voiture \u00e9lectrique","og_description":"Borne de recharge standard de 7 kWh au Camping Reno, Camping c\u00f4te Adriatique Ravenne, en \u00c9milie-Romagne. Demandez un devis gratuit !","og_url":"https:\/\/www.campingreno.it\/fr\/camping-emilie-romagne-directement-sur-la-mer-services\/camping-cote-adriatique-ravenne-recharge-de-voiture-electrique\/","og_site_name":"Camping Reno","article_publisher":"https:\/\/facebook.com\/tomasitourism","article_modified_time":"2025-12-19T15:57:29+00:00","og_image":[{"width":541,"height":360,"url":"https:\/\/www.campingreno.it\/wp-content\/uploads\/sites\/192\/2025\/12\/360_F_51033758_JLRFbeV8qXRePj0r0v2HTweH6nNS4xWD.jpg","type":"image\/jpeg"}],"twitter_card":"summary_large_image","twitter_misc":{"Dur\u00e9e de lecture estim\u00e9e":"2 minutes"},"schema":{"@context":"https:\/\/schema.org","@graph":[{"@type":"WebPage","@id":"https:\/\/www.campingreno.it\/fr\/camping-emilie-romagne-directement-sur-la-mer-services\/camping-cote-adriatique-ravenne-recharge-de-voiture-electrique\/","url":"https:\/\/www.campingreno.it\/fr\/camping-emilie-romagne-directement-sur-la-mer-services\/camping-cote-adriatique-ravenne-recharge-de-voiture-electrique\/","name":"Camping c\u00f4te Adriatique Ravenne | Recharge de voiture \u00e9lectrique","isPartOf":{"@id":"https:\/\/www.campingreno.it\/fr\/#website"},"primaryImageOfPage":{"@id":"https:\/\/www.campingreno.it\/fr\/camping-emilie-romagne-directement-sur-la-mer-services\/camping-cote-adriatique-ravenne-recharge-de-voiture-electrique\/#primaryimage"},"image":{"@id":"https:\/\/www.campingreno.it\/fr\/camping-emilie-romagne-directement-sur-la-mer-services\/camping-cote-adriatique-ravenne-recharge-de-voiture-electrique\/#primaryimage"},"thumbnailUrl":"https:\/\/www.campingreno.it\/wp-content\/uploads\/sites\/192\/2025\/12\/360_F_51033758_JLRFbeV8qXRePj0r0v2HTweH6nNS4xWD.jpg","datePublished":"2024-12-11T16:06:46+00:00","dateModified":"2025-12-19T15:57:29+00:00","description":"Borne de recharge standard de 7 kWh au Camping Reno, Camping c\u00f4te Adriatique Ravenne, en \u00c9milie-Romagne. Demandez un devis gratuit !","breadcrumb":{"@id":"https:\/\/www.campingreno.it\/fr\/camping-emilie-romagne-directement-sur-la-mer-services\/camping-cote-adriatique-ravenne-recharge-de-voiture-electrique\/#breadcrumb"},"inLanguage":"fr-FR","potentialAction":[{"@type":"ReadAction","target":["https:\/\/www.campingreno.it\/fr\/camping-emilie-romagne-directement-sur-la-mer-services\/camping-cote-adriatique-ravenne-recharge-de-voiture-electrique\/"]}]},{"@type":"ImageObject","inLanguage":"fr-FR","@id":"https:\/\/www.campingreno.it\/fr\/camping-emilie-romagne-directement-sur-la-mer-services\/camping-cote-adriatique-ravenne-recharge-de-voiture-electrique\/#primaryimage","url":"https:\/\/www.campingreno.it\/wp-content\/uploads\/sites\/192\/2025\/12\/360_F_51033758_JLRFbeV8qXRePj0r0v2HTweH6nNS4xWD.jpg","contentUrl":"https:\/\/www.campingreno.it\/wp-content\/uploads\/sites\/192\/2025\/12\/360_F_51033758_JLRFbeV8qXRePj0r0v2HTweH6nNS4xWD.jpg","width":541,"height":360,"caption":"Camping c\u00f4te Adriatique Ravenne | Recharge de voiture \u00e9lectrique"},{"@type":"BreadcrumbList","@id":"https:\/\/www.campingreno.it\/fr\/camping-emilie-romagne-directement-sur-la-mer-services\/camping-cote-adriatique-ravenne-recharge-de-voiture-electrique\/#breadcrumb","itemListElement":[{"@type":"ListItem","position":1,"name":"Home","item":"https:\/\/www.campingreno.it\/fr\/"},{"@type":"ListItem","position":2,"name":"Services","item":"https:\/\/www.campingreno.it\/fr\/camping-emilie-romagne-directement-sur-la-mer-services\/"},{"@type":"ListItem","position":3,"name":"Recharge de voiture \u00e9lectrique"}]},{"@type":"WebSite","@id":"https:\/\/www.campingreno.it\/fr\/#website","url":"https:\/\/www.campingreno.it\/fr\/","name":"Camping Reno","description":"","publisher":{"@id":"https:\/\/www.campingreno.it\/fr\/#organization"},"potentialAction":[{"@type":"SearchAction","target":{"@type":"EntryPoint","urlTemplate":"https:\/\/www.campingreno.it\/fr\/?s={search_term_string}"},"query-input":{"@type":"PropertyValueSpecification","valueRequired":true,"valueName":"search_term_string"}}],"inLanguage":"fr-FR"},{"@type":"Organization","@id":"https:\/\/www.campingreno.it\/fr\/#organization","name":"Camping Reno","url":"https:\/\/www.campingreno.it\/fr\/","logo":{"@type":"ImageObject","inLanguage":"fr-FR","@id":"https:\/\/www.campingreno.it\/fr\/#\/schema\/logo\/image\/","url":"https:\/\/www.campingreno.it\/wp-content\/uploads\/sites\/192\/2024\/12\/logo_reno-no-sfondo-2.png","contentUrl":"https:\/\/www.campingreno.it\/wp-content\/uploads\/sites\/192\/2024\/12\/logo_reno-no-sfondo-2.png","width":567,"height":286,"caption":"Camping Reno"},"image":{"@id":"https:\/\/www.campingreno.it\/fr\/#\/schema\/logo\/image\/"},"sameAs":["https:\/\/facebook.com\/tomasitourism","https:\/\/instagram.com\/camping_reno"]}]}},"acf":[],"_links":{"self":[{"href":"https:\/\/www.campingreno.it\/fr\/wp-json\/wp\/v2\/pages\/3566","targetHints":{"allow":["GET"]}}],"collection":[{"href":"https:\/\/www.campingreno.it\/fr\/wp-json\/wp\/v2\/pages"}],"about":[{"href":"https:\/\/www.campingreno.it\/fr\/wp-json\/wp\/v2\/types\/page"}],"author":[{"embeddable":true,"href":"https:\/\/www.campingreno.it\/fr\/wp-json\/wp\/v2\/users\/13"}],"replies":[{"embeddable":true,"href":"https:\/\/www.campingreno.it\/fr\/wp-json\/wp\/v2\/comments?post=3566"}],"version-history":[{"count":0,"href":"https:\/\/www.campingreno.it\/fr\/wp-json\/wp\/v2\/pages\/3566\/revisions"}],"up":[{"embeddable":true,"href":"https:\/\/www.campingreno.it\/fr\/wp-json\/wp\/v2\/pages\/3477"}],"wp:featuredmedia":[{"embeddable":true,"href":"https:\/\/www.campingreno.it\/fr\/wp-json\/wp\/v2\/media\/4558"}],"wp:attachment":[{"href":"https:\/\/www.campingreno.it\/fr\/wp-json\/wp\/v2\/media?parent=3566"}],"curies":[{"name":"wp","href":"https:\/\/api.w.org\/{rel}","templated":true}]}}