   {"id":3587,"date":"2025-01-09T11:00:54","date_gmt":"2025-01-09T11:00:54","guid":{"rendered":"https:\/\/www.campingreno.it\/campeggio-ravenna-cosa-visitare-emilia-romagna-mare\/"},"modified":"2025-12-22T10:29:17","modified_gmt":"2025-12-22T10:29:17","slug":"camping-italie-ravenna-directement-sur-la-mer-que-visiter","status":"publish","type":"page","link":"https:\/\/www.campingreno.it\/fr\/camping-italie-ravenna-directement-sur-la-mer-que-visiter\/","title":{"rendered":"Que visiter"},"content":{"rendered":"<p><strong>Camping Italie Ravenna Directement sur la mer<\/strong>: Que visiter en \u00c9milie-Romagne?<br \/>\n<strong>Ravenne<\/strong>, <strong>Comacchio<\/strong>, <strong>Ferrare<\/strong> sont les villes d&rsquo;art \u00e0 proximit\u00e9, de 10 \u00e0 40 minutes en voiture.<\/p>\n<p>&nbsp;<\/p>\n<p><strong>Les cappelletti<\/strong>, les <strong>passatelli<\/strong>, la <strong>mortadella<\/strong>, les <strong>tagliatelles al rag\u00f9 bolognese<\/strong>, la <strong>piadina romagnola<\/strong> fra\u00eeche, le stracchino, ne sont que quelques-uns des produits typiques de notre r\u00e9gion.<\/p>\n<p>&nbsp;<\/p>\n<p>Et entre deux bouch\u00e9es, vous pourrez d\u00e9couvrir la <strong>Tombe de Dante Alighieri<\/strong>, l&rsquo;extraordinaire <strong>basilique byzantine de San Vitale<\/strong> avec ses mosa\u00efques uniques au monde, les <strong>3 ponts de Comacchio<\/strong>, le <strong>ch\u00e2teau d&rsquo;Este \u00e0 Ferrare<\/strong> et bien plus encore.<\/p>\n<p>&nbsp;<\/p>\n<p><strong>V\u00c9RIFIEZ LA DISPONIBILIT\u00c9 MAINTENANT<\/strong><\/p>\n<p>&nbsp;<\/p>\n<p>Au Camping Reno, <strong>Camping Italie Ravenna Directement sur la mer<\/strong>, Des <strong>bungalows<\/strong> et des <strong>emplacements<\/strong> sont \u00e0 la disposition de nos h\u00f4tes.<\/p>\n","protected":false},"excerpt":{"rendered":"<p>Camping Italie Ravenna Directement sur la mer: Que visiter en \u00c9milie-Romagne? Ravenne, Comacchio, Ferrare sont les villes d&rsquo;art \u00e0 proximit\u00e9, de 10 \u00e0 40 minutes en voiture. &nbsp; Les cappelletti, les passatelli, la mortadella, les tagliatelles al rag\u00f9 bolognese, la piadina romagnola fra\u00eeche, le stracchino, ne sont que quelques-uns des produits typiques de notre r\u00e9gion. [&hellip;]<\/p>\n","protected":false},"author":13,"featured_media":4563,"parent":0,"menu_order":100,"comment_status":"closed","ping_status":"closed","template":"","meta":{"footnotes":""},"yoast_head":"<!-- This site is optimized with the Yoast SEO plugin v22.3 - https:\/\/yoast.com\/wordpress\/plugins\/seo\/ -->\n<title>Camping Italie Ravenna Directement sur la mer | Que visiter<\/title>\n<meta name=\"description\" content=\"Que visiter si vous cherchez un Camping Italie Ravenna Directement sur la mer ? Demandez un devis sans engagement!\" \/>\n<meta name=\"robots\" content=\"index, follow, max-snippet:-1, max-image-preview:large, max-video-preview:-1\" \/>\n<link rel=\"canonical\" href=\"https:\/\/www.campingreno.it\/fr\/camping-italie-ravenna-directement-sur-la-mer-que-visiter\/\" \/>\n<meta property=\"og:locale\" content=\"fr_FR\" \/>\n<meta property=\"og:type\" content=\"article\" \/>\n<meta property=\"og:title\" content=\"Camping Italie Ravenna Directement sur la mer | Que visiter\" \/>\n<meta property=\"og:description\" content=\"Que visiter si vous cherchez un Camping Italie Ravenna Directement sur la mer ? Demandez un devis sans engagement!\" \/>\n<meta property=\"og:url\" content=\"https:\/\/www.campingreno.it\/fr\/camping-italie-ravenna-directement-sur-la-mer-que-visiter\/\" \/>\n<meta property=\"og:site_name\" content=\"Camping Reno\" \/>\n<meta property=\"article:publisher\" content=\"https:\/\/facebook.com\/tomasitourism\" \/>\n<meta property=\"article:modified_time\" content=\"2025-12-22T10:29:17+00:00\" \/>\n<meta property=\"og:image\" content=\"https:\/\/www.campingreno.it\/wp-content\/uploads\/sites\/192\/2025\/12\/ravenna-basilica-san-vitale-ph-visual-intermezzo-shutterstock_1277850160-1.jpg\" \/>\n\t<meta property=\"og:image:width\" content=\"1200\" \/>\n\t<meta property=\"og:image:height\" content=\"800\" \/>\n\t<meta property=\"og:image:type\" content=\"image\/jpeg\" \/>\n<meta name=\"twitter:card\" content=\"summary_large_image\" \/>\n<meta name=\"twitter:label1\" content=\"Dur\u00e9e de lecture estim\u00e9e\" \/>\n\t<meta name=\"twitter:data1\" content=\"1 minute\" \/>\n<script type=\"application\/ld+json\" class=\"yoast-schema-graph\">{\"@context\":\"https:\/\/schema.org\",\"@graph\":[{\"@type\":\"WebPage\",\"@id\":\"https:\/\/www.campingreno.it\/fr\/camping-italie-ravenna-directement-sur-la-mer-que-visiter\/\",\"url\":\"https:\/\/www.campingreno.it\/fr\/camping-italie-ravenna-directement-sur-la-mer-que-visiter\/\",\"name\":\"Camping Italie Ravenna Directement sur la mer | Que visiter\",\"isPartOf\":{\"@id\":\"https:\/\/www.campingreno.it\/fr\/#website\"},\"primaryImageOfPage\":{\"@id\":\"https:\/\/www.campingreno.it\/fr\/camping-italie-ravenna-directement-sur-la-mer-que-visiter\/#primaryimage\"},\"image\":{\"@id\":\"https:\/\/www.campingreno.it\/fr\/camping-italie-ravenna-directement-sur-la-mer-que-visiter\/#primaryimage\"},\"thumbnailUrl\":\"https:\/\/www.campingreno.it\/wp-content\/uploads\/sites\/192\/2025\/12\/ravenna-basilica-san-vitale-ph-visual-intermezzo-shutterstock_1277850160-1.jpg\",\"datePublished\":\"2025-01-09T11:00:54+00:00\",\"dateModified\":\"2025-12-22T10:29:17+00:00\",\"description\":\"Que visiter si vous cherchez un Camping Italie Ravenna Directement sur la mer ? Demandez un devis sans engagement!\",\"breadcrumb\":{\"@id\":\"https:\/\/www.campingreno.it\/fr\/camping-italie-ravenna-directement-sur-la-mer-que-visiter\/#breadcrumb\"},\"inLanguage\":\"fr-FR\",\"potentialAction\":[{\"@type\":\"ReadAction\",\"target\":[\"https:\/\/www.campingreno.it\/fr\/camping-italie-ravenna-directement-sur-la-mer-que-visiter\/\"]}]},{\"@type\":\"ImageObject\",\"inLanguage\":\"fr-FR\",\"@id\":\"https:\/\/www.campingreno.it\/fr\/camping-italie-ravenna-directement-sur-la-mer-que-visiter\/#primaryimage\",\"url\":\"https:\/\/www.campingreno.it\/wp-content\/uploads\/sites\/192\/2025\/12\/ravenna-basilica-san-vitale-ph-visual-intermezzo-shutterstock_1277850160-1.jpg\",\"contentUrl\":\"https:\/\/www.campingreno.it\/wp-content\/uploads\/sites\/192\/2025\/12\/ravenna-basilica-san-vitale-ph-visual-intermezzo-shutterstock_1277850160-1.jpg\",\"width\":1200,\"height\":800,\"caption\":\"Camping Italie Ravenna Directement sur la mer | Que visiter\"},{\"@type\":\"BreadcrumbList\",\"@id\":\"https:\/\/www.campingreno.it\/fr\/camping-italie-ravenna-directement-sur-la-mer-que-visiter\/#breadcrumb\",\"itemListElement\":[{\"@type\":\"ListItem\",\"position\":1,\"name\":\"Home\",\"item\":\"https:\/\/www.campingreno.it\/fr\/\"},{\"@type\":\"ListItem\",\"position\":2,\"name\":\"Que visiter\"}]},{\"@type\":\"WebSite\",\"@id\":\"https:\/\/www.campingreno.it\/fr\/#website\",\"url\":\"https:\/\/www.campingreno.it\/fr\/\",\"name\":\"Camping Reno\",\"description\":\"\",\"publisher\":{\"@id\":\"https:\/\/www.campingreno.it\/fr\/#organization\"},\"potentialAction\":[{\"@type\":\"SearchAction\",\"target\":{\"@type\":\"EntryPoint\",\"urlTemplate\":\"https:\/\/www.campingreno.it\/fr\/?s={search_term_string}\"},\"query-input\":\"required name=search_term_string\"}],\"inLanguage\":\"fr-FR\"},{\"@type\":\"Organization\",\"@id\":\"https:\/\/www.campingreno.it\/fr\/#organization\",\"name\":\"Camping Reno\",\"url\":\"https:\/\/www.campingreno.it\/fr\/\",\"logo\":{\"@type\":\"ImageObject\",\"inLanguage\":\"fr-FR\",\"@id\":\"https:\/\/www.campingreno.it\/fr\/#\/schema\/logo\/image\/\",\"url\":\"https:\/\/www.campingreno.it\/wp-content\/uploads\/sites\/192\/2024\/12\/logo_reno-no-sfondo-2.png\",\"contentUrl\":\"https:\/\/www.campingreno.it\/wp-content\/uploads\/sites\/192\/2024\/12\/logo_reno-no-sfondo-2.png\",\"width\":567,\"height\":286,\"caption\":\"Camping Reno\"},\"image\":{\"@id\":\"https:\/\/www.campingreno.it\/fr\/#\/schema\/logo\/image\/\"},\"sameAs\":[\"https:\/\/facebook.com\/tomasitourism\",\"https:\/\/instagram.com\/camping_reno\"]}]}<\/script>\n<!-- \/ Yoast SEO plugin. -->","yoast_head_json":{"title":"Camping Italie Ravenna Directement sur la mer | Que visiter","description":"Que visiter si vous cherchez un Camping Italie Ravenna Directement sur la mer ? Demandez un devis sans engagement!","robots":{"index":"index","follow":"follow","max-snippet":"max-snippet:-1","max-image-preview":"max-image-preview:large","max-video-preview":"max-video-preview:-1"},"canonical":"https:\/\/www.campingreno.it\/fr\/camping-italie-ravenna-directement-sur-la-mer-que-visiter\/","og_locale":"fr_FR","og_type":"article","og_title":"Camping Italie Ravenna Directement sur la mer | Que visiter","og_description":"Que visiter si vous cherchez un Camping Italie Ravenna Directement sur la mer ? Demandez un devis sans engagement!","og_url":"https:\/\/www.campingreno.it\/fr\/camping-italie-ravenna-directement-sur-la-mer-que-visiter\/","og_site_name":"Camping Reno","article_publisher":"https:\/\/facebook.com\/tomasitourism","article_modified_time":"2025-12-22T10:29:17+00:00","og_image":[{"width":1200,"height":800,"url":"https:\/\/www.campingreno.it\/wp-content\/uploads\/sites\/192\/2025\/12\/ravenna-basilica-san-vitale-ph-visual-intermezzo-shutterstock_1277850160-1.jpg","type":"image\/jpeg"}],"twitter_card":"summary_large_image","twitter_misc":{"Dur\u00e9e de lecture estim\u00e9e":"1 minute"},"schema":{"@context":"https:\/\/schema.org","@graph":[{"@type":"WebPage","@id":"https:\/\/www.campingreno.it\/fr\/camping-italie-ravenna-directement-sur-la-mer-que-visiter\/","url":"https:\/\/www.campingreno.it\/fr\/camping-italie-ravenna-directement-sur-la-mer-que-visiter\/","name":"Camping Italie Ravenna Directement sur la mer | Que visiter","isPartOf":{"@id":"https:\/\/www.campingreno.it\/fr\/#website"},"primaryImageOfPage":{"@id":"https:\/\/www.campingreno.it\/fr\/camping-italie-ravenna-directement-sur-la-mer-que-visiter\/#primaryimage"},"image":{"@id":"https:\/\/www.campingreno.it\/fr\/camping-italie-ravenna-directement-sur-la-mer-que-visiter\/#primaryimage"},"thumbnailUrl":"https:\/\/www.campingreno.it\/wp-content\/uploads\/sites\/192\/2025\/12\/ravenna-basilica-san-vitale-ph-visual-intermezzo-shutterstock_1277850160-1.jpg","datePublished":"2025-01-09T11:00:54+00:00","dateModified":"2025-12-22T10:29:17+00:00","description":"Que visiter si vous cherchez un Camping Italie Ravenna Directement sur la mer ? Demandez un devis sans engagement!","breadcrumb":{"@id":"https:\/\/www.campingreno.it\/fr\/camping-italie-ravenna-directement-sur-la-mer-que-visiter\/#breadcrumb"},"inLanguage":"fr-FR","potentialAction":[{"@type":"ReadAction","target":["https:\/\/www.campingreno.it\/fr\/camping-italie-ravenna-directement-sur-la-mer-que-visiter\/"]}]},{"@type":"ImageObject","inLanguage":"fr-FR","@id":"https:\/\/www.campingreno.it\/fr\/camping-italie-ravenna-directement-sur-la-mer-que-visiter\/#primaryimage","url":"https:\/\/www.campingreno.it\/wp-content\/uploads\/sites\/192\/2025\/12\/ravenna-basilica-san-vitale-ph-visual-intermezzo-shutterstock_1277850160-1.jpg","contentUrl":"https:\/\/www.campingreno.it\/wp-content\/uploads\/sites\/192\/2025\/12\/ravenna-basilica-san-vitale-ph-visual-intermezzo-shutterstock_1277850160-1.jpg","width":1200,"height":800,"caption":"Camping Italie Ravenna Directement sur la mer | Que visiter"},{"@type":"BreadcrumbList","@id":"https:\/\/www.campingreno.it\/fr\/camping-italie-ravenna-directement-sur-la-mer-que-visiter\/#breadcrumb","itemListElement":[{"@type":"ListItem","position":1,"name":"Home","item":"https:\/\/www.campingreno.it\/fr\/"},{"@type":"ListItem","position":2,"name":"Que visiter"}]},{"@type":"WebSite","@id":"https:\/\/www.campingreno.it\/fr\/#website","url":"https:\/\/www.campingreno.it\/fr\/","name":"Camping Reno","description":"","publisher":{"@id":"https:\/\/www.campingreno.it\/fr\/#organization"},"potentialAction":[{"@type":"SearchAction","target":{"@type":"EntryPoint","urlTemplate":"https:\/\/www.campingreno.it\/fr\/?s={search_term_string}"},"query-input":"required name=search_term_string"}],"inLanguage":"fr-FR"},{"@type":"Organization","@id":"https:\/\/www.campingreno.it\/fr\/#organization","name":"Camping Reno","url":"https:\/\/www.campingreno.it\/fr\/","logo":{"@type":"ImageObject","inLanguage":"fr-FR","@id":"https:\/\/www.campingreno.it\/fr\/#\/schema\/logo\/image\/","url":"https:\/\/www.campingreno.it\/wp-content\/uploads\/sites\/192\/2024\/12\/logo_reno-no-sfondo-2.png","contentUrl":"https:\/\/www.campingreno.it\/wp-content\/uploads\/sites\/192\/2024\/12\/logo_reno-no-sfondo-2.png","width":567,"height":286,"caption":"Camping Reno"},"image":{"@id":"https:\/\/www.campingreno.it\/fr\/#\/schema\/logo\/image\/"},"sameAs":["https:\/\/facebook.com\/tomasitourism","https:\/\/instagram.com\/camping_reno"]}]}},"acf":[],"_links":{"self":[{"href":"https:\/\/www.campingreno.it\/fr\/wp-json\/wp\/v2\/pages\/3587"}],"collection":[{"href":"https:\/\/www.campingreno.it\/fr\/wp-json\/wp\/v2\/pages"}],"about":[{"href":"https:\/\/www.campingreno.it\/fr\/wp-json\/wp\/v2\/types\/page"}],"author":[{"embeddable":true,"href":"https:\/\/www.campingreno.it\/fr\/wp-json\/wp\/v2\/users\/13"}],"replies":[{"embeddable":true,"href":"https:\/\/www.campingreno.it\/fr\/wp-json\/wp\/v2\/comments?post=3587"}],"version-history":[{"count":0,"href":"https:\/\/www.campingreno.it\/fr\/wp-json\/wp\/v2\/pages\/3587\/revisions"}],"wp:featuredmedia":[{"embeddable":true,"href":"https:\/\/www.campingreno.it\/fr\/wp-json\/wp\/v2\/media\/4563"}],"wp:attachment":[{"href":"https:\/\/www.campingreno.it\/fr\/wp-json\/wp\/v2\/media?parent=3587"}],"curies":[{"name":"wp","href":"https:\/\/api.w.org\/{rel}","templated":true}]}}