   {"id":3600,"date":"2025-01-24T13:45:14","date_gmt":"2025-01-24T13:45:14","guid":{"rendered":"https:\/\/www.campingreno.it\/camping-italie-ravenna-directement-sur-la-mer-que-visiter\/camping-ravenne-italie-sur-la-mer-villes-dart-a-visiter\/campeggio-vicino-ravenna\/"},"modified":"2025-12-22T10:48:29","modified_gmt":"2025-12-22T10:48:29","slug":"camping-sur-la-mer-ravenne-italie-visitez-la-ville-dart-de-ravenne","status":"publish","type":"page","link":"https:\/\/www.campingreno.it\/fr\/camping-italie-ravenna-directement-sur-la-mer-que-visiter\/camping-ravenne-italie-sur-la-mer-villes-dart-a-visiter\/camping-sur-la-mer-ravenne-italie-visitez-la-ville-dart-de-ravenne\/","title":{"rendered":"Ravenne"},"content":{"rendered":"<p>Voici quelques endroits extraordinaires \u00e0 ne pas manquer absolument, si vous d\u00e9cidez de s\u00e9journer au Camping Reno, <strong>Camping sur la mer Ravenne Italie.<\/strong><\/p>\n<p>&nbsp;<\/p>\n<p>Ravenne est une <strong>ville riche en histoire et en art<\/strong>, c\u00e9l\u00e8bre pour ses <strong>mosa\u00efques byzantines et ses monuments historiques<\/strong>. Voici quelques-uns des principaux lieux \u00e0 visiter :<\/p>\n<ul>\n<li><strong>Basilique de San Vitale:<\/strong> Un chef-d&rsquo;\u0153uvre de l&rsquo;art byzantin, c\u00e9l\u00e8bre pour ses extraordinaires mosa\u00efques qui d\u00e9corent l&rsquo;int\u00e9rieur, y compris celles repr\u00e9sentant l&rsquo;Empereur Justinien et sa cour.<\/li>\n<li><strong>Mausol\u00e9e de Galla Placidia :<\/strong> Un petit mais magnifique mausol\u00e9e qui abrite d&rsquo;extraordinaires mosa\u00efques, y compris celle de la vo\u00fbte avec le ciel \u00e9toil\u00e9, un magnifique exemple d&rsquo;art byzantin.<\/li>\n<li><strong>Basilique de Sant&rsquo;Apollonia in Classe :<\/strong> Situ\u00e9e dans la r\u00e9gion de Classe, en dehors du centre-ville, elle est c\u00e9l\u00e8bre pour ses mosa\u00efques repr\u00e9sentant des sc\u00e8nes religieuses et des figures de saints.<\/li>\n<li><strong>Baptist\u00e8re des Orthodoxes :<\/strong> L&rsquo;un des plus anciens baptist\u00e8res d&rsquo;Italie, connu pour ses mosa\u00efques qui d\u00e9corent la coupole, repr\u00e9sentant le bapt\u00eame du Christ.<\/li>\n<li><strong>Basilique Saint-Fran\u00e7ois :<\/strong> Une autre \u00e9glise qui abrite des mosa\u00efques fascinantes et une atmosph\u00e8re caract\u00e9ristique et paisible. L&rsquo;originalit\u00e9 de cette basilique est qu&rsquo;un petit lac, aliment\u00e9 par des eaux souterraines, se trouve sous l&rsquo;autel.<\/li>\n<li><strong>Mus\u00e9e National de Ravenne<\/strong> : Un mus\u00e9e qui abrite une riche collection d&rsquo;art ancien, y compris des sculptures, des mosa\u00efques et des d\u00e9couvertes arch\u00e9ologiques, dont beaucoup datent des p\u00e9riodes romaine et byzantine.<\/li>\n<li><strong>Tombe de Dante Alighieri :<\/strong> La tombe du c\u00e9l\u00e8bre po\u00e8te, situ\u00e9e dans un petit monument n\u00e9oclassique, est l&rsquo;un des lieux embl\u00e9matiques de la ville. Dante est mort \u00e0 Ravenne en 1321 et y est enterr\u00e9.<\/li>\n<li><strong>Piazza del Popolo :<\/strong> L&rsquo;une des principales places de la ville, entour\u00e9e de b\u00e2timents historiques et de caf\u00e9s en plein air. C&rsquo;est un excellent point de d\u00e9part pour explorer le centre de Ravenne.<\/li>\n<li><strong>Domus dei tappeti di pietra :<\/strong> Un site arch\u00e9ologique qui abrite une villa romaine avec des pavements en mosa\u00efque bien conserv\u00e9s, offrant un aper\u00e7u de la vie dans l&rsquo;ancienne Ravenne.<\/li>\n<li><strong>Marina di Ravenna :<\/strong> Si vous souhaitez vous d\u00e9tendre, vous pouvez visiter la zone c\u00f4ti\u00e8re de Ravenne, avec ses plages et son port de plaisance.<\/li>\n<\/ul>\n<p>Ravenne est une ville qui enchante par son <strong>patrimoine artistique<\/strong> et son <strong>atmosph\u00e8re tranquille<\/strong>, parfaite pour \u00eatre explor\u00e9e sereinement. Si vous <strong>\u00eates passionn\u00e9 d&rsquo;art et d&rsquo;histoire<\/strong>, vous vous trouverez certainement dans un endroit sp\u00e9cial !<\/p>\n<p>&nbsp;<\/p>\n<p>Ne perdez pas de temps, <strong>v\u00e9rifiez d\u00e8s maintenant la disponibilit\u00e9 en ligne<\/strong> pour les <a href=\"https:\/\/www.campingreno.it\/fr\/camping-en-emilie-romagne-au-bord-de-la-mer\/\"><strong>bungalows, mobil-homes<\/strong> <\/a>et <a href=\"https:\/\/www.campingreno.it\/fr\/camping-emilie-romagne-en-bord-de-mer-emplacements\/\"><strong>emplacements<\/strong><\/a> du Camping Reno, <strong>Camping sur la mer Ravenne Italie!<\/strong><\/p>\n<p>&nbsp;<\/p>\n<p><a href=\"https:\/\/www.scidoo.com\/preventivov2\/?cod=1209&amp;dataarr=2026%2F04%2F2&amp;notti=1&amp;adult=2&amp;children=&amp;IDsotto_struttura=607&amp;lang=3&amp;structure_type=0&amp;promocode=\"><strong>R\u00c9SERVEZ MAINTENANT<\/strong><\/a><\/p>\n","protected":false},"excerpt":{"rendered":"<p>Voici quelques endroits extraordinaires \u00e0 ne pas manquer absolument, si vous d\u00e9cidez de s\u00e9journer au Camping Reno, Camping sur la mer Ravenne Italie. &nbsp; Ravenne est une ville riche en histoire et en art, c\u00e9l\u00e8bre pour ses mosa\u00efques byzantines et ses monuments historiques. Voici quelques-uns des principaux lieux \u00e0 visiter : Basilique de San Vitale: [&hellip;]<\/p>\n","protected":false},"author":212,"featured_media":4570,"parent":3591,"menu_order":300,"comment_status":"closed","ping_status":"closed","template":"","meta":{"footnotes":""},"class_list":["post-3600","page","type-page","status-publish","has-post-thumbnail","hentry"],"yoast_head":"<!-- This site is optimized with the Yoast SEO plugin v27.3 - https:\/\/yoast.com\/product\/yoast-seo-wordpress\/ -->\n<title>Camping sur la mer Ravenne Italie | Visitez la ville d&#039;art de Ravenne<\/title>\n<meta name=\"description\" content=\"Si vous cherchez un camping pr\u00e8s de Ravenne, il y a le Camping Reno, Camping sur la mer \u00e0 Ravenne Italie. Demandez un devis sans engagement!\" \/>\n<meta name=\"robots\" content=\"index, follow, max-snippet:-1, max-image-preview:large, max-video-preview:-1\" \/>\n<link rel=\"canonical\" href=\"https:\/\/www.campingreno.it\/fr\/camping-italie-ravenna-directement-sur-la-mer-que-visiter\/camping-ravenne-italie-sur-la-mer-villes-dart-a-visiter\/camping-sur-la-mer-ravenne-italie-visitez-la-ville-dart-de-ravenne\/\" \/>\n<meta property=\"og:locale\" content=\"fr_FR\" \/>\n<meta property=\"og:type\" content=\"article\" \/>\n<meta property=\"og:title\" content=\"Camping sur la mer Ravenne Italie | Visitez la ville d&#039;art de Ravenne\" \/>\n<meta property=\"og:description\" content=\"Si vous cherchez un camping pr\u00e8s de Ravenne, il y a le Camping Reno, Camping sur la mer \u00e0 Ravenne Italie. Demandez un devis sans engagement!\" \/>\n<meta property=\"og:url\" content=\"https:\/\/www.campingreno.it\/fr\/camping-italie-ravenna-directement-sur-la-mer-que-visiter\/camping-ravenne-italie-sur-la-mer-villes-dart-a-visiter\/camping-sur-la-mer-ravenne-italie-visitez-la-ville-dart-de-ravenne\/\" \/>\n<meta property=\"og:site_name\" content=\"Camping Reno\" \/>\n<meta property=\"article:publisher\" content=\"https:\/\/facebook.com\/tomasitourism\" \/>\n<meta property=\"article:modified_time\" content=\"2025-12-22T10:48:29+00:00\" \/>\n<meta property=\"og:image\" content=\"https:\/\/www.campingreno.it\/wp-content\/uploads\/sites\/192\/2025\/12\/visita_ravenna_piazzadelpopolo_campingreno.jpg\" \/>\n\t<meta property=\"og:image:width\" content=\"1620\" \/>\n\t<meta property=\"og:image:height\" content=\"1080\" \/>\n\t<meta property=\"og:image:type\" content=\"image\/jpeg\" \/>\n<meta name=\"twitter:card\" content=\"summary_large_image\" \/>\n<meta name=\"twitter:label1\" content=\"Dur\u00e9e de lecture estim\u00e9e\" \/>\n\t<meta name=\"twitter:data1\" content=\"3 minutes\" \/>\n<script type=\"application\/ld+json\" class=\"yoast-schema-graph\">{\"@context\":\"https:\\\/\\\/schema.org\",\"@graph\":[{\"@type\":\"WebPage\",\"@id\":\"https:\\\/\\\/www.campingreno.it\\\/fr\\\/camping-italie-ravenna-directement-sur-la-mer-que-visiter\\\/camping-ravenne-italie-sur-la-mer-villes-dart-a-visiter\\\/camping-sur-la-mer-ravenne-italie-visitez-la-ville-dart-de-ravenne\\\/\",\"url\":\"https:\\\/\\\/www.campingreno.it\\\/fr\\\/camping-italie-ravenna-directement-sur-la-mer-que-visiter\\\/camping-ravenne-italie-sur-la-mer-villes-dart-a-visiter\\\/camping-sur-la-mer-ravenne-italie-visitez-la-ville-dart-de-ravenne\\\/\",\"name\":\"Camping sur la mer Ravenne Italie | Visitez la ville d'art de Ravenne\",\"isPartOf\":{\"@id\":\"https:\\\/\\\/www.campingreno.it\\\/fr\\\/#website\"},\"primaryImageOfPage\":{\"@id\":\"https:\\\/\\\/www.campingreno.it\\\/fr\\\/camping-italie-ravenna-directement-sur-la-mer-que-visiter\\\/camping-ravenne-italie-sur-la-mer-villes-dart-a-visiter\\\/camping-sur-la-mer-ravenne-italie-visitez-la-ville-dart-de-ravenne\\\/#primaryimage\"},\"image\":{\"@id\":\"https:\\\/\\\/www.campingreno.it\\\/fr\\\/camping-italie-ravenna-directement-sur-la-mer-que-visiter\\\/camping-ravenne-italie-sur-la-mer-villes-dart-a-visiter\\\/camping-sur-la-mer-ravenne-italie-visitez-la-ville-dart-de-ravenne\\\/#primaryimage\"},\"thumbnailUrl\":\"https:\\\/\\\/www.campingreno.it\\\/wp-content\\\/uploads\\\/sites\\\/192\\\/2025\\\/12\\\/visita_ravenna_piazzadelpopolo_campingreno.jpg\",\"datePublished\":\"2025-01-24T13:45:14+00:00\",\"dateModified\":\"2025-12-22T10:48:29+00:00\",\"description\":\"Si vous cherchez un camping pr\u00e8s de Ravenne, il y a le Camping Reno, Camping sur la mer \u00e0 Ravenne Italie. Demandez un devis sans engagement!\",\"breadcrumb\":{\"@id\":\"https:\\\/\\\/www.campingreno.it\\\/fr\\\/camping-italie-ravenna-directement-sur-la-mer-que-visiter\\\/camping-ravenne-italie-sur-la-mer-villes-dart-a-visiter\\\/camping-sur-la-mer-ravenne-italie-visitez-la-ville-dart-de-ravenne\\\/#breadcrumb\"},\"inLanguage\":\"fr-FR\",\"potentialAction\":[{\"@type\":\"ReadAction\",\"target\":[\"https:\\\/\\\/www.campingreno.it\\\/fr\\\/camping-italie-ravenna-directement-sur-la-mer-que-visiter\\\/camping-ravenne-italie-sur-la-mer-villes-dart-a-visiter\\\/camping-sur-la-mer-ravenne-italie-visitez-la-ville-dart-de-ravenne\\\/\"]}]},{\"@type\":\"ImageObject\",\"inLanguage\":\"fr-FR\",\"@id\":\"https:\\\/\\\/www.campingreno.it\\\/fr\\\/camping-italie-ravenna-directement-sur-la-mer-que-visiter\\\/camping-ravenne-italie-sur-la-mer-villes-dart-a-visiter\\\/camping-sur-la-mer-ravenne-italie-visitez-la-ville-dart-de-ravenne\\\/#primaryimage\",\"url\":\"https:\\\/\\\/www.campingreno.it\\\/wp-content\\\/uploads\\\/sites\\\/192\\\/2025\\\/12\\\/visita_ravenna_piazzadelpopolo_campingreno.jpg\",\"contentUrl\":\"https:\\\/\\\/www.campingreno.it\\\/wp-content\\\/uploads\\\/sites\\\/192\\\/2025\\\/12\\\/visita_ravenna_piazzadelpopolo_campingreno.jpg\",\"width\":1620,\"height\":1080,\"caption\":\"Camping sur la mer Ravenne Italie | Visitez la ville d'art de Ravenne\"},{\"@type\":\"BreadcrumbList\",\"@id\":\"https:\\\/\\\/www.campingreno.it\\\/fr\\\/camping-italie-ravenna-directement-sur-la-mer-que-visiter\\\/camping-ravenne-italie-sur-la-mer-villes-dart-a-visiter\\\/camping-sur-la-mer-ravenne-italie-visitez-la-ville-dart-de-ravenne\\\/#breadcrumb\",\"itemListElement\":[{\"@type\":\"ListItem\",\"position\":1,\"name\":\"Home\",\"item\":\"https:\\\/\\\/www.campingreno.it\\\/fr\\\/\"},{\"@type\":\"ListItem\",\"position\":2,\"name\":\"Que visiter\",\"item\":\"https:\\\/\\\/www.campingreno.it\\\/fr\\\/camping-italie-ravenna-directement-sur-la-mer-que-visiter\\\/\"},{\"@type\":\"ListItem\",\"position\":3,\"name\":\"Villes d&#8217;art\",\"item\":\"https:\\\/\\\/www.campingreno.it\\\/fr\\\/camping-italie-ravenna-directement-sur-la-mer-que-visiter\\\/camping-ravenne-italie-sur-la-mer-villes-dart-a-visiter\\\/\"},{\"@type\":\"ListItem\",\"position\":4,\"name\":\"Ravenne\"}]},{\"@type\":\"WebSite\",\"@id\":\"https:\\\/\\\/www.campingreno.it\\\/fr\\\/#website\",\"url\":\"https:\\\/\\\/www.campingreno.it\\\/fr\\\/\",\"name\":\"Camping Reno\",\"description\":\"\",\"publisher\":{\"@id\":\"https:\\\/\\\/www.campingreno.it\\\/fr\\\/#organization\"},\"potentialAction\":[{\"@type\":\"SearchAction\",\"target\":{\"@type\":\"EntryPoint\",\"urlTemplate\":\"https:\\\/\\\/www.campingreno.it\\\/fr\\\/?s={search_term_string}\"},\"query-input\":{\"@type\":\"PropertyValueSpecification\",\"valueRequired\":true,\"valueName\":\"search_term_string\"}}],\"inLanguage\":\"fr-FR\"},{\"@type\":\"Organization\",\"@id\":\"https:\\\/\\\/www.campingreno.it\\\/fr\\\/#organization\",\"name\":\"Camping Reno\",\"url\":\"https:\\\/\\\/www.campingreno.it\\\/fr\\\/\",\"logo\":{\"@type\":\"ImageObject\",\"inLanguage\":\"fr-FR\",\"@id\":\"https:\\\/\\\/www.campingreno.it\\\/fr\\\/#\\\/schema\\\/logo\\\/image\\\/\",\"url\":\"https:\\\/\\\/www.campingreno.it\\\/wp-content\\\/uploads\\\/sites\\\/192\\\/2024\\\/12\\\/logo_reno-no-sfondo-2.png\",\"contentUrl\":\"https:\\\/\\\/www.campingreno.it\\\/wp-content\\\/uploads\\\/sites\\\/192\\\/2024\\\/12\\\/logo_reno-no-sfondo-2.png\",\"width\":567,\"height\":286,\"caption\":\"Camping Reno\"},\"image\":{\"@id\":\"https:\\\/\\\/www.campingreno.it\\\/fr\\\/#\\\/schema\\\/logo\\\/image\\\/\"},\"sameAs\":[\"https:\\\/\\\/facebook.com\\\/tomasitourism\",\"https:\\\/\\\/instagram.com\\\/camping_reno\"]}]}<\/script>\n<!-- \/ Yoast SEO plugin. -->","yoast_head_json":{"title":"Camping sur la mer Ravenne Italie | Visitez la ville d'art de Ravenne","description":"Si vous cherchez un camping pr\u00e8s de Ravenne, il y a le Camping Reno, Camping sur la mer \u00e0 Ravenne Italie. Demandez un devis sans engagement!","robots":{"index":"index","follow":"follow","max-snippet":"max-snippet:-1","max-image-preview":"max-image-preview:large","max-video-preview":"max-video-preview:-1"},"canonical":"https:\/\/www.campingreno.it\/fr\/camping-italie-ravenna-directement-sur-la-mer-que-visiter\/camping-ravenne-italie-sur-la-mer-villes-dart-a-visiter\/camping-sur-la-mer-ravenne-italie-visitez-la-ville-dart-de-ravenne\/","og_locale":"fr_FR","og_type":"article","og_title":"Camping sur la mer Ravenne Italie | Visitez la ville d'art de Ravenne","og_description":"Si vous cherchez un camping pr\u00e8s de Ravenne, il y a le Camping Reno, Camping sur la mer \u00e0 Ravenne Italie. Demandez un devis sans engagement!","og_url":"https:\/\/www.campingreno.it\/fr\/camping-italie-ravenna-directement-sur-la-mer-que-visiter\/camping-ravenne-italie-sur-la-mer-villes-dart-a-visiter\/camping-sur-la-mer-ravenne-italie-visitez-la-ville-dart-de-ravenne\/","og_site_name":"Camping Reno","article_publisher":"https:\/\/facebook.com\/tomasitourism","article_modified_time":"2025-12-22T10:48:29+00:00","og_image":[{"width":1620,"height":1080,"url":"https:\/\/www.campingreno.it\/wp-content\/uploads\/sites\/192\/2025\/12\/visita_ravenna_piazzadelpopolo_campingreno.jpg","type":"image\/jpeg"}],"twitter_card":"summary_large_image","twitter_misc":{"Dur\u00e9e de lecture estim\u00e9e":"3 minutes"},"schema":{"@context":"https:\/\/schema.org","@graph":[{"@type":"WebPage","@id":"https:\/\/www.campingreno.it\/fr\/camping-italie-ravenna-directement-sur-la-mer-que-visiter\/camping-ravenne-italie-sur-la-mer-villes-dart-a-visiter\/camping-sur-la-mer-ravenne-italie-visitez-la-ville-dart-de-ravenne\/","url":"https:\/\/www.campingreno.it\/fr\/camping-italie-ravenna-directement-sur-la-mer-que-visiter\/camping-ravenne-italie-sur-la-mer-villes-dart-a-visiter\/camping-sur-la-mer-ravenne-italie-visitez-la-ville-dart-de-ravenne\/","name":"Camping sur la mer Ravenne Italie | Visitez la ville d'art de Ravenne","isPartOf":{"@id":"https:\/\/www.campingreno.it\/fr\/#website"},"primaryImageOfPage":{"@id":"https:\/\/www.campingreno.it\/fr\/camping-italie-ravenna-directement-sur-la-mer-que-visiter\/camping-ravenne-italie-sur-la-mer-villes-dart-a-visiter\/camping-sur-la-mer-ravenne-italie-visitez-la-ville-dart-de-ravenne\/#primaryimage"},"image":{"@id":"https:\/\/www.campingreno.it\/fr\/camping-italie-ravenna-directement-sur-la-mer-que-visiter\/camping-ravenne-italie-sur-la-mer-villes-dart-a-visiter\/camping-sur-la-mer-ravenne-italie-visitez-la-ville-dart-de-ravenne\/#primaryimage"},"thumbnailUrl":"https:\/\/www.campingreno.it\/wp-content\/uploads\/sites\/192\/2025\/12\/visita_ravenna_piazzadelpopolo_campingreno.jpg","datePublished":"2025-01-24T13:45:14+00:00","dateModified":"2025-12-22T10:48:29+00:00","description":"Si vous cherchez un camping pr\u00e8s de Ravenne, il y a le Camping Reno, Camping sur la mer \u00e0 Ravenne Italie. Demandez un devis sans engagement!","breadcrumb":{"@id":"https:\/\/www.campingreno.it\/fr\/camping-italie-ravenna-directement-sur-la-mer-que-visiter\/camping-ravenne-italie-sur-la-mer-villes-dart-a-visiter\/camping-sur-la-mer-ravenne-italie-visitez-la-ville-dart-de-ravenne\/#breadcrumb"},"inLanguage":"fr-FR","potentialAction":[{"@type":"ReadAction","target":["https:\/\/www.campingreno.it\/fr\/camping-italie-ravenna-directement-sur-la-mer-que-visiter\/camping-ravenne-italie-sur-la-mer-villes-dart-a-visiter\/camping-sur-la-mer-ravenne-italie-visitez-la-ville-dart-de-ravenne\/"]}]},{"@type":"ImageObject","inLanguage":"fr-FR","@id":"https:\/\/www.campingreno.it\/fr\/camping-italie-ravenna-directement-sur-la-mer-que-visiter\/camping-ravenne-italie-sur-la-mer-villes-dart-a-visiter\/camping-sur-la-mer-ravenne-italie-visitez-la-ville-dart-de-ravenne\/#primaryimage","url":"https:\/\/www.campingreno.it\/wp-content\/uploads\/sites\/192\/2025\/12\/visita_ravenna_piazzadelpopolo_campingreno.jpg","contentUrl":"https:\/\/www.campingreno.it\/wp-content\/uploads\/sites\/192\/2025\/12\/visita_ravenna_piazzadelpopolo_campingreno.jpg","width":1620,"height":1080,"caption":"Camping sur la mer Ravenne Italie | Visitez la ville d'art de Ravenne"},{"@type":"BreadcrumbList","@id":"https:\/\/www.campingreno.it\/fr\/camping-italie-ravenna-directement-sur-la-mer-que-visiter\/camping-ravenne-italie-sur-la-mer-villes-dart-a-visiter\/camping-sur-la-mer-ravenne-italie-visitez-la-ville-dart-de-ravenne\/#breadcrumb","itemListElement":[{"@type":"ListItem","position":1,"name":"Home","item":"https:\/\/www.campingreno.it\/fr\/"},{"@type":"ListItem","position":2,"name":"Que visiter","item":"https:\/\/www.campingreno.it\/fr\/camping-italie-ravenna-directement-sur-la-mer-que-visiter\/"},{"@type":"ListItem","position":3,"name":"Villes d&#8217;art","item":"https:\/\/www.campingreno.it\/fr\/camping-italie-ravenna-directement-sur-la-mer-que-visiter\/camping-ravenne-italie-sur-la-mer-villes-dart-a-visiter\/"},{"@type":"ListItem","position":4,"name":"Ravenne"}]},{"@type":"WebSite","@id":"https:\/\/www.campingreno.it\/fr\/#website","url":"https:\/\/www.campingreno.it\/fr\/","name":"Camping Reno","description":"","publisher":{"@id":"https:\/\/www.campingreno.it\/fr\/#organization"},"potentialAction":[{"@type":"SearchAction","target":{"@type":"EntryPoint","urlTemplate":"https:\/\/www.campingreno.it\/fr\/?s={search_term_string}"},"query-input":{"@type":"PropertyValueSpecification","valueRequired":true,"valueName":"search_term_string"}}],"inLanguage":"fr-FR"},{"@type":"Organization","@id":"https:\/\/www.campingreno.it\/fr\/#organization","name":"Camping Reno","url":"https:\/\/www.campingreno.it\/fr\/","logo":{"@type":"ImageObject","inLanguage":"fr-FR","@id":"https:\/\/www.campingreno.it\/fr\/#\/schema\/logo\/image\/","url":"https:\/\/www.campingreno.it\/wp-content\/uploads\/sites\/192\/2024\/12\/logo_reno-no-sfondo-2.png","contentUrl":"https:\/\/www.campingreno.it\/wp-content\/uploads\/sites\/192\/2024\/12\/logo_reno-no-sfondo-2.png","width":567,"height":286,"caption":"Camping Reno"},"image":{"@id":"https:\/\/www.campingreno.it\/fr\/#\/schema\/logo\/image\/"},"sameAs":["https:\/\/facebook.com\/tomasitourism","https:\/\/instagram.com\/camping_reno"]}]}},"acf":[],"_links":{"self":[{"href":"https:\/\/www.campingreno.it\/fr\/wp-json\/wp\/v2\/pages\/3600","targetHints":{"allow":["GET"]}}],"collection":[{"href":"https:\/\/www.campingreno.it\/fr\/wp-json\/wp\/v2\/pages"}],"about":[{"href":"https:\/\/www.campingreno.it\/fr\/wp-json\/wp\/v2\/types\/page"}],"author":[{"embeddable":true,"href":"https:\/\/www.campingreno.it\/fr\/wp-json\/wp\/v2\/users\/212"}],"replies":[{"embeddable":true,"href":"https:\/\/www.campingreno.it\/fr\/wp-json\/wp\/v2\/comments?post=3600"}],"version-history":[{"count":0,"href":"https:\/\/www.campingreno.it\/fr\/wp-json\/wp\/v2\/pages\/3600\/revisions"}],"up":[{"embeddable":true,"href":"https:\/\/www.campingreno.it\/fr\/wp-json\/wp\/v2\/pages\/3591"}],"wp:featuredmedia":[{"embeddable":true,"href":"https:\/\/www.campingreno.it\/fr\/wp-json\/wp\/v2\/media\/4570"}],"wp:attachment":[{"href":"https:\/\/www.campingreno.it\/fr\/wp-json\/wp\/v2\/media?parent=3600"}],"curies":[{"name":"wp","href":"https:\/\/api.w.org\/{rel}","templated":true}]}}