   {"id":3609,"date":"2025-01-25T11:37:59","date_gmt":"2025-01-25T11:37:59","guid":{"rendered":"https:\/\/www.campingreno.it\/camping-italie-ravenna-directement-sur-la-mer-que-visiter\/camping-emilie-romagne-directement-sur-la-mer-parcs-thematiques\/campeggio-vicino-acquafan\/"},"modified":"2025-12-22T10:57:22","modified_gmt":"2025-12-22T10:57:22","slug":"camping-emilie-romagne-italie-amusez-vous-a-laquafan","status":"publish","type":"page","link":"https:\/\/www.campingreno.it\/fr\/camping-italie-ravenna-directement-sur-la-mer-que-visiter\/camping-emilie-romagne-directement-sur-la-mer-parcs-thematiques\/camping-emilie-romagne-italie-amusez-vous-a-laquafan\/","title":{"rendered":"Acquafan"},"content":{"rendered":"<p>Passez une journ\u00e9e \u00e0 l&rsquo;Aquafan, si vous s\u00e9journez au Camping Reno, <strong>Camping \u00c9milie-Romagne Italie<\/strong> \u00e0 Ravenne, qui propose des <a href=\"https:\/\/www.campingreno.it\/fr\/camping-en-emilie-romagne-au-bord-de-la-mer\/\"><strong>bungalows, des mobil-homes<\/strong><\/a> et des<a href=\"https:\/\/www.campingreno.it\/fr\/camping-emilie-romagne-en-bord-de-mer-emplacements\/\"><strong> emplacements.<\/strong><\/a><\/p>\n<p>L&rsquo;Aquafan de Riccione est un <strong>parc aquatique avec de nombreuses attractions<\/strong>, parfait pour une journ\u00e9e de divertissement et de d\u00e9tente. Voici quelques-unes des principales attractions :<\/p>\n<ul>\n<li><strong>Kamikaze :<\/strong> L&rsquo;un des toboggans les plus intenses, qui vous lance \u00e0 grande vitesse dans une descente raide et \u00e0 couper le souffle.<\/li>\n<li><strong>River Run :<\/strong> Un long toboggan aquatique sinueux qui vous offre une descente en bou\u00e9e \u00e0 toute vitesse.<\/li>\n<li><strong>StrizzaCervelli :<\/strong> Un parcours qui vous fait tourner et retourner, avec une exp\u00e9rience \u00e0 toute vitesse en bou\u00e9e. Excellent pour ceux qui aiment les d\u00e9fis \u00e0 haute vitesse !<\/li>\n<li><strong>Twister :<\/strong> Un autre toboggan en spirale qui vous fait tournoyer dans une s\u00e9rie de virages avant un atterrissage dans l&rsquo;eau.<\/li>\n<li><strong>Speedriul :<\/strong> Un toboggan en forme de spirale o\u00f9 la vitesse et les virages serr\u00e9s cr\u00e9ent une descente exaltante.<\/li>\n<li><strong>Aquafreefall :<\/strong> Une exp\u00e9rience de pure adr\u00e9naline qui vous fait \u00ab\u00a0tomber\u00a0\u00bb d&rsquo;une hauteur consid\u00e9rable, avec une descente rapide.<\/li>\n<li><strong>Family Adventure :<\/strong> Une zone adapt\u00e9e \u00e0 toute la famille, avec des toboggans plus calmes et des piscines pour tous.<\/li>\n<li><strong>Piscine \u00e0 vagues :<\/strong> Une grande piscine o\u00f9 vous pouvez profiter des vagues artificielles qui simulent celles de la mer, parfaite pour s&rsquo;amuser ou se d\u00e9tendre.<\/li>\n<li><strong>Baby Beach :<\/strong> Une zone d\u00e9di\u00e9e aux enfants, avec des piscines peu profondes et des jeux aquatiques adapt\u00e9s aux plus petits.<\/li>\n<li><strong>Hydromassages<\/strong> : Plusieurs zones avec des jets d&rsquo;eau et des hydromassages pour se d\u00e9tendre un peu entre deux toboggans.<\/li>\n<\/ul>\n<p>L&rsquo;Aquafan est un parc id\u00e9al pour ceux qui recherchent toutes sortes de <strong>divertissements aquatiques<\/strong>, des attractions plus calmes pour les familles aux plus intenses pour les amateurs de vitesse !<\/p>\n<p>&nbsp;<\/p>\n<p><a href=\"https:\/\/www.scidoo.com\/preventivov2\/?cod=1209&amp;dataarr=2026%2F04%2F2&amp;notti=1&amp;adult=2&amp;children=&amp;IDsotto_struttura=607&amp;lang=3&amp;structure_type=0&amp;promocode=\"><strong>V\u00c9RIFIEZ LA DISPONIBILIT\u00c9 EN LIGNE<\/strong><\/a><\/p>\n<p>&nbsp;<\/p>\n","protected":false},"excerpt":{"rendered":"<p>Passez une journ\u00e9e \u00e0 l&rsquo;Aquafan, si vous s\u00e9journez au Camping Reno, Camping \u00c9milie-Romagne Italie \u00e0 Ravenne, qui propose des bungalows, des mobil-homes et des emplacements. L&rsquo;Aquafan de Riccione est un parc aquatique avec de nombreuses attractions, parfait pour une journ\u00e9e de divertissement et de d\u00e9tente. Voici quelques-unes des principales attractions : Kamikaze : L&rsquo;un des [&hellip;]<\/p>\n","protected":false},"author":212,"featured_media":4574,"parent":3606,"menu_order":300,"comment_status":"closed","ping_status":"closed","template":"","meta":{"footnotes":""},"yoast_head":"<!-- This site is optimized with the Yoast SEO plugin v22.3 - https:\/\/yoast.com\/wordpress\/plugins\/seo\/ -->\n<title>Camping \u00c9milie-Romagne Italie | Amusez-vous \u00e0 l&#039;Aquafan<\/title>\n<meta name=\"description\" content=\"Si vous cherchez un camping pr\u00e8s d&#039;Aquafan, il y a le Camping Reno, Camping \u00c9milie-Romagne Italie \u00e0 Ravenne. Demandez un devis!\" \/>\n<meta name=\"robots\" content=\"index, follow, max-snippet:-1, max-image-preview:large, max-video-preview:-1\" \/>\n<link rel=\"canonical\" href=\"https:\/\/www.campingreno.it\/fr\/camping-italie-ravenna-directement-sur-la-mer-que-visiter\/camping-emilie-romagne-directement-sur-la-mer-parcs-thematiques\/camping-emilie-romagne-italie-amusez-vous-a-laquafan\/\" \/>\n<meta property=\"og:locale\" content=\"fr_FR\" \/>\n<meta property=\"og:type\" content=\"article\" \/>\n<meta property=\"og:title\" content=\"Camping \u00c9milie-Romagne Italie | Amusez-vous \u00e0 l&#039;Aquafan\" \/>\n<meta property=\"og:description\" content=\"Si vous cherchez un camping pr\u00e8s d&#039;Aquafan, il y a le Camping Reno, Camping \u00c9milie-Romagne Italie \u00e0 Ravenne. Demandez un devis!\" \/>\n<meta property=\"og:url\" content=\"https:\/\/www.campingreno.it\/fr\/camping-italie-ravenna-directement-sur-la-mer-que-visiter\/camping-emilie-romagne-directement-sur-la-mer-parcs-thematiques\/camping-emilie-romagne-italie-amusez-vous-a-laquafan\/\" \/>\n<meta property=\"og:site_name\" content=\"Camping Reno\" \/>\n<meta property=\"article:publisher\" content=\"https:\/\/facebook.com\/tomasitourism\" \/>\n<meta property=\"article:modified_time\" content=\"2025-12-22T10:57:22+00:00\" \/>\n<meta property=\"og:image\" content=\"https:\/\/www.campingreno.it\/wp-content\/uploads\/sites\/192\/2025\/12\/acquafan_riccione_piscinaonde_campingreno.jpg\" \/>\n\t<meta property=\"og:image:width\" content=\"580\" \/>\n\t<meta property=\"og:image:height\" content=\"400\" \/>\n\t<meta property=\"og:image:type\" content=\"image\/jpeg\" \/>\n<meta name=\"twitter:card\" content=\"summary_large_image\" \/>\n<meta name=\"twitter:label1\" content=\"Dur\u00e9e de lecture estim\u00e9e\" \/>\n\t<meta name=\"twitter:data1\" content=\"2 minutes\" \/>\n<script type=\"application\/ld+json\" class=\"yoast-schema-graph\">{\"@context\":\"https:\/\/schema.org\",\"@graph\":[{\"@type\":\"WebPage\",\"@id\":\"https:\/\/www.campingreno.it\/fr\/camping-italie-ravenna-directement-sur-la-mer-que-visiter\/camping-emilie-romagne-directement-sur-la-mer-parcs-thematiques\/camping-emilie-romagne-italie-amusez-vous-a-laquafan\/\",\"url\":\"https:\/\/www.campingreno.it\/fr\/camping-italie-ravenna-directement-sur-la-mer-que-visiter\/camping-emilie-romagne-directement-sur-la-mer-parcs-thematiques\/camping-emilie-romagne-italie-amusez-vous-a-laquafan\/\",\"name\":\"Camping \u00c9milie-Romagne Italie | Amusez-vous \u00e0 l'Aquafan\",\"isPartOf\":{\"@id\":\"https:\/\/www.campingreno.it\/fr\/#website\"},\"primaryImageOfPage\":{\"@id\":\"https:\/\/www.campingreno.it\/fr\/camping-italie-ravenna-directement-sur-la-mer-que-visiter\/camping-emilie-romagne-directement-sur-la-mer-parcs-thematiques\/camping-emilie-romagne-italie-amusez-vous-a-laquafan\/#primaryimage\"},\"image\":{\"@id\":\"https:\/\/www.campingreno.it\/fr\/camping-italie-ravenna-directement-sur-la-mer-que-visiter\/camping-emilie-romagne-directement-sur-la-mer-parcs-thematiques\/camping-emilie-romagne-italie-amusez-vous-a-laquafan\/#primaryimage\"},\"thumbnailUrl\":\"https:\/\/www.campingreno.it\/wp-content\/uploads\/sites\/192\/2025\/12\/acquafan_riccione_piscinaonde_campingreno.jpg\",\"datePublished\":\"2025-01-25T11:37:59+00:00\",\"dateModified\":\"2025-12-22T10:57:22+00:00\",\"description\":\"Si vous cherchez un camping pr\u00e8s d'Aquafan, il y a le Camping Reno, Camping \u00c9milie-Romagne Italie \u00e0 Ravenne. Demandez un devis!\",\"breadcrumb\":{\"@id\":\"https:\/\/www.campingreno.it\/fr\/camping-italie-ravenna-directement-sur-la-mer-que-visiter\/camping-emilie-romagne-directement-sur-la-mer-parcs-thematiques\/camping-emilie-romagne-italie-amusez-vous-a-laquafan\/#breadcrumb\"},\"inLanguage\":\"fr-FR\",\"potentialAction\":[{\"@type\":\"ReadAction\",\"target\":[\"https:\/\/www.campingreno.it\/fr\/camping-italie-ravenna-directement-sur-la-mer-que-visiter\/camping-emilie-romagne-directement-sur-la-mer-parcs-thematiques\/camping-emilie-romagne-italie-amusez-vous-a-laquafan\/\"]}]},{\"@type\":\"ImageObject\",\"inLanguage\":\"fr-FR\",\"@id\":\"https:\/\/www.campingreno.it\/fr\/camping-italie-ravenna-directement-sur-la-mer-que-visiter\/camping-emilie-romagne-directement-sur-la-mer-parcs-thematiques\/camping-emilie-romagne-italie-amusez-vous-a-laquafan\/#primaryimage\",\"url\":\"https:\/\/www.campingreno.it\/wp-content\/uploads\/sites\/192\/2025\/12\/acquafan_riccione_piscinaonde_campingreno.jpg\",\"contentUrl\":\"https:\/\/www.campingreno.it\/wp-content\/uploads\/sites\/192\/2025\/12\/acquafan_riccione_piscinaonde_campingreno.jpg\",\"width\":580,\"height\":400,\"caption\":\"Camping \u00c9milie-Romagne Italie | Amusez-vous \u00e0 l'Aquafan\"},{\"@type\":\"BreadcrumbList\",\"@id\":\"https:\/\/www.campingreno.it\/fr\/camping-italie-ravenna-directement-sur-la-mer-que-visiter\/camping-emilie-romagne-directement-sur-la-mer-parcs-thematiques\/camping-emilie-romagne-italie-amusez-vous-a-laquafan\/#breadcrumb\",\"itemListElement\":[{\"@type\":\"ListItem\",\"position\":1,\"name\":\"Home\",\"item\":\"https:\/\/www.campingreno.it\/fr\/\"},{\"@type\":\"ListItem\",\"position\":2,\"name\":\"Que visiter\",\"item\":\"https:\/\/www.campingreno.it\/fr\/camping-italie-ravenna-directement-sur-la-mer-que-visiter\/\"},{\"@type\":\"ListItem\",\"position\":3,\"name\":\"Parcs Th\u00e9matiques\",\"item\":\"https:\/\/www.campingreno.it\/fr\/camping-italie-ravenna-directement-sur-la-mer-que-visiter\/camping-emilie-romagne-directement-sur-la-mer-parcs-thematiques\/\"},{\"@type\":\"ListItem\",\"position\":4,\"name\":\"Acquafan\"}]},{\"@type\":\"WebSite\",\"@id\":\"https:\/\/www.campingreno.it\/fr\/#website\",\"url\":\"https:\/\/www.campingreno.it\/fr\/\",\"name\":\"Camping Reno\",\"description\":\"\",\"publisher\":{\"@id\":\"https:\/\/www.campingreno.it\/fr\/#organization\"},\"potentialAction\":[{\"@type\":\"SearchAction\",\"target\":{\"@type\":\"EntryPoint\",\"urlTemplate\":\"https:\/\/www.campingreno.it\/fr\/?s={search_term_string}\"},\"query-input\":\"required name=search_term_string\"}],\"inLanguage\":\"fr-FR\"},{\"@type\":\"Organization\",\"@id\":\"https:\/\/www.campingreno.it\/fr\/#organization\",\"name\":\"Camping Reno\",\"url\":\"https:\/\/www.campingreno.it\/fr\/\",\"logo\":{\"@type\":\"ImageObject\",\"inLanguage\":\"fr-FR\",\"@id\":\"https:\/\/www.campingreno.it\/fr\/#\/schema\/logo\/image\/\",\"url\":\"https:\/\/www.campingreno.it\/wp-content\/uploads\/sites\/192\/2024\/12\/logo_reno-no-sfondo-2.png\",\"contentUrl\":\"https:\/\/www.campingreno.it\/wp-content\/uploads\/sites\/192\/2024\/12\/logo_reno-no-sfondo-2.png\",\"width\":567,\"height\":286,\"caption\":\"Camping Reno\"},\"image\":{\"@id\":\"https:\/\/www.campingreno.it\/fr\/#\/schema\/logo\/image\/\"},\"sameAs\":[\"https:\/\/facebook.com\/tomasitourism\",\"https:\/\/instagram.com\/camping_reno\"]}]}<\/script>\n<!-- \/ Yoast SEO plugin. -->","yoast_head_json":{"title":"Camping \u00c9milie-Romagne Italie | Amusez-vous \u00e0 l'Aquafan","description":"Si vous cherchez un camping pr\u00e8s d'Aquafan, il y a le Camping Reno, Camping \u00c9milie-Romagne Italie \u00e0 Ravenne. Demandez un devis!","robots":{"index":"index","follow":"follow","max-snippet":"max-snippet:-1","max-image-preview":"max-image-preview:large","max-video-preview":"max-video-preview:-1"},"canonical":"https:\/\/www.campingreno.it\/fr\/camping-italie-ravenna-directement-sur-la-mer-que-visiter\/camping-emilie-romagne-directement-sur-la-mer-parcs-thematiques\/camping-emilie-romagne-italie-amusez-vous-a-laquafan\/","og_locale":"fr_FR","og_type":"article","og_title":"Camping \u00c9milie-Romagne Italie | Amusez-vous \u00e0 l'Aquafan","og_description":"Si vous cherchez un camping pr\u00e8s d'Aquafan, il y a le Camping Reno, Camping \u00c9milie-Romagne Italie \u00e0 Ravenne. Demandez un devis!","og_url":"https:\/\/www.campingreno.it\/fr\/camping-italie-ravenna-directement-sur-la-mer-que-visiter\/camping-emilie-romagne-directement-sur-la-mer-parcs-thematiques\/camping-emilie-romagne-italie-amusez-vous-a-laquafan\/","og_site_name":"Camping Reno","article_publisher":"https:\/\/facebook.com\/tomasitourism","article_modified_time":"2025-12-22T10:57:22+00:00","og_image":[{"width":580,"height":400,"url":"https:\/\/www.campingreno.it\/wp-content\/uploads\/sites\/192\/2025\/12\/acquafan_riccione_piscinaonde_campingreno.jpg","type":"image\/jpeg"}],"twitter_card":"summary_large_image","twitter_misc":{"Dur\u00e9e de lecture estim\u00e9e":"2 minutes"},"schema":{"@context":"https:\/\/schema.org","@graph":[{"@type":"WebPage","@id":"https:\/\/www.campingreno.it\/fr\/camping-italie-ravenna-directement-sur-la-mer-que-visiter\/camping-emilie-romagne-directement-sur-la-mer-parcs-thematiques\/camping-emilie-romagne-italie-amusez-vous-a-laquafan\/","url":"https:\/\/www.campingreno.it\/fr\/camping-italie-ravenna-directement-sur-la-mer-que-visiter\/camping-emilie-romagne-directement-sur-la-mer-parcs-thematiques\/camping-emilie-romagne-italie-amusez-vous-a-laquafan\/","name":"Camping \u00c9milie-Romagne Italie | Amusez-vous \u00e0 l'Aquafan","isPartOf":{"@id":"https:\/\/www.campingreno.it\/fr\/#website"},"primaryImageOfPage":{"@id":"https:\/\/www.campingreno.it\/fr\/camping-italie-ravenna-directement-sur-la-mer-que-visiter\/camping-emilie-romagne-directement-sur-la-mer-parcs-thematiques\/camping-emilie-romagne-italie-amusez-vous-a-laquafan\/#primaryimage"},"image":{"@id":"https:\/\/www.campingreno.it\/fr\/camping-italie-ravenna-directement-sur-la-mer-que-visiter\/camping-emilie-romagne-directement-sur-la-mer-parcs-thematiques\/camping-emilie-romagne-italie-amusez-vous-a-laquafan\/#primaryimage"},"thumbnailUrl":"https:\/\/www.campingreno.it\/wp-content\/uploads\/sites\/192\/2025\/12\/acquafan_riccione_piscinaonde_campingreno.jpg","datePublished":"2025-01-25T11:37:59+00:00","dateModified":"2025-12-22T10:57:22+00:00","description":"Si vous cherchez un camping pr\u00e8s d'Aquafan, il y a le Camping Reno, Camping \u00c9milie-Romagne Italie \u00e0 Ravenne. Demandez un devis!","breadcrumb":{"@id":"https:\/\/www.campingreno.it\/fr\/camping-italie-ravenna-directement-sur-la-mer-que-visiter\/camping-emilie-romagne-directement-sur-la-mer-parcs-thematiques\/camping-emilie-romagne-italie-amusez-vous-a-laquafan\/#breadcrumb"},"inLanguage":"fr-FR","potentialAction":[{"@type":"ReadAction","target":["https:\/\/www.campingreno.it\/fr\/camping-italie-ravenna-directement-sur-la-mer-que-visiter\/camping-emilie-romagne-directement-sur-la-mer-parcs-thematiques\/camping-emilie-romagne-italie-amusez-vous-a-laquafan\/"]}]},{"@type":"ImageObject","inLanguage":"fr-FR","@id":"https:\/\/www.campingreno.it\/fr\/camping-italie-ravenna-directement-sur-la-mer-que-visiter\/camping-emilie-romagne-directement-sur-la-mer-parcs-thematiques\/camping-emilie-romagne-italie-amusez-vous-a-laquafan\/#primaryimage","url":"https:\/\/www.campingreno.it\/wp-content\/uploads\/sites\/192\/2025\/12\/acquafan_riccione_piscinaonde_campingreno.jpg","contentUrl":"https:\/\/www.campingreno.it\/wp-content\/uploads\/sites\/192\/2025\/12\/acquafan_riccione_piscinaonde_campingreno.jpg","width":580,"height":400,"caption":"Camping \u00c9milie-Romagne Italie | Amusez-vous \u00e0 l'Aquafan"},{"@type":"BreadcrumbList","@id":"https:\/\/www.campingreno.it\/fr\/camping-italie-ravenna-directement-sur-la-mer-que-visiter\/camping-emilie-romagne-directement-sur-la-mer-parcs-thematiques\/camping-emilie-romagne-italie-amusez-vous-a-laquafan\/#breadcrumb","itemListElement":[{"@type":"ListItem","position":1,"name":"Home","item":"https:\/\/www.campingreno.it\/fr\/"},{"@type":"ListItem","position":2,"name":"Que visiter","item":"https:\/\/www.campingreno.it\/fr\/camping-italie-ravenna-directement-sur-la-mer-que-visiter\/"},{"@type":"ListItem","position":3,"name":"Parcs Th\u00e9matiques","item":"https:\/\/www.campingreno.it\/fr\/camping-italie-ravenna-directement-sur-la-mer-que-visiter\/camping-emilie-romagne-directement-sur-la-mer-parcs-thematiques\/"},{"@type":"ListItem","position":4,"name":"Acquafan"}]},{"@type":"WebSite","@id":"https:\/\/www.campingreno.it\/fr\/#website","url":"https:\/\/www.campingreno.it\/fr\/","name":"Camping Reno","description":"","publisher":{"@id":"https:\/\/www.campingreno.it\/fr\/#organization"},"potentialAction":[{"@type":"SearchAction","target":{"@type":"EntryPoint","urlTemplate":"https:\/\/www.campingreno.it\/fr\/?s={search_term_string}"},"query-input":"required name=search_term_string"}],"inLanguage":"fr-FR"},{"@type":"Organization","@id":"https:\/\/www.campingreno.it\/fr\/#organization","name":"Camping Reno","url":"https:\/\/www.campingreno.it\/fr\/","logo":{"@type":"ImageObject","inLanguage":"fr-FR","@id":"https:\/\/www.campingreno.it\/fr\/#\/schema\/logo\/image\/","url":"https:\/\/www.campingreno.it\/wp-content\/uploads\/sites\/192\/2024\/12\/logo_reno-no-sfondo-2.png","contentUrl":"https:\/\/www.campingreno.it\/wp-content\/uploads\/sites\/192\/2024\/12\/logo_reno-no-sfondo-2.png","width":567,"height":286,"caption":"Camping Reno"},"image":{"@id":"https:\/\/www.campingreno.it\/fr\/#\/schema\/logo\/image\/"},"sameAs":["https:\/\/facebook.com\/tomasitourism","https:\/\/instagram.com\/camping_reno"]}]}},"acf":[],"_links":{"self":[{"href":"https:\/\/www.campingreno.it\/fr\/wp-json\/wp\/v2\/pages\/3609"}],"collection":[{"href":"https:\/\/www.campingreno.it\/fr\/wp-json\/wp\/v2\/pages"}],"about":[{"href":"https:\/\/www.campingreno.it\/fr\/wp-json\/wp\/v2\/types\/page"}],"author":[{"embeddable":true,"href":"https:\/\/www.campingreno.it\/fr\/wp-json\/wp\/v2\/users\/212"}],"replies":[{"embeddable":true,"href":"https:\/\/www.campingreno.it\/fr\/wp-json\/wp\/v2\/comments?post=3609"}],"version-history":[{"count":0,"href":"https:\/\/www.campingreno.it\/fr\/wp-json\/wp\/v2\/pages\/3609\/revisions"}],"up":[{"embeddable":true,"href":"https:\/\/www.campingreno.it\/fr\/wp-json\/wp\/v2\/pages\/3606"}],"wp:featuredmedia":[{"embeddable":true,"href":"https:\/\/www.campingreno.it\/fr\/wp-json\/wp\/v2\/media\/4574"}],"wp:attachment":[{"href":"https:\/\/www.campingreno.it\/fr\/wp-json\/wp\/v2\/media?parent=3609"}],"curies":[{"name":"wp","href":"https:\/\/api.w.org\/{rel}","templated":true}]}}