   {"id":3612,"date":"2025-01-25T12:03:55","date_gmt":"2025-01-25T12:03:55","guid":{"rendered":"https:\/\/www.campingreno.it\/camping-italie-ravenna-directement-sur-la-mer-que-visiter\/camping-emilie-romagne-directement-sur-la-mer-parcs-thematiques\/campeggio-vicino-italia-in-miniatura\/"},"modified":"2025-12-22T11:07:26","modified_gmt":"2025-12-22T11:07:26","slug":"camping-italie-ravenne-amusez-vous-a-italia-in-miniatura","status":"publish","type":"page","link":"https:\/\/www.campingreno.it\/fr\/camping-italie-ravenna-directement-sur-la-mer-que-visiter\/camping-emilie-romagne-directement-sur-la-mer-parcs-thematiques\/camping-italie-ravenne-amusez-vous-a-italia-in-miniatura\/","title":{"rendered":"Italia in Miniatura"},"content":{"rendered":"<p>Passez une journ\u00e9e \u00e0 <strong>Italia in Miniatura<\/strong>, si vous s\u00e9journez au Camping Reno, un <strong>Camping Italie Ravenne,<\/strong> camping pr\u00e8s d&rsquo;Italia in Miniatura dot\u00e9 de <a href=\"https:\/\/www.campingreno.it\/fr\/camping-en-emilie-romagne-au-bord-de-la-mer\/\"><strong>bungalows, mobil-homes<\/strong><\/a> et <a href=\"https:\/\/www.campingreno.it\/fr\/camping-emilie-romagne-en-bord-de-mer-emplacements\/\"><strong>emplacements.<\/strong><\/a><\/p>\n<p>Italia in Miniatura offre une vari\u00e9t\u00e9 d&rsquo;<strong>attractions<\/strong> qui combinent <strong>culture, divertissement et jeux pour tous les \u00e2ges<\/strong>. Voici quelques-unes des principales:<\/p>\n<p>&nbsp;<\/p>\n<ul>\n<li><strong>Les Miniatures des Monuments Italiens :<\/strong> Le parc est c\u00e9l\u00e8bre pour ses reproductions \u00e0 l&rsquo;\u00e9chelle de plus de 270 monuments et lieux embl\u00e9matiques d&rsquo;Italie, y compris le Colis\u00e9e, la Tour de Pise, le Duomo de Milan, le Grand Canal de Venise et bien d&rsquo;autres.<\/li>\n<li><strong>Italia in Miniatura Express :<\/strong> Un petit train qui emm\u00e8ne les visiteurs faire un tour panoramique du parc, passant pr\u00e8s des principales miniatures et offrant une vue d&rsquo;ensemble.<\/li>\n<li><strong>Venise en Miniature :<\/strong> Une reproduction \u00e0 l&rsquo;\u00e9chelle de la c\u00e9l\u00e8bre ville avec le Grand Canal, les gondoles et les ponts, o\u00f9 vous pouvez vous promener et d\u00e9couvrir chaque d\u00e9tail.<\/li>\n<li><strong>Attractions interactives :<\/strong> Le parc propose diverses attractions th\u00e9matiques o\u00f9 les visiteurs peuvent interagir, comme le \u00ab\u00a0Simulateur de Vol\u00a0\u00bb, qui vous permet de vivre une exp\u00e9rience de vol au-dessus de l&rsquo;Italie.<\/li>\n<li><strong>Les Tours d&rsquo;Italie<\/strong> : Une s\u00e9rie de tours qui reproduisent les principaux campaniles et tours italiens, comme la Tour de Pise, offrant une vue panoramique du parc.<\/li>\n<li><strong>La Maison de Pinocchio :<\/strong> Une zone inspir\u00e9e du c\u00e9l\u00e8bre conte de f\u00e9es, avec des jeux et des toboggans th\u00e9matiques pour les plus petits.<\/li>\n<li><strong>L&rsquo;aire de jeux pour enfants :<\/strong> Une zone avec des jeux en plein air et des attractions d\u00e9di\u00e9es aux plus jeunes enfants.<\/li>\n<li><strong>Le pont tib\u00e9tain :<\/strong> Une attraction o\u00f9 vous pouvez marcher sur un pont suspendu au-dessus d&rsquo;une zone du parc, cr\u00e9ant une exp\u00e9rience d&rsquo;aventure.<\/li>\n<li><strong>La Ferme des Animaux<\/strong> : Une zone o\u00f9 les enfants peuvent voir des animaux typiques de la campagne italienne, comme des ch\u00e8vres, des lapins et des poules.<\/li>\n<li><strong>Simulateur de vol :<\/strong> Une exp\u00e9rience immersive qui permet de \u00ab\u00a0voler\u00a0\u00bb au-dessus de l&rsquo;Italie, en admirant les merveilles du pays d&rsquo;en haut.<\/li>\n<\/ul>\n<p>Italia in Miniatura est une combinaison parfaite d&rsquo;art, de culture et de divertissement, id\u00e9ale pour une journ\u00e9e en famille !<\/p>\n<p>Ne perdez pas de temps, s\u00e9journez au Camping Reno, <strong>Camping Italie Ravenne<\/strong><\/p>\n<p>&nbsp;<\/p>\n<p><a href=\"https:\/\/www.scidoo.com\/preventivov2\/?cod=1209&amp;dataarr=2026%2F04%2F2&amp;notti=1&amp;adult=2&amp;children=&amp;IDsotto_struttura=607&amp;lang=3&amp;structure_type=0&amp;promocode=\"><strong>V\u00c9RIFIEZ LES DISPONIBILIT\u00c9S EN LIGNE<\/strong><\/a><\/p>\n<p>&nbsp;<\/p>\n","protected":false},"excerpt":{"rendered":"<p>Passez une journ\u00e9e \u00e0 Italia in Miniatura, si vous s\u00e9journez au Camping Reno, un Camping Italie Ravenne, camping pr\u00e8s d&rsquo;Italia in Miniatura dot\u00e9 de bungalows, mobil-homes et emplacements. Italia in Miniatura offre une vari\u00e9t\u00e9 d&rsquo;attractions qui combinent culture, divertissement et jeux pour tous les \u00e2ges. Voici quelques-unes des principales: &nbsp; Les Miniatures des Monuments Italiens [&hellip;]<\/p>\n","protected":false},"author":212,"featured_media":4575,"parent":3606,"menu_order":300,"comment_status":"closed","ping_status":"closed","template":"","meta":{"footnotes":""},"class_list":["post-3612","page","type-page","status-publish","has-post-thumbnail","hentry"],"yoast_head":"<!-- This site is optimized with the Yoast SEO plugin v27.3 - https:\/\/yoast.com\/product\/yoast-seo-wordpress\/ -->\n<title>Camping Italie Ravenne | Amusez-vous \u00e0 Italia in Miniatura<\/title>\n<meta name=\"description\" content=\"Si vous cherchez un camping pr\u00e8s d&#039;Italia in Miniatura, il y a le Camping Reno, Camping Italie Ravenne sur la mer avec bungalows et emplacements.\" \/>\n<meta name=\"robots\" content=\"index, follow, max-snippet:-1, max-image-preview:large, max-video-preview:-1\" \/>\n<link rel=\"canonical\" href=\"https:\/\/www.campingreno.it\/fr\/camping-italie-ravenna-directement-sur-la-mer-que-visiter\/camping-emilie-romagne-directement-sur-la-mer-parcs-thematiques\/camping-italie-ravenne-amusez-vous-a-italia-in-miniatura\/\" \/>\n<meta property=\"og:locale\" content=\"fr_FR\" \/>\n<meta property=\"og:type\" content=\"article\" \/>\n<meta property=\"og:title\" content=\"Camping Italie Ravenne | Amusez-vous \u00e0 Italia in Miniatura\" \/>\n<meta property=\"og:description\" content=\"Si vous cherchez un camping pr\u00e8s d&#039;Italia in Miniatura, il y a le Camping Reno, Camping Italie Ravenne sur la mer avec bungalows et emplacements.\" \/>\n<meta property=\"og:url\" content=\"https:\/\/www.campingreno.it\/fr\/camping-italie-ravenna-directement-sur-la-mer-que-visiter\/camping-emilie-romagne-directement-sur-la-mer-parcs-thematiques\/camping-italie-ravenne-amusez-vous-a-italia-in-miniatura\/\" \/>\n<meta property=\"og:site_name\" content=\"Camping Reno\" \/>\n<meta property=\"article:publisher\" content=\"https:\/\/facebook.com\/tomasitourism\" \/>\n<meta property=\"article:modified_time\" content=\"2025-12-22T11:07:26+00:00\" \/>\n<meta property=\"og:image\" content=\"https:\/\/www.campingreno.it\/wp-content\/uploads\/sites\/192\/2025\/12\/italia_in_miniatrua_rimini2_campingreno.jpg\" \/>\n\t<meta property=\"og:image:width\" content=\"892\" \/>\n\t<meta property=\"og:image:height\" content=\"445\" \/>\n\t<meta property=\"og:image:type\" content=\"image\/jpeg\" \/>\n<meta name=\"twitter:card\" content=\"summary_large_image\" \/>\n<meta name=\"twitter:label1\" content=\"Dur\u00e9e de lecture estim\u00e9e\" \/>\n\t<meta name=\"twitter:data1\" content=\"3 minutes\" \/>\n<script type=\"application\/ld+json\" class=\"yoast-schema-graph\">{\"@context\":\"https:\\\/\\\/schema.org\",\"@graph\":[{\"@type\":\"WebPage\",\"@id\":\"https:\\\/\\\/www.campingreno.it\\\/fr\\\/camping-italie-ravenna-directement-sur-la-mer-que-visiter\\\/camping-emilie-romagne-directement-sur-la-mer-parcs-thematiques\\\/camping-italie-ravenne-amusez-vous-a-italia-in-miniatura\\\/\",\"url\":\"https:\\\/\\\/www.campingreno.it\\\/fr\\\/camping-italie-ravenna-directement-sur-la-mer-que-visiter\\\/camping-emilie-romagne-directement-sur-la-mer-parcs-thematiques\\\/camping-italie-ravenne-amusez-vous-a-italia-in-miniatura\\\/\",\"name\":\"Camping Italie Ravenne | Amusez-vous \u00e0 Italia in Miniatura\",\"isPartOf\":{\"@id\":\"https:\\\/\\\/www.campingreno.it\\\/fr\\\/#website\"},\"primaryImageOfPage\":{\"@id\":\"https:\\\/\\\/www.campingreno.it\\\/fr\\\/camping-italie-ravenna-directement-sur-la-mer-que-visiter\\\/camping-emilie-romagne-directement-sur-la-mer-parcs-thematiques\\\/camping-italie-ravenne-amusez-vous-a-italia-in-miniatura\\\/#primaryimage\"},\"image\":{\"@id\":\"https:\\\/\\\/www.campingreno.it\\\/fr\\\/camping-italie-ravenna-directement-sur-la-mer-que-visiter\\\/camping-emilie-romagne-directement-sur-la-mer-parcs-thematiques\\\/camping-italie-ravenne-amusez-vous-a-italia-in-miniatura\\\/#primaryimage\"},\"thumbnailUrl\":\"https:\\\/\\\/www.campingreno.it\\\/wp-content\\\/uploads\\\/sites\\\/192\\\/2025\\\/12\\\/italia_in_miniatrua_rimini2_campingreno.jpg\",\"datePublished\":\"2025-01-25T12:03:55+00:00\",\"dateModified\":\"2025-12-22T11:07:26+00:00\",\"description\":\"Si vous cherchez un camping pr\u00e8s d'Italia in Miniatura, il y a le Camping Reno, Camping Italie Ravenne sur la mer avec bungalows et emplacements.\",\"breadcrumb\":{\"@id\":\"https:\\\/\\\/www.campingreno.it\\\/fr\\\/camping-italie-ravenna-directement-sur-la-mer-que-visiter\\\/camping-emilie-romagne-directement-sur-la-mer-parcs-thematiques\\\/camping-italie-ravenne-amusez-vous-a-italia-in-miniatura\\\/#breadcrumb\"},\"inLanguage\":\"fr-FR\",\"potentialAction\":[{\"@type\":\"ReadAction\",\"target\":[\"https:\\\/\\\/www.campingreno.it\\\/fr\\\/camping-italie-ravenna-directement-sur-la-mer-que-visiter\\\/camping-emilie-romagne-directement-sur-la-mer-parcs-thematiques\\\/camping-italie-ravenne-amusez-vous-a-italia-in-miniatura\\\/\"]}]},{\"@type\":\"ImageObject\",\"inLanguage\":\"fr-FR\",\"@id\":\"https:\\\/\\\/www.campingreno.it\\\/fr\\\/camping-italie-ravenna-directement-sur-la-mer-que-visiter\\\/camping-emilie-romagne-directement-sur-la-mer-parcs-thematiques\\\/camping-italie-ravenne-amusez-vous-a-italia-in-miniatura\\\/#primaryimage\",\"url\":\"https:\\\/\\\/www.campingreno.it\\\/wp-content\\\/uploads\\\/sites\\\/192\\\/2025\\\/12\\\/italia_in_miniatrua_rimini2_campingreno.jpg\",\"contentUrl\":\"https:\\\/\\\/www.campingreno.it\\\/wp-content\\\/uploads\\\/sites\\\/192\\\/2025\\\/12\\\/italia_in_miniatrua_rimini2_campingreno.jpg\",\"width\":892,\"height\":445,\"caption\":\"Camping Italie Ravenne | Amusez-vous \u00e0 Italia in Miniatura\"},{\"@type\":\"BreadcrumbList\",\"@id\":\"https:\\\/\\\/www.campingreno.it\\\/fr\\\/camping-italie-ravenna-directement-sur-la-mer-que-visiter\\\/camping-emilie-romagne-directement-sur-la-mer-parcs-thematiques\\\/camping-italie-ravenne-amusez-vous-a-italia-in-miniatura\\\/#breadcrumb\",\"itemListElement\":[{\"@type\":\"ListItem\",\"position\":1,\"name\":\"Home\",\"item\":\"https:\\\/\\\/www.campingreno.it\\\/fr\\\/\"},{\"@type\":\"ListItem\",\"position\":2,\"name\":\"Que visiter\",\"item\":\"https:\\\/\\\/www.campingreno.it\\\/fr\\\/camping-italie-ravenna-directement-sur-la-mer-que-visiter\\\/\"},{\"@type\":\"ListItem\",\"position\":3,\"name\":\"Parcs Th\u00e9matiques\",\"item\":\"https:\\\/\\\/www.campingreno.it\\\/fr\\\/camping-italie-ravenna-directement-sur-la-mer-que-visiter\\\/camping-emilie-romagne-directement-sur-la-mer-parcs-thematiques\\\/\"},{\"@type\":\"ListItem\",\"position\":4,\"name\":\"Italia in Miniatura\"}]},{\"@type\":\"WebSite\",\"@id\":\"https:\\\/\\\/www.campingreno.it\\\/fr\\\/#website\",\"url\":\"https:\\\/\\\/www.campingreno.it\\\/fr\\\/\",\"name\":\"Camping Reno\",\"description\":\"\",\"publisher\":{\"@id\":\"https:\\\/\\\/www.campingreno.it\\\/fr\\\/#organization\"},\"potentialAction\":[{\"@type\":\"SearchAction\",\"target\":{\"@type\":\"EntryPoint\",\"urlTemplate\":\"https:\\\/\\\/www.campingreno.it\\\/fr\\\/?s={search_term_string}\"},\"query-input\":{\"@type\":\"PropertyValueSpecification\",\"valueRequired\":true,\"valueName\":\"search_term_string\"}}],\"inLanguage\":\"fr-FR\"},{\"@type\":\"Organization\",\"@id\":\"https:\\\/\\\/www.campingreno.it\\\/fr\\\/#organization\",\"name\":\"Camping Reno\",\"url\":\"https:\\\/\\\/www.campingreno.it\\\/fr\\\/\",\"logo\":{\"@type\":\"ImageObject\",\"inLanguage\":\"fr-FR\",\"@id\":\"https:\\\/\\\/www.campingreno.it\\\/fr\\\/#\\\/schema\\\/logo\\\/image\\\/\",\"url\":\"https:\\\/\\\/www.campingreno.it\\\/wp-content\\\/uploads\\\/sites\\\/192\\\/2024\\\/12\\\/logo_reno-no-sfondo-2.png\",\"contentUrl\":\"https:\\\/\\\/www.campingreno.it\\\/wp-content\\\/uploads\\\/sites\\\/192\\\/2024\\\/12\\\/logo_reno-no-sfondo-2.png\",\"width\":567,\"height\":286,\"caption\":\"Camping Reno\"},\"image\":{\"@id\":\"https:\\\/\\\/www.campingreno.it\\\/fr\\\/#\\\/schema\\\/logo\\\/image\\\/\"},\"sameAs\":[\"https:\\\/\\\/facebook.com\\\/tomasitourism\",\"https:\\\/\\\/instagram.com\\\/camping_reno\"]}]}<\/script>\n<!-- \/ Yoast SEO plugin. -->","yoast_head_json":{"title":"Camping Italie Ravenne | Amusez-vous \u00e0 Italia in Miniatura","description":"Si vous cherchez un camping pr\u00e8s d'Italia in Miniatura, il y a le Camping Reno, Camping Italie Ravenne sur la mer avec bungalows et emplacements.","robots":{"index":"index","follow":"follow","max-snippet":"max-snippet:-1","max-image-preview":"max-image-preview:large","max-video-preview":"max-video-preview:-1"},"canonical":"https:\/\/www.campingreno.it\/fr\/camping-italie-ravenna-directement-sur-la-mer-que-visiter\/camping-emilie-romagne-directement-sur-la-mer-parcs-thematiques\/camping-italie-ravenne-amusez-vous-a-italia-in-miniatura\/","og_locale":"fr_FR","og_type":"article","og_title":"Camping Italie Ravenne | Amusez-vous \u00e0 Italia in Miniatura","og_description":"Si vous cherchez un camping pr\u00e8s d'Italia in Miniatura, il y a le Camping Reno, Camping Italie Ravenne sur la mer avec bungalows et emplacements.","og_url":"https:\/\/www.campingreno.it\/fr\/camping-italie-ravenna-directement-sur-la-mer-que-visiter\/camping-emilie-romagne-directement-sur-la-mer-parcs-thematiques\/camping-italie-ravenne-amusez-vous-a-italia-in-miniatura\/","og_site_name":"Camping Reno","article_publisher":"https:\/\/facebook.com\/tomasitourism","article_modified_time":"2025-12-22T11:07:26+00:00","og_image":[{"width":892,"height":445,"url":"https:\/\/www.campingreno.it\/wp-content\/uploads\/sites\/192\/2025\/12\/italia_in_miniatrua_rimini2_campingreno.jpg","type":"image\/jpeg"}],"twitter_card":"summary_large_image","twitter_misc":{"Dur\u00e9e de lecture estim\u00e9e":"3 minutes"},"schema":{"@context":"https:\/\/schema.org","@graph":[{"@type":"WebPage","@id":"https:\/\/www.campingreno.it\/fr\/camping-italie-ravenna-directement-sur-la-mer-que-visiter\/camping-emilie-romagne-directement-sur-la-mer-parcs-thematiques\/camping-italie-ravenne-amusez-vous-a-italia-in-miniatura\/","url":"https:\/\/www.campingreno.it\/fr\/camping-italie-ravenna-directement-sur-la-mer-que-visiter\/camping-emilie-romagne-directement-sur-la-mer-parcs-thematiques\/camping-italie-ravenne-amusez-vous-a-italia-in-miniatura\/","name":"Camping Italie Ravenne | Amusez-vous \u00e0 Italia in Miniatura","isPartOf":{"@id":"https:\/\/www.campingreno.it\/fr\/#website"},"primaryImageOfPage":{"@id":"https:\/\/www.campingreno.it\/fr\/camping-italie-ravenna-directement-sur-la-mer-que-visiter\/camping-emilie-romagne-directement-sur-la-mer-parcs-thematiques\/camping-italie-ravenne-amusez-vous-a-italia-in-miniatura\/#primaryimage"},"image":{"@id":"https:\/\/www.campingreno.it\/fr\/camping-italie-ravenna-directement-sur-la-mer-que-visiter\/camping-emilie-romagne-directement-sur-la-mer-parcs-thematiques\/camping-italie-ravenne-amusez-vous-a-italia-in-miniatura\/#primaryimage"},"thumbnailUrl":"https:\/\/www.campingreno.it\/wp-content\/uploads\/sites\/192\/2025\/12\/italia_in_miniatrua_rimini2_campingreno.jpg","datePublished":"2025-01-25T12:03:55+00:00","dateModified":"2025-12-22T11:07:26+00:00","description":"Si vous cherchez un camping pr\u00e8s d'Italia in Miniatura, il y a le Camping Reno, Camping Italie Ravenne sur la mer avec bungalows et emplacements.","breadcrumb":{"@id":"https:\/\/www.campingreno.it\/fr\/camping-italie-ravenna-directement-sur-la-mer-que-visiter\/camping-emilie-romagne-directement-sur-la-mer-parcs-thematiques\/camping-italie-ravenne-amusez-vous-a-italia-in-miniatura\/#breadcrumb"},"inLanguage":"fr-FR","potentialAction":[{"@type":"ReadAction","target":["https:\/\/www.campingreno.it\/fr\/camping-italie-ravenna-directement-sur-la-mer-que-visiter\/camping-emilie-romagne-directement-sur-la-mer-parcs-thematiques\/camping-italie-ravenne-amusez-vous-a-italia-in-miniatura\/"]}]},{"@type":"ImageObject","inLanguage":"fr-FR","@id":"https:\/\/www.campingreno.it\/fr\/camping-italie-ravenna-directement-sur-la-mer-que-visiter\/camping-emilie-romagne-directement-sur-la-mer-parcs-thematiques\/camping-italie-ravenne-amusez-vous-a-italia-in-miniatura\/#primaryimage","url":"https:\/\/www.campingreno.it\/wp-content\/uploads\/sites\/192\/2025\/12\/italia_in_miniatrua_rimini2_campingreno.jpg","contentUrl":"https:\/\/www.campingreno.it\/wp-content\/uploads\/sites\/192\/2025\/12\/italia_in_miniatrua_rimini2_campingreno.jpg","width":892,"height":445,"caption":"Camping Italie Ravenne | Amusez-vous \u00e0 Italia in Miniatura"},{"@type":"BreadcrumbList","@id":"https:\/\/www.campingreno.it\/fr\/camping-italie-ravenna-directement-sur-la-mer-que-visiter\/camping-emilie-romagne-directement-sur-la-mer-parcs-thematiques\/camping-italie-ravenne-amusez-vous-a-italia-in-miniatura\/#breadcrumb","itemListElement":[{"@type":"ListItem","position":1,"name":"Home","item":"https:\/\/www.campingreno.it\/fr\/"},{"@type":"ListItem","position":2,"name":"Que visiter","item":"https:\/\/www.campingreno.it\/fr\/camping-italie-ravenna-directement-sur-la-mer-que-visiter\/"},{"@type":"ListItem","position":3,"name":"Parcs Th\u00e9matiques","item":"https:\/\/www.campingreno.it\/fr\/camping-italie-ravenna-directement-sur-la-mer-que-visiter\/camping-emilie-romagne-directement-sur-la-mer-parcs-thematiques\/"},{"@type":"ListItem","position":4,"name":"Italia in Miniatura"}]},{"@type":"WebSite","@id":"https:\/\/www.campingreno.it\/fr\/#website","url":"https:\/\/www.campingreno.it\/fr\/","name":"Camping Reno","description":"","publisher":{"@id":"https:\/\/www.campingreno.it\/fr\/#organization"},"potentialAction":[{"@type":"SearchAction","target":{"@type":"EntryPoint","urlTemplate":"https:\/\/www.campingreno.it\/fr\/?s={search_term_string}"},"query-input":{"@type":"PropertyValueSpecification","valueRequired":true,"valueName":"search_term_string"}}],"inLanguage":"fr-FR"},{"@type":"Organization","@id":"https:\/\/www.campingreno.it\/fr\/#organization","name":"Camping Reno","url":"https:\/\/www.campingreno.it\/fr\/","logo":{"@type":"ImageObject","inLanguage":"fr-FR","@id":"https:\/\/www.campingreno.it\/fr\/#\/schema\/logo\/image\/","url":"https:\/\/www.campingreno.it\/wp-content\/uploads\/sites\/192\/2024\/12\/logo_reno-no-sfondo-2.png","contentUrl":"https:\/\/www.campingreno.it\/wp-content\/uploads\/sites\/192\/2024\/12\/logo_reno-no-sfondo-2.png","width":567,"height":286,"caption":"Camping Reno"},"image":{"@id":"https:\/\/www.campingreno.it\/fr\/#\/schema\/logo\/image\/"},"sameAs":["https:\/\/facebook.com\/tomasitourism","https:\/\/instagram.com\/camping_reno"]}]}},"acf":[],"_links":{"self":[{"href":"https:\/\/www.campingreno.it\/fr\/wp-json\/wp\/v2\/pages\/3612","targetHints":{"allow":["GET"]}}],"collection":[{"href":"https:\/\/www.campingreno.it\/fr\/wp-json\/wp\/v2\/pages"}],"about":[{"href":"https:\/\/www.campingreno.it\/fr\/wp-json\/wp\/v2\/types\/page"}],"author":[{"embeddable":true,"href":"https:\/\/www.campingreno.it\/fr\/wp-json\/wp\/v2\/users\/212"}],"replies":[{"embeddable":true,"href":"https:\/\/www.campingreno.it\/fr\/wp-json\/wp\/v2\/comments?post=3612"}],"version-history":[{"count":0,"href":"https:\/\/www.campingreno.it\/fr\/wp-json\/wp\/v2\/pages\/3612\/revisions"}],"up":[{"embeddable":true,"href":"https:\/\/www.campingreno.it\/fr\/wp-json\/wp\/v2\/pages\/3606"}],"wp:featuredmedia":[{"embeddable":true,"href":"https:\/\/www.campingreno.it\/fr\/wp-json\/wp\/v2\/media\/4575"}],"wp:attachment":[{"href":"https:\/\/www.campingreno.it\/fr\/wp-json\/wp\/v2\/media?parent=3612"}],"curies":[{"name":"wp","href":"https:\/\/api.w.org\/{rel}","templated":true}]}}