   {"id":3615,"date":"2025-01-25T10:12:59","date_gmt":"2025-01-25T10:12:59","guid":{"rendered":"https:\/\/www.campingreno.it\/camping-italie-ravenna-directement-sur-la-mer-que-visiter\/camping-emilie-romagne-directement-sur-la-mer-parcs-thematiques\/campeggio-vicino-mirabilandia\/"},"modified":"2025-12-22T11:15:29","modified_gmt":"2025-12-22T11:15:29","slug":"camping-en-bord-de-mer-ravenne-italie-amusez-vous-a-mirabilandia","status":"publish","type":"page","link":"https:\/\/www.campingreno.it\/fr\/camping-italie-ravenna-directement-sur-la-mer-que-visiter\/camping-emilie-romagne-directement-sur-la-mer-parcs-thematiques\/camping-en-bord-de-mer-ravenne-italie-amusez-vous-a-mirabilandia\/","title":{"rendered":"Mirabilandia"},"content":{"rendered":"<p>Passez une journ\u00e9e \u00e0 Mirabilandia, si vous s\u00e9journez au Camping Reno, un <strong>Camping en bord de mer Ravenne Italie<\/strong> dot\u00e9 de <a href=\"https:\/\/www.campingreno.it\/fr\/camping-en-emilie-romagne-au-bord-de-la-mer\/\"><strong>bungalows, mobil-homes<\/strong><\/a> et <a href=\"https:\/\/www.campingreno.it\/fr\/camping-emilie-romagne-en-bord-de-mer-emplacements\/\"><strong>emplacements.<\/strong><\/a><\/p>\n<p>Mirabilandia offre une vaste gamme d&rsquo;attractions pour tous les go\u00fbts ! Voici quelques-unes des principales :<\/p>\n<ul>\n<li><strong>Diabolik Invertigo :<\/strong> Des montagnes russes invers\u00e9es qui vous procurent une pure d\u00e9charge d&rsquo;adr\u00e9naline, en vous retournant plusieurs fois.<\/li>\n<li><strong>Katun :<\/strong> Des montagnes russes \u00ab\u00a0invers\u00e9es\u00a0\u00bb embl\u00e9matiques \u00e0 grande vitesse qui vous font tournoyer entre boucles et virages \u00e0 couper le souffle.<\/li>\n<li><strong>iSpeed :<\/strong> L&rsquo;une des montagnes russes les plus rapides d&rsquo;Europe, qui vous propulse \u00e0 une vitesse impressionnante en quelques secondes.<\/li>\n<li><strong>Mirabilandia Beach :<\/strong> Une grande zone aquatique avec piscines, toboggans et jeux d&rsquo;eau, id\u00e9ale pour se rafra\u00eechir pendant les journ\u00e9es chaudes.<\/li>\n<li><strong>Divertical<\/strong> : Une attraction aquatique qui vous fera plonger \u00e0 grande vitesse pour un grand splash final.<\/li>\n<li><strong>Ramses:<\/strong> Il Risveglio : Un voyage dans l&rsquo;\u00c9gypte ancienne avec des effets sp\u00e9ciaux, des lumi\u00e8res et des sons pour une exp\u00e9rience palpitante.<\/li>\n<li><strong>Discovery<\/strong> : Une tour panoramique d&rsquo;o\u00f9 vous pouvez profiter d&rsquo;une vue spectaculaire sur le parc et les environs.<\/li>\n<li><strong>Cavallino Matto<\/strong> : Une zone d\u00e9di\u00e9e aux plus petits, avec des man\u00e8ges et des attractions con\u00e7us pour eux.<\/li>\n<li><strong>Bimbopoli :<\/strong> Une autre zone pour enfants, avec des attractions calmes et des jeux interactifs.<\/li>\n<li><strong>Spaceland :<\/strong> Un voyage futuriste parmi les \u00e9toiles, avec des effets sp\u00e9ciaux et un th\u00e8me spatial captivant.<\/li>\n<\/ul>\n<p>Ce ne sont l\u00e0 que quelques-unes des nombreuses attractions que Mirabilandia offre. Il y a vraiment beaucoup \u00e0 faire et \u00e0 d\u00e9couvrir, que ce soit pour ceux qui recherchent des sensations fortes ou pour ceux qui pr\u00e9f\u00e8rent des moments de pur divertissement en famille !<\/p>\n<p>Ne manquez pas l&rsquo;occasion de s\u00e9journer au Camping Reno, <strong>Camping en bord de mer Ravenne Italie<\/strong>, dot\u00e9 <strong>d&rsquo;h\u00e9bergements<\/strong> et <strong>d&#8217;emplacements<\/strong><\/p>\n<p>&nbsp;<\/p>\n<p><a href=\"https:\/\/www.scidoo.com\/preventivov2\/?cod=1209&amp;dataarr=2026%2F04%2F2&amp;notti=1&amp;adult=2&amp;children=&amp;IDsotto_struttura=607&amp;lang=3&amp;structure_type=0&amp;promocode=\"><strong>V\u00c9RIFIEZ D\u00c8S MAINTENANT LES DISPONIBILIT\u00c9S EN LIGNE<\/strong><\/a><\/p>\n","protected":false},"excerpt":{"rendered":"<p>Passez une journ\u00e9e \u00e0 Mirabilandia, si vous s\u00e9journez au Camping Reno, un Camping en bord de mer Ravenne Italie dot\u00e9 de bungalows, mobil-homes et emplacements. Mirabilandia offre une vaste gamme d&rsquo;attractions pour tous les go\u00fbts ! Voici quelques-unes des principales : Diabolik Invertigo : Des montagnes russes invers\u00e9es qui vous procurent une pure d\u00e9charge d&rsquo;adr\u00e9naline, [&hellip;]<\/p>\n","protected":false},"author":212,"featured_media":4577,"parent":3606,"menu_order":300,"comment_status":"closed","ping_status":"closed","template":"","meta":{"footnotes":""},"yoast_head":"<!-- This site is optimized with the Yoast SEO plugin v22.3 - https:\/\/yoast.com\/wordpress\/plugins\/seo\/ -->\n<title>Camping en bord de mer Ravenne Italie | Amusez-vous \u00e0 Mirabilandia<\/title>\n<meta name=\"description\" content=\"Si vous cherchez un camping pr\u00e8s de Mirabilandia, il y a le Camping Reno, Camping en bord de mer Ravenne Italie. Demandez un devis sans engagement!\" \/>\n<meta name=\"robots\" content=\"index, follow, max-snippet:-1, max-image-preview:large, max-video-preview:-1\" \/>\n<link rel=\"canonical\" href=\"https:\/\/www.campingreno.it\/fr\/camping-italie-ravenna-directement-sur-la-mer-que-visiter\/camping-emilie-romagne-directement-sur-la-mer-parcs-thematiques\/camping-en-bord-de-mer-ravenne-italie-amusez-vous-a-mirabilandia\/\" \/>\n<meta property=\"og:locale\" content=\"fr_FR\" \/>\n<meta property=\"og:type\" content=\"article\" \/>\n<meta property=\"og:title\" content=\"Camping en bord de mer Ravenne Italie | Amusez-vous \u00e0 Mirabilandia\" \/>\n<meta property=\"og:description\" content=\"Si vous cherchez un camping pr\u00e8s de Mirabilandia, il y a le Camping Reno, Camping en bord de mer Ravenne Italie. Demandez un devis sans engagement!\" \/>\n<meta property=\"og:url\" content=\"https:\/\/www.campingreno.it\/fr\/camping-italie-ravenna-directement-sur-la-mer-que-visiter\/camping-emilie-romagne-directement-sur-la-mer-parcs-thematiques\/camping-en-bord-de-mer-ravenne-italie-amusez-vous-a-mirabilandia\/\" \/>\n<meta property=\"og:site_name\" content=\"Camping Reno\" \/>\n<meta property=\"article:publisher\" content=\"https:\/\/facebook.com\/tomasitourism\" \/>\n<meta property=\"article:modified_time\" content=\"2025-12-22T11:15:29+00:00\" \/>\n<meta property=\"og:image\" content=\"https:\/\/www.campingreno.it\/wp-content\/uploads\/sites\/192\/2025\/12\/mirabilandia_kathun_campingreno.jpg\" \/>\n\t<meta property=\"og:image:width\" content=\"1280\" \/>\n\t<meta property=\"og:image:height\" content=\"720\" \/>\n\t<meta property=\"og:image:type\" content=\"image\/jpeg\" \/>\n<meta name=\"twitter:card\" content=\"summary_large_image\" \/>\n<meta name=\"twitter:label1\" content=\"Dur\u00e9e de lecture estim\u00e9e\" \/>\n\t<meta name=\"twitter:data1\" content=\"2 minutes\" \/>\n<script type=\"application\/ld+json\" class=\"yoast-schema-graph\">{\"@context\":\"https:\/\/schema.org\",\"@graph\":[{\"@type\":\"WebPage\",\"@id\":\"https:\/\/www.campingreno.it\/fr\/camping-italie-ravenna-directement-sur-la-mer-que-visiter\/camping-emilie-romagne-directement-sur-la-mer-parcs-thematiques\/camping-en-bord-de-mer-ravenne-italie-amusez-vous-a-mirabilandia\/\",\"url\":\"https:\/\/www.campingreno.it\/fr\/camping-italie-ravenna-directement-sur-la-mer-que-visiter\/camping-emilie-romagne-directement-sur-la-mer-parcs-thematiques\/camping-en-bord-de-mer-ravenne-italie-amusez-vous-a-mirabilandia\/\",\"name\":\"Camping en bord de mer Ravenne Italie | Amusez-vous \u00e0 Mirabilandia\",\"isPartOf\":{\"@id\":\"https:\/\/www.campingreno.it\/fr\/#website\"},\"primaryImageOfPage\":{\"@id\":\"https:\/\/www.campingreno.it\/fr\/camping-italie-ravenna-directement-sur-la-mer-que-visiter\/camping-emilie-romagne-directement-sur-la-mer-parcs-thematiques\/camping-en-bord-de-mer-ravenne-italie-amusez-vous-a-mirabilandia\/#primaryimage\"},\"image\":{\"@id\":\"https:\/\/www.campingreno.it\/fr\/camping-italie-ravenna-directement-sur-la-mer-que-visiter\/camping-emilie-romagne-directement-sur-la-mer-parcs-thematiques\/camping-en-bord-de-mer-ravenne-italie-amusez-vous-a-mirabilandia\/#primaryimage\"},\"thumbnailUrl\":\"https:\/\/www.campingreno.it\/wp-content\/uploads\/sites\/192\/2025\/12\/mirabilandia_kathun_campingreno.jpg\",\"datePublished\":\"2025-01-25T10:12:59+00:00\",\"dateModified\":\"2025-12-22T11:15:29+00:00\",\"description\":\"Si vous cherchez un camping pr\u00e8s de Mirabilandia, il y a le Camping Reno, Camping en bord de mer Ravenne Italie. Demandez un devis sans engagement!\",\"breadcrumb\":{\"@id\":\"https:\/\/www.campingreno.it\/fr\/camping-italie-ravenna-directement-sur-la-mer-que-visiter\/camping-emilie-romagne-directement-sur-la-mer-parcs-thematiques\/camping-en-bord-de-mer-ravenne-italie-amusez-vous-a-mirabilandia\/#breadcrumb\"},\"inLanguage\":\"fr-FR\",\"potentialAction\":[{\"@type\":\"ReadAction\",\"target\":[\"https:\/\/www.campingreno.it\/fr\/camping-italie-ravenna-directement-sur-la-mer-que-visiter\/camping-emilie-romagne-directement-sur-la-mer-parcs-thematiques\/camping-en-bord-de-mer-ravenne-italie-amusez-vous-a-mirabilandia\/\"]}]},{\"@type\":\"ImageObject\",\"inLanguage\":\"fr-FR\",\"@id\":\"https:\/\/www.campingreno.it\/fr\/camping-italie-ravenna-directement-sur-la-mer-que-visiter\/camping-emilie-romagne-directement-sur-la-mer-parcs-thematiques\/camping-en-bord-de-mer-ravenne-italie-amusez-vous-a-mirabilandia\/#primaryimage\",\"url\":\"https:\/\/www.campingreno.it\/wp-content\/uploads\/sites\/192\/2025\/12\/mirabilandia_kathun_campingreno.jpg\",\"contentUrl\":\"https:\/\/www.campingreno.it\/wp-content\/uploads\/sites\/192\/2025\/12\/mirabilandia_kathun_campingreno.jpg\",\"width\":1280,\"height\":720,\"caption\":\"Camping en bord de mer Ravenne Italie | Amusez-vous \u00e0 Mirabilandia\"},{\"@type\":\"BreadcrumbList\",\"@id\":\"https:\/\/www.campingreno.it\/fr\/camping-italie-ravenna-directement-sur-la-mer-que-visiter\/camping-emilie-romagne-directement-sur-la-mer-parcs-thematiques\/camping-en-bord-de-mer-ravenne-italie-amusez-vous-a-mirabilandia\/#breadcrumb\",\"itemListElement\":[{\"@type\":\"ListItem\",\"position\":1,\"name\":\"Home\",\"item\":\"https:\/\/www.campingreno.it\/fr\/\"},{\"@type\":\"ListItem\",\"position\":2,\"name\":\"Que visiter\",\"item\":\"https:\/\/www.campingreno.it\/fr\/camping-italie-ravenna-directement-sur-la-mer-que-visiter\/\"},{\"@type\":\"ListItem\",\"position\":3,\"name\":\"Parcs Th\u00e9matiques\",\"item\":\"https:\/\/www.campingreno.it\/fr\/camping-italie-ravenna-directement-sur-la-mer-que-visiter\/camping-emilie-romagne-directement-sur-la-mer-parcs-thematiques\/\"},{\"@type\":\"ListItem\",\"position\":4,\"name\":\"Mirabilandia\"}]},{\"@type\":\"WebSite\",\"@id\":\"https:\/\/www.campingreno.it\/fr\/#website\",\"url\":\"https:\/\/www.campingreno.it\/fr\/\",\"name\":\"Camping Reno\",\"description\":\"\",\"publisher\":{\"@id\":\"https:\/\/www.campingreno.it\/fr\/#organization\"},\"potentialAction\":[{\"@type\":\"SearchAction\",\"target\":{\"@type\":\"EntryPoint\",\"urlTemplate\":\"https:\/\/www.campingreno.it\/fr\/?s={search_term_string}\"},\"query-input\":\"required name=search_term_string\"}],\"inLanguage\":\"fr-FR\"},{\"@type\":\"Organization\",\"@id\":\"https:\/\/www.campingreno.it\/fr\/#organization\",\"name\":\"Camping Reno\",\"url\":\"https:\/\/www.campingreno.it\/fr\/\",\"logo\":{\"@type\":\"ImageObject\",\"inLanguage\":\"fr-FR\",\"@id\":\"https:\/\/www.campingreno.it\/fr\/#\/schema\/logo\/image\/\",\"url\":\"https:\/\/www.campingreno.it\/wp-content\/uploads\/sites\/192\/2024\/12\/logo_reno-no-sfondo-2.png\",\"contentUrl\":\"https:\/\/www.campingreno.it\/wp-content\/uploads\/sites\/192\/2024\/12\/logo_reno-no-sfondo-2.png\",\"width\":567,\"height\":286,\"caption\":\"Camping Reno\"},\"image\":{\"@id\":\"https:\/\/www.campingreno.it\/fr\/#\/schema\/logo\/image\/\"},\"sameAs\":[\"https:\/\/facebook.com\/tomasitourism\",\"https:\/\/instagram.com\/camping_reno\"]}]}<\/script>\n<!-- \/ Yoast SEO plugin. -->","yoast_head_json":{"title":"Camping en bord de mer Ravenne Italie | Amusez-vous \u00e0 Mirabilandia","description":"Si vous cherchez un camping pr\u00e8s de Mirabilandia, il y a le Camping Reno, Camping en bord de mer Ravenne Italie. Demandez un devis sans engagement!","robots":{"index":"index","follow":"follow","max-snippet":"max-snippet:-1","max-image-preview":"max-image-preview:large","max-video-preview":"max-video-preview:-1"},"canonical":"https:\/\/www.campingreno.it\/fr\/camping-italie-ravenna-directement-sur-la-mer-que-visiter\/camping-emilie-romagne-directement-sur-la-mer-parcs-thematiques\/camping-en-bord-de-mer-ravenne-italie-amusez-vous-a-mirabilandia\/","og_locale":"fr_FR","og_type":"article","og_title":"Camping en bord de mer Ravenne Italie | Amusez-vous \u00e0 Mirabilandia","og_description":"Si vous cherchez un camping pr\u00e8s de Mirabilandia, il y a le Camping Reno, Camping en bord de mer Ravenne Italie. Demandez un devis sans engagement!","og_url":"https:\/\/www.campingreno.it\/fr\/camping-italie-ravenna-directement-sur-la-mer-que-visiter\/camping-emilie-romagne-directement-sur-la-mer-parcs-thematiques\/camping-en-bord-de-mer-ravenne-italie-amusez-vous-a-mirabilandia\/","og_site_name":"Camping Reno","article_publisher":"https:\/\/facebook.com\/tomasitourism","article_modified_time":"2025-12-22T11:15:29+00:00","og_image":[{"width":1280,"height":720,"url":"https:\/\/www.campingreno.it\/wp-content\/uploads\/sites\/192\/2025\/12\/mirabilandia_kathun_campingreno.jpg","type":"image\/jpeg"}],"twitter_card":"summary_large_image","twitter_misc":{"Dur\u00e9e de lecture estim\u00e9e":"2 minutes"},"schema":{"@context":"https:\/\/schema.org","@graph":[{"@type":"WebPage","@id":"https:\/\/www.campingreno.it\/fr\/camping-italie-ravenna-directement-sur-la-mer-que-visiter\/camping-emilie-romagne-directement-sur-la-mer-parcs-thematiques\/camping-en-bord-de-mer-ravenne-italie-amusez-vous-a-mirabilandia\/","url":"https:\/\/www.campingreno.it\/fr\/camping-italie-ravenna-directement-sur-la-mer-que-visiter\/camping-emilie-romagne-directement-sur-la-mer-parcs-thematiques\/camping-en-bord-de-mer-ravenne-italie-amusez-vous-a-mirabilandia\/","name":"Camping en bord de mer Ravenne Italie | Amusez-vous \u00e0 Mirabilandia","isPartOf":{"@id":"https:\/\/www.campingreno.it\/fr\/#website"},"primaryImageOfPage":{"@id":"https:\/\/www.campingreno.it\/fr\/camping-italie-ravenna-directement-sur-la-mer-que-visiter\/camping-emilie-romagne-directement-sur-la-mer-parcs-thematiques\/camping-en-bord-de-mer-ravenne-italie-amusez-vous-a-mirabilandia\/#primaryimage"},"image":{"@id":"https:\/\/www.campingreno.it\/fr\/camping-italie-ravenna-directement-sur-la-mer-que-visiter\/camping-emilie-romagne-directement-sur-la-mer-parcs-thematiques\/camping-en-bord-de-mer-ravenne-italie-amusez-vous-a-mirabilandia\/#primaryimage"},"thumbnailUrl":"https:\/\/www.campingreno.it\/wp-content\/uploads\/sites\/192\/2025\/12\/mirabilandia_kathun_campingreno.jpg","datePublished":"2025-01-25T10:12:59+00:00","dateModified":"2025-12-22T11:15:29+00:00","description":"Si vous cherchez un camping pr\u00e8s de Mirabilandia, il y a le Camping Reno, Camping en bord de mer Ravenne Italie. Demandez un devis sans engagement!","breadcrumb":{"@id":"https:\/\/www.campingreno.it\/fr\/camping-italie-ravenna-directement-sur-la-mer-que-visiter\/camping-emilie-romagne-directement-sur-la-mer-parcs-thematiques\/camping-en-bord-de-mer-ravenne-italie-amusez-vous-a-mirabilandia\/#breadcrumb"},"inLanguage":"fr-FR","potentialAction":[{"@type":"ReadAction","target":["https:\/\/www.campingreno.it\/fr\/camping-italie-ravenna-directement-sur-la-mer-que-visiter\/camping-emilie-romagne-directement-sur-la-mer-parcs-thematiques\/camping-en-bord-de-mer-ravenne-italie-amusez-vous-a-mirabilandia\/"]}]},{"@type":"ImageObject","inLanguage":"fr-FR","@id":"https:\/\/www.campingreno.it\/fr\/camping-italie-ravenna-directement-sur-la-mer-que-visiter\/camping-emilie-romagne-directement-sur-la-mer-parcs-thematiques\/camping-en-bord-de-mer-ravenne-italie-amusez-vous-a-mirabilandia\/#primaryimage","url":"https:\/\/www.campingreno.it\/wp-content\/uploads\/sites\/192\/2025\/12\/mirabilandia_kathun_campingreno.jpg","contentUrl":"https:\/\/www.campingreno.it\/wp-content\/uploads\/sites\/192\/2025\/12\/mirabilandia_kathun_campingreno.jpg","width":1280,"height":720,"caption":"Camping en bord de mer Ravenne Italie | Amusez-vous \u00e0 Mirabilandia"},{"@type":"BreadcrumbList","@id":"https:\/\/www.campingreno.it\/fr\/camping-italie-ravenna-directement-sur-la-mer-que-visiter\/camping-emilie-romagne-directement-sur-la-mer-parcs-thematiques\/camping-en-bord-de-mer-ravenne-italie-amusez-vous-a-mirabilandia\/#breadcrumb","itemListElement":[{"@type":"ListItem","position":1,"name":"Home","item":"https:\/\/www.campingreno.it\/fr\/"},{"@type":"ListItem","position":2,"name":"Que visiter","item":"https:\/\/www.campingreno.it\/fr\/camping-italie-ravenna-directement-sur-la-mer-que-visiter\/"},{"@type":"ListItem","position":3,"name":"Parcs Th\u00e9matiques","item":"https:\/\/www.campingreno.it\/fr\/camping-italie-ravenna-directement-sur-la-mer-que-visiter\/camping-emilie-romagne-directement-sur-la-mer-parcs-thematiques\/"},{"@type":"ListItem","position":4,"name":"Mirabilandia"}]},{"@type":"WebSite","@id":"https:\/\/www.campingreno.it\/fr\/#website","url":"https:\/\/www.campingreno.it\/fr\/","name":"Camping Reno","description":"","publisher":{"@id":"https:\/\/www.campingreno.it\/fr\/#organization"},"potentialAction":[{"@type":"SearchAction","target":{"@type":"EntryPoint","urlTemplate":"https:\/\/www.campingreno.it\/fr\/?s={search_term_string}"},"query-input":"required name=search_term_string"}],"inLanguage":"fr-FR"},{"@type":"Organization","@id":"https:\/\/www.campingreno.it\/fr\/#organization","name":"Camping Reno","url":"https:\/\/www.campingreno.it\/fr\/","logo":{"@type":"ImageObject","inLanguage":"fr-FR","@id":"https:\/\/www.campingreno.it\/fr\/#\/schema\/logo\/image\/","url":"https:\/\/www.campingreno.it\/wp-content\/uploads\/sites\/192\/2024\/12\/logo_reno-no-sfondo-2.png","contentUrl":"https:\/\/www.campingreno.it\/wp-content\/uploads\/sites\/192\/2024\/12\/logo_reno-no-sfondo-2.png","width":567,"height":286,"caption":"Camping Reno"},"image":{"@id":"https:\/\/www.campingreno.it\/fr\/#\/schema\/logo\/image\/"},"sameAs":["https:\/\/facebook.com\/tomasitourism","https:\/\/instagram.com\/camping_reno"]}]}},"acf":[],"_links":{"self":[{"href":"https:\/\/www.campingreno.it\/fr\/wp-json\/wp\/v2\/pages\/3615"}],"collection":[{"href":"https:\/\/www.campingreno.it\/fr\/wp-json\/wp\/v2\/pages"}],"about":[{"href":"https:\/\/www.campingreno.it\/fr\/wp-json\/wp\/v2\/types\/page"}],"author":[{"embeddable":true,"href":"https:\/\/www.campingreno.it\/fr\/wp-json\/wp\/v2\/users\/212"}],"replies":[{"embeddable":true,"href":"https:\/\/www.campingreno.it\/fr\/wp-json\/wp\/v2\/comments?post=3615"}],"version-history":[{"count":0,"href":"https:\/\/www.campingreno.it\/fr\/wp-json\/wp\/v2\/pages\/3615\/revisions"}],"up":[{"embeddable":true,"href":"https:\/\/www.campingreno.it\/fr\/wp-json\/wp\/v2\/pages\/3606"}],"wp:featuredmedia":[{"embeddable":true,"href":"https:\/\/www.campingreno.it\/fr\/wp-json\/wp\/v2\/media\/4577"}],"wp:attachment":[{"href":"https:\/\/www.campingreno.it\/fr\/wp-json\/wp\/v2\/media?parent=3615"}],"curies":[{"name":"wp","href":"https:\/\/api.w.org\/{rel}","templated":true}]}}