   {"id":3618,"date":"2025-01-25T11:24:02","date_gmt":"2025-01-25T11:24:02","guid":{"rendered":"https:\/\/www.campingreno.it\/camping-italie-ravenna-directement-sur-la-mer-que-visiter\/camping-emilie-romagne-directement-sur-la-mer-parcs-thematiques\/campeggio-vicino-oltremare\/"},"modified":"2025-12-22T11:17:10","modified_gmt":"2025-12-22T11:17:10","slug":"camping-en-emilie-romagne-sur-la-mer-amusez-vous-a-oltremare","status":"publish","type":"page","link":"https:\/\/www.campingreno.it\/fr\/camping-italie-ravenna-directement-sur-la-mer-que-visiter\/camping-emilie-romagne-directement-sur-la-mer-parcs-thematiques\/camping-en-emilie-romagne-sur-la-mer-amusez-vous-a-oltremare\/","title":{"rendered":"Oltremare"},"content":{"rendered":"<p>Passez une journ\u00e9e \u00e0 Oltremare, si vous s\u00e9journez au Camping Reno, un <strong>Camping en \u00c9milie-Romagne sur la mer<\/strong> dot\u00e9 de <a href=\"https:\/\/www.campingreno.it\/fr\/camping-en-emilie-romagne-au-bord-de-la-mer\/\"><strong>bungalows, mobil-homes<\/strong><\/a> et <a href=\"https:\/\/www.campingreno.it\/fr\/camping-emilie-romagne-en-bord-de-mer-emplacements\/\"><strong>emplacements.<\/strong><\/a><\/p>\n<p>Oltremare de Riccione offre un m\u00e9lange d&rsquo;attractions li\u00e9es \u00e0 la nature, au monde marin et \u00e0 l&rsquo;aventure. Voici quelques-unes des principales :<\/p>\n<ul>\n<li><strong>Delfinario :<\/strong> Une zone spectaculaire o\u00f9 l&rsquo;on peut voir des exhibitions de dauphins, avec des performances acrobatiques et des interactions avec le public.<\/li>\n<li><strong>Odissea :<\/strong> Une attraction interactive qui emm\u00e8ne les visiteurs dans un voyage \u00e0 travers l&rsquo;ancienne Gr\u00e8ce, avec des exp\u00e9riences immersives et des jeux d&rsquo;eau.<\/li>\n<li><strong>Volo del Falconiere<\/strong> : Une exp\u00e9rience qui permet d&rsquo;admirer des spectacles de fauconnerie avec des rapaces en vol, dans un contexte naturel.<\/li>\n<li><strong>Cave degli Animali :<\/strong> Un parcours souterrain qui explore diff\u00e9rents habitats et pr\u00e9sente une vari\u00e9t\u00e9 d&rsquo;animaux exotiques et rares.<\/li>\n<li><strong>Acquario :<\/strong> Un parcours qui emm\u00e8ne les visiteurs \u00e0 la d\u00e9couverte du monde marin avec des bassins contenant des poissons et des cr\u00e9atures provenant de diff\u00e9rents \u00e9cosyst\u00e8mes aquatiques.<\/li>\n<li><strong>Pianeta Terra :<\/strong> Une zone qui explore les diff\u00e9rents environnements terrestres, des montagnes \u00e0 la savane, en mettant l&rsquo;accent sur la biodiversit\u00e9.<\/li>\n<li><strong>Giraffe Safari :<\/strong> Une exp\u00e9rience o\u00f9 les visiteurs peuvent voir de pr\u00e8s des girafes et d&rsquo;autres animaux de la savane dans un contexte naturel.<\/li>\n<li><strong>Citt\u00e0 dell&rsquo;Acqua :<\/strong> Une zone interactive avec des jeux d&rsquo;eau con\u00e7ue pour les plus petits, o\u00f9 ils peuvent jouer et se rafra\u00eechir.<\/li>\n<li><strong>Bimbi Oltremare :<\/strong> Une zone d\u00e9di\u00e9e aux enfants, avec des jeux et des attractions adapt\u00e9s \u00e0 leur \u00e2ge, comme de petits man\u00e8ges et des toboggans.<\/li>\n<\/ul>\n<p>Oltremare est un parc qui unit l&rsquo;aventure au respect de la nature, offrant une exp\u00e9rience \u00e9ducative et amusante pour toute la famille.<\/p>\n<p>Ne perdez pas de temps, r\u00e9servez votre s\u00e9jour au Camping Reno, <strong>Camping en \u00c9milie-Romagne sur la mer<\/strong>, dot\u00e9 de bungalows, mobil-homes et emplacements.<\/p>\n<p>&nbsp;<\/p>\n<p><a href=\"https:\/\/www.scidoo.com\/preventivov2\/?cod=1209&amp;dataarr=2026%2F04%2F2&amp;notti=1&amp;adult=2&amp;children=&amp;IDsotto_struttura=607&amp;lang=3&amp;structure_type=0&amp;promocode=\"><strong>V\u00c9RIFIEZ D\u00c8S MAINTENANT LA DISPONIBILIT\u00c9 EN LIGNE<\/strong><\/a><\/p>\n","protected":false},"excerpt":{"rendered":"<p>Passez une journ\u00e9e \u00e0 Oltremare, si vous s\u00e9journez au Camping Reno, un Camping en \u00c9milie-Romagne sur la mer dot\u00e9 de bungalows, mobil-homes et emplacements. Oltremare de Riccione offre un m\u00e9lange d&rsquo;attractions li\u00e9es \u00e0 la nature, au monde marin et \u00e0 l&rsquo;aventure. Voici quelques-unes des principales : Delfinario : Une zone spectaculaire o\u00f9 l&rsquo;on peut voir [&hellip;]<\/p>\n","protected":false},"author":212,"featured_media":4578,"parent":3606,"menu_order":300,"comment_status":"closed","ping_status":"closed","template":"","meta":{"footnotes":""},"class_list":["post-3618","page","type-page","status-publish","has-post-thumbnail","hentry"],"yoast_head":"<!-- This site is optimized with the Yoast SEO plugin v27.3 - https:\/\/yoast.com\/product\/yoast-seo-wordpress\/ -->\n<title>Camping en \u00c9milie-Romagne sur la mer | Amusez-vous \u00e0 Oltremare<\/title>\n<meta name=\"description\" content=\"Si vous cherchez un camping pr\u00e8s d&#039;Oltremare, il y a le Camping Reno, Camping en \u00c9milie-Romagne sur la mer, Demandez un devis!\" \/>\n<meta name=\"robots\" content=\"index, follow, max-snippet:-1, max-image-preview:large, max-video-preview:-1\" \/>\n<link rel=\"canonical\" href=\"https:\/\/www.campingreno.it\/fr\/camping-italie-ravenna-directement-sur-la-mer-que-visiter\/camping-emilie-romagne-directement-sur-la-mer-parcs-thematiques\/camping-en-emilie-romagne-sur-la-mer-amusez-vous-a-oltremare\/\" \/>\n<meta property=\"og:locale\" content=\"fr_FR\" \/>\n<meta property=\"og:type\" content=\"article\" \/>\n<meta property=\"og:title\" content=\"Camping en \u00c9milie-Romagne sur la mer | Amusez-vous \u00e0 Oltremare\" \/>\n<meta property=\"og:description\" content=\"Si vous cherchez un camping pr\u00e8s d&#039;Oltremare, il y a le Camping Reno, Camping en \u00c9milie-Romagne sur la mer, Demandez un devis!\" \/>\n<meta property=\"og:url\" content=\"https:\/\/www.campingreno.it\/fr\/camping-italie-ravenna-directement-sur-la-mer-que-visiter\/camping-emilie-romagne-directement-sur-la-mer-parcs-thematiques\/camping-en-emilie-romagne-sur-la-mer-amusez-vous-a-oltremare\/\" \/>\n<meta property=\"og:site_name\" content=\"Camping Reno\" \/>\n<meta property=\"article:publisher\" content=\"https:\/\/facebook.com\/tomasitourism\" \/>\n<meta property=\"article:modified_time\" content=\"2025-12-22T11:17:10+00:00\" \/>\n<meta property=\"og:image\" content=\"https:\/\/www.campingreno.it\/wp-content\/uploads\/sites\/192\/2025\/12\/oltremare_delfini_campingreno.jpg\" \/>\n\t<meta property=\"og:image:width\" content=\"1024\" \/>\n\t<meta property=\"og:image:height\" content=\"768\" \/>\n\t<meta property=\"og:image:type\" content=\"image\/jpeg\" \/>\n<meta name=\"twitter:card\" content=\"summary_large_image\" \/>\n<meta name=\"twitter:label1\" content=\"Dur\u00e9e de lecture estim\u00e9e\" \/>\n\t<meta name=\"twitter:data1\" content=\"2 minutes\" \/>\n<script type=\"application\/ld+json\" class=\"yoast-schema-graph\">{\"@context\":\"https:\\\/\\\/schema.org\",\"@graph\":[{\"@type\":\"WebPage\",\"@id\":\"https:\\\/\\\/www.campingreno.it\\\/fr\\\/camping-italie-ravenna-directement-sur-la-mer-que-visiter\\\/camping-emilie-romagne-directement-sur-la-mer-parcs-thematiques\\\/camping-en-emilie-romagne-sur-la-mer-amusez-vous-a-oltremare\\\/\",\"url\":\"https:\\\/\\\/www.campingreno.it\\\/fr\\\/camping-italie-ravenna-directement-sur-la-mer-que-visiter\\\/camping-emilie-romagne-directement-sur-la-mer-parcs-thematiques\\\/camping-en-emilie-romagne-sur-la-mer-amusez-vous-a-oltremare\\\/\",\"name\":\"Camping en \u00c9milie-Romagne sur la mer | Amusez-vous \u00e0 Oltremare\",\"isPartOf\":{\"@id\":\"https:\\\/\\\/www.campingreno.it\\\/fr\\\/#website\"},\"primaryImageOfPage\":{\"@id\":\"https:\\\/\\\/www.campingreno.it\\\/fr\\\/camping-italie-ravenna-directement-sur-la-mer-que-visiter\\\/camping-emilie-romagne-directement-sur-la-mer-parcs-thematiques\\\/camping-en-emilie-romagne-sur-la-mer-amusez-vous-a-oltremare\\\/#primaryimage\"},\"image\":{\"@id\":\"https:\\\/\\\/www.campingreno.it\\\/fr\\\/camping-italie-ravenna-directement-sur-la-mer-que-visiter\\\/camping-emilie-romagne-directement-sur-la-mer-parcs-thematiques\\\/camping-en-emilie-romagne-sur-la-mer-amusez-vous-a-oltremare\\\/#primaryimage\"},\"thumbnailUrl\":\"https:\\\/\\\/www.campingreno.it\\\/wp-content\\\/uploads\\\/sites\\\/192\\\/2025\\\/12\\\/oltremare_delfini_campingreno.jpg\",\"datePublished\":\"2025-01-25T11:24:02+00:00\",\"dateModified\":\"2025-12-22T11:17:10+00:00\",\"description\":\"Si vous cherchez un camping pr\u00e8s d'Oltremare, il y a le Camping Reno, Camping en \u00c9milie-Romagne sur la mer, Demandez un devis!\",\"breadcrumb\":{\"@id\":\"https:\\\/\\\/www.campingreno.it\\\/fr\\\/camping-italie-ravenna-directement-sur-la-mer-que-visiter\\\/camping-emilie-romagne-directement-sur-la-mer-parcs-thematiques\\\/camping-en-emilie-romagne-sur-la-mer-amusez-vous-a-oltremare\\\/#breadcrumb\"},\"inLanguage\":\"fr-FR\",\"potentialAction\":[{\"@type\":\"ReadAction\",\"target\":[\"https:\\\/\\\/www.campingreno.it\\\/fr\\\/camping-italie-ravenna-directement-sur-la-mer-que-visiter\\\/camping-emilie-romagne-directement-sur-la-mer-parcs-thematiques\\\/camping-en-emilie-romagne-sur-la-mer-amusez-vous-a-oltremare\\\/\"]}]},{\"@type\":\"ImageObject\",\"inLanguage\":\"fr-FR\",\"@id\":\"https:\\\/\\\/www.campingreno.it\\\/fr\\\/camping-italie-ravenna-directement-sur-la-mer-que-visiter\\\/camping-emilie-romagne-directement-sur-la-mer-parcs-thematiques\\\/camping-en-emilie-romagne-sur-la-mer-amusez-vous-a-oltremare\\\/#primaryimage\",\"url\":\"https:\\\/\\\/www.campingreno.it\\\/wp-content\\\/uploads\\\/sites\\\/192\\\/2025\\\/12\\\/oltremare_delfini_campingreno.jpg\",\"contentUrl\":\"https:\\\/\\\/www.campingreno.it\\\/wp-content\\\/uploads\\\/sites\\\/192\\\/2025\\\/12\\\/oltremare_delfini_campingreno.jpg\",\"width\":1024,\"height\":768,\"caption\":\"Camping en \u00c9milie-Romagne sur la mer | Amusez-vous \u00e0 Oltremare\"},{\"@type\":\"BreadcrumbList\",\"@id\":\"https:\\\/\\\/www.campingreno.it\\\/fr\\\/camping-italie-ravenna-directement-sur-la-mer-que-visiter\\\/camping-emilie-romagne-directement-sur-la-mer-parcs-thematiques\\\/camping-en-emilie-romagne-sur-la-mer-amusez-vous-a-oltremare\\\/#breadcrumb\",\"itemListElement\":[{\"@type\":\"ListItem\",\"position\":1,\"name\":\"Home\",\"item\":\"https:\\\/\\\/www.campingreno.it\\\/fr\\\/\"},{\"@type\":\"ListItem\",\"position\":2,\"name\":\"Que visiter\",\"item\":\"https:\\\/\\\/www.campingreno.it\\\/fr\\\/camping-italie-ravenna-directement-sur-la-mer-que-visiter\\\/\"},{\"@type\":\"ListItem\",\"position\":3,\"name\":\"Parcs Th\u00e9matiques\",\"item\":\"https:\\\/\\\/www.campingreno.it\\\/fr\\\/camping-italie-ravenna-directement-sur-la-mer-que-visiter\\\/camping-emilie-romagne-directement-sur-la-mer-parcs-thematiques\\\/\"},{\"@type\":\"ListItem\",\"position\":4,\"name\":\"Oltremare\"}]},{\"@type\":\"WebSite\",\"@id\":\"https:\\\/\\\/www.campingreno.it\\\/fr\\\/#website\",\"url\":\"https:\\\/\\\/www.campingreno.it\\\/fr\\\/\",\"name\":\"Camping Reno\",\"description\":\"\",\"publisher\":{\"@id\":\"https:\\\/\\\/www.campingreno.it\\\/fr\\\/#organization\"},\"potentialAction\":[{\"@type\":\"SearchAction\",\"target\":{\"@type\":\"EntryPoint\",\"urlTemplate\":\"https:\\\/\\\/www.campingreno.it\\\/fr\\\/?s={search_term_string}\"},\"query-input\":{\"@type\":\"PropertyValueSpecification\",\"valueRequired\":true,\"valueName\":\"search_term_string\"}}],\"inLanguage\":\"fr-FR\"},{\"@type\":\"Organization\",\"@id\":\"https:\\\/\\\/www.campingreno.it\\\/fr\\\/#organization\",\"name\":\"Camping Reno\",\"url\":\"https:\\\/\\\/www.campingreno.it\\\/fr\\\/\",\"logo\":{\"@type\":\"ImageObject\",\"inLanguage\":\"fr-FR\",\"@id\":\"https:\\\/\\\/www.campingreno.it\\\/fr\\\/#\\\/schema\\\/logo\\\/image\\\/\",\"url\":\"https:\\\/\\\/www.campingreno.it\\\/wp-content\\\/uploads\\\/sites\\\/192\\\/2024\\\/12\\\/logo_reno-no-sfondo-2.png\",\"contentUrl\":\"https:\\\/\\\/www.campingreno.it\\\/wp-content\\\/uploads\\\/sites\\\/192\\\/2024\\\/12\\\/logo_reno-no-sfondo-2.png\",\"width\":567,\"height\":286,\"caption\":\"Camping Reno\"},\"image\":{\"@id\":\"https:\\\/\\\/www.campingreno.it\\\/fr\\\/#\\\/schema\\\/logo\\\/image\\\/\"},\"sameAs\":[\"https:\\\/\\\/facebook.com\\\/tomasitourism\",\"https:\\\/\\\/instagram.com\\\/camping_reno\"]}]}<\/script>\n<!-- \/ Yoast SEO plugin. -->","yoast_head_json":{"title":"Camping en \u00c9milie-Romagne sur la mer | Amusez-vous \u00e0 Oltremare","description":"Si vous cherchez un camping pr\u00e8s d'Oltremare, il y a le Camping Reno, Camping en \u00c9milie-Romagne sur la mer, Demandez un devis!","robots":{"index":"index","follow":"follow","max-snippet":"max-snippet:-1","max-image-preview":"max-image-preview:large","max-video-preview":"max-video-preview:-1"},"canonical":"https:\/\/www.campingreno.it\/fr\/camping-italie-ravenna-directement-sur-la-mer-que-visiter\/camping-emilie-romagne-directement-sur-la-mer-parcs-thematiques\/camping-en-emilie-romagne-sur-la-mer-amusez-vous-a-oltremare\/","og_locale":"fr_FR","og_type":"article","og_title":"Camping en \u00c9milie-Romagne sur la mer | Amusez-vous \u00e0 Oltremare","og_description":"Si vous cherchez un camping pr\u00e8s d'Oltremare, il y a le Camping Reno, Camping en \u00c9milie-Romagne sur la mer, Demandez un devis!","og_url":"https:\/\/www.campingreno.it\/fr\/camping-italie-ravenna-directement-sur-la-mer-que-visiter\/camping-emilie-romagne-directement-sur-la-mer-parcs-thematiques\/camping-en-emilie-romagne-sur-la-mer-amusez-vous-a-oltremare\/","og_site_name":"Camping Reno","article_publisher":"https:\/\/facebook.com\/tomasitourism","article_modified_time":"2025-12-22T11:17:10+00:00","og_image":[{"width":1024,"height":768,"url":"https:\/\/www.campingreno.it\/wp-content\/uploads\/sites\/192\/2025\/12\/oltremare_delfini_campingreno.jpg","type":"image\/jpeg"}],"twitter_card":"summary_large_image","twitter_misc":{"Dur\u00e9e de lecture estim\u00e9e":"2 minutes"},"schema":{"@context":"https:\/\/schema.org","@graph":[{"@type":"WebPage","@id":"https:\/\/www.campingreno.it\/fr\/camping-italie-ravenna-directement-sur-la-mer-que-visiter\/camping-emilie-romagne-directement-sur-la-mer-parcs-thematiques\/camping-en-emilie-romagne-sur-la-mer-amusez-vous-a-oltremare\/","url":"https:\/\/www.campingreno.it\/fr\/camping-italie-ravenna-directement-sur-la-mer-que-visiter\/camping-emilie-romagne-directement-sur-la-mer-parcs-thematiques\/camping-en-emilie-romagne-sur-la-mer-amusez-vous-a-oltremare\/","name":"Camping en \u00c9milie-Romagne sur la mer | Amusez-vous \u00e0 Oltremare","isPartOf":{"@id":"https:\/\/www.campingreno.it\/fr\/#website"},"primaryImageOfPage":{"@id":"https:\/\/www.campingreno.it\/fr\/camping-italie-ravenna-directement-sur-la-mer-que-visiter\/camping-emilie-romagne-directement-sur-la-mer-parcs-thematiques\/camping-en-emilie-romagne-sur-la-mer-amusez-vous-a-oltremare\/#primaryimage"},"image":{"@id":"https:\/\/www.campingreno.it\/fr\/camping-italie-ravenna-directement-sur-la-mer-que-visiter\/camping-emilie-romagne-directement-sur-la-mer-parcs-thematiques\/camping-en-emilie-romagne-sur-la-mer-amusez-vous-a-oltremare\/#primaryimage"},"thumbnailUrl":"https:\/\/www.campingreno.it\/wp-content\/uploads\/sites\/192\/2025\/12\/oltremare_delfini_campingreno.jpg","datePublished":"2025-01-25T11:24:02+00:00","dateModified":"2025-12-22T11:17:10+00:00","description":"Si vous cherchez un camping pr\u00e8s d'Oltremare, il y a le Camping Reno, Camping en \u00c9milie-Romagne sur la mer, Demandez un devis!","breadcrumb":{"@id":"https:\/\/www.campingreno.it\/fr\/camping-italie-ravenna-directement-sur-la-mer-que-visiter\/camping-emilie-romagne-directement-sur-la-mer-parcs-thematiques\/camping-en-emilie-romagne-sur-la-mer-amusez-vous-a-oltremare\/#breadcrumb"},"inLanguage":"fr-FR","potentialAction":[{"@type":"ReadAction","target":["https:\/\/www.campingreno.it\/fr\/camping-italie-ravenna-directement-sur-la-mer-que-visiter\/camping-emilie-romagne-directement-sur-la-mer-parcs-thematiques\/camping-en-emilie-romagne-sur-la-mer-amusez-vous-a-oltremare\/"]}]},{"@type":"ImageObject","inLanguage":"fr-FR","@id":"https:\/\/www.campingreno.it\/fr\/camping-italie-ravenna-directement-sur-la-mer-que-visiter\/camping-emilie-romagne-directement-sur-la-mer-parcs-thematiques\/camping-en-emilie-romagne-sur-la-mer-amusez-vous-a-oltremare\/#primaryimage","url":"https:\/\/www.campingreno.it\/wp-content\/uploads\/sites\/192\/2025\/12\/oltremare_delfini_campingreno.jpg","contentUrl":"https:\/\/www.campingreno.it\/wp-content\/uploads\/sites\/192\/2025\/12\/oltremare_delfini_campingreno.jpg","width":1024,"height":768,"caption":"Camping en \u00c9milie-Romagne sur la mer | Amusez-vous \u00e0 Oltremare"},{"@type":"BreadcrumbList","@id":"https:\/\/www.campingreno.it\/fr\/camping-italie-ravenna-directement-sur-la-mer-que-visiter\/camping-emilie-romagne-directement-sur-la-mer-parcs-thematiques\/camping-en-emilie-romagne-sur-la-mer-amusez-vous-a-oltremare\/#breadcrumb","itemListElement":[{"@type":"ListItem","position":1,"name":"Home","item":"https:\/\/www.campingreno.it\/fr\/"},{"@type":"ListItem","position":2,"name":"Que visiter","item":"https:\/\/www.campingreno.it\/fr\/camping-italie-ravenna-directement-sur-la-mer-que-visiter\/"},{"@type":"ListItem","position":3,"name":"Parcs Th\u00e9matiques","item":"https:\/\/www.campingreno.it\/fr\/camping-italie-ravenna-directement-sur-la-mer-que-visiter\/camping-emilie-romagne-directement-sur-la-mer-parcs-thematiques\/"},{"@type":"ListItem","position":4,"name":"Oltremare"}]},{"@type":"WebSite","@id":"https:\/\/www.campingreno.it\/fr\/#website","url":"https:\/\/www.campingreno.it\/fr\/","name":"Camping Reno","description":"","publisher":{"@id":"https:\/\/www.campingreno.it\/fr\/#organization"},"potentialAction":[{"@type":"SearchAction","target":{"@type":"EntryPoint","urlTemplate":"https:\/\/www.campingreno.it\/fr\/?s={search_term_string}"},"query-input":{"@type":"PropertyValueSpecification","valueRequired":true,"valueName":"search_term_string"}}],"inLanguage":"fr-FR"},{"@type":"Organization","@id":"https:\/\/www.campingreno.it\/fr\/#organization","name":"Camping Reno","url":"https:\/\/www.campingreno.it\/fr\/","logo":{"@type":"ImageObject","inLanguage":"fr-FR","@id":"https:\/\/www.campingreno.it\/fr\/#\/schema\/logo\/image\/","url":"https:\/\/www.campingreno.it\/wp-content\/uploads\/sites\/192\/2024\/12\/logo_reno-no-sfondo-2.png","contentUrl":"https:\/\/www.campingreno.it\/wp-content\/uploads\/sites\/192\/2024\/12\/logo_reno-no-sfondo-2.png","width":567,"height":286,"caption":"Camping Reno"},"image":{"@id":"https:\/\/www.campingreno.it\/fr\/#\/schema\/logo\/image\/"},"sameAs":["https:\/\/facebook.com\/tomasitourism","https:\/\/instagram.com\/camping_reno"]}]}},"acf":[],"_links":{"self":[{"href":"https:\/\/www.campingreno.it\/fr\/wp-json\/wp\/v2\/pages\/3618","targetHints":{"allow":["GET"]}}],"collection":[{"href":"https:\/\/www.campingreno.it\/fr\/wp-json\/wp\/v2\/pages"}],"about":[{"href":"https:\/\/www.campingreno.it\/fr\/wp-json\/wp\/v2\/types\/page"}],"author":[{"embeddable":true,"href":"https:\/\/www.campingreno.it\/fr\/wp-json\/wp\/v2\/users\/212"}],"replies":[{"embeddable":true,"href":"https:\/\/www.campingreno.it\/fr\/wp-json\/wp\/v2\/comments?post=3618"}],"version-history":[{"count":0,"href":"https:\/\/www.campingreno.it\/fr\/wp-json\/wp\/v2\/pages\/3618\/revisions"}],"up":[{"embeddable":true,"href":"https:\/\/www.campingreno.it\/fr\/wp-json\/wp\/v2\/pages\/3606"}],"wp:featuredmedia":[{"embeddable":true,"href":"https:\/\/www.campingreno.it\/fr\/wp-json\/wp\/v2\/media\/4578"}],"wp:attachment":[{"href":"https:\/\/www.campingreno.it\/fr\/wp-json\/wp\/v2\/media?parent=3618"}],"curies":[{"name":"wp","href":"https:\/\/api.w.org\/{rel}","templated":true}]}}