   {"id":3621,"date":"2025-01-16T10:23:02","date_gmt":"2025-01-16T10:23:02","guid":{"rendered":"https:\/\/www.campingreno.it\/camping-italie-ravenna-directement-sur-la-mer-que-visiter\/campeggio-nel-parco-del-delta-del-po\/"},"modified":"2025-12-22T11:30:13","modified_gmt":"2025-12-22T11:30:13","slug":"camping-dans-le-parc-du-delta-du-po","status":"publish","type":"page","link":"https:\/\/www.campingreno.it\/fr\/camping-italie-ravenna-directement-sur-la-mer-que-visiter\/camping-dans-le-parc-du-delta-du-po\/","title":{"rendered":"Parc du Delta"},"content":{"rendered":"<p>Le Parc du Delta du P\u00f4 est un lieu magique et enchanteur, situ\u00e9 au sein du Camping Reno, un <strong>camping dans le Parc du Delta du P\u00f4<\/strong>, \u00e0 explorer gr\u00e2ce \u00e0 ses nombreuses excursions.<\/p>\n<p>Le parc s&rsquo;\u00e9tend sur une <strong>zone environnementale et \u00e9cologique v\u00e9ritablement unique<\/strong>, <strong>52 000 hectares<\/strong> de territoire <strong>riches en biodiversit\u00e9,<\/strong> en <strong>flore et en faune<\/strong>. Les esp\u00e8ces animales et v\u00e9g\u00e9tales y sont en effet tr\u00e8s nombreuses : on y trouve plus de <strong>300 esp\u00e8ces d&rsquo;oiseaux<\/strong> et <strong>1000 esp\u00e8ces v\u00e9g\u00e9tales diff\u00e9rentes.<\/strong><\/p>\n<p>Un v\u00e9ritable paradis pour tous les amoureux de la nature et aussi pour les <strong>passionn\u00e9s de birdwatching.<\/strong><br \/>\nLaissez-vous envo\u00fbter par l&rsquo;incroyable beaut\u00e9 de cette r\u00e9gion, le charme des paysages immacul\u00e9s et le silence de la lagune.<br \/>\nExplorez toutes les possibilit\u00e9s d&rsquo;excursions que vous pourrez faire : elles sont vraiment tr\u00e8s nombreuses !<\/p>\n<p>S\u00e9journez au Camping Reno, <strong>Camping dans le Parc du Delta du P\u00f4<\/strong>, dot\u00e9 d&rsquo;h\u00e9bergements et d&#8217;emplacements pour tous les go\u00fbts.<\/p>\n<p>&nbsp;<\/p>\n<p><a href=\"https:\/\/www.scidoo.com\/preventivov2\/?cod=1209&amp;dataarr=2026%2F04%2F2&amp;notti=1&amp;adult=2&amp;children=&amp;IDsotto_struttura=607&amp;lang=3&amp;structure_type=0&amp;promocode=\"><strong>V\u00c9RIFIEZ D\u00c8S MAINTENANT LA DISPONIBILIT\u00c9 EN LIGNE<\/strong><\/a><\/p>\n","protected":false},"excerpt":{"rendered":"<p>Le Parc du Delta du P\u00f4 est un lieu magique et enchanteur, situ\u00e9 au sein du Camping Reno, un camping dans le Parc du Delta du P\u00f4, \u00e0 explorer gr\u00e2ce \u00e0 ses nombreuses excursions. Le parc s&rsquo;\u00e9tend sur une zone environnementale et \u00e9cologique v\u00e9ritablement unique, 52 000 hectares de territoire riches en biodiversit\u00e9, en flore [&hellip;]<\/p>\n","protected":false},"author":13,"featured_media":4579,"parent":3587,"menu_order":15,"comment_status":"closed","ping_status":"closed","template":"template-territory-single.php","meta":{"footnotes":""},"yoast_head":"<!-- This site is optimized with the Yoast SEO plugin v22.3 - https:\/\/yoast.com\/wordpress\/plugins\/seo\/ -->\n<title>Camping dans le Parc du Delta du P\u00f4 | Camping Reno<\/title>\n<meta name=\"description\" content=\"Si vous cherchez un camping dans le Parc du Delta du P\u00f4, il y a le Camping Reno \u00e0 Ravenne, dot\u00e9 de mobil-homes et d&#039;emplacements!\" \/>\n<meta name=\"robots\" content=\"index, follow, max-snippet:-1, max-image-preview:large, max-video-preview:-1\" \/>\n<link rel=\"canonical\" href=\"https:\/\/www.campingreno.it\/fr\/camping-italie-ravenna-directement-sur-la-mer-que-visiter\/camping-dans-le-parc-du-delta-du-po\/\" \/>\n<meta property=\"og:locale\" content=\"fr_FR\" \/>\n<meta property=\"og:type\" content=\"article\" \/>\n<meta property=\"og:title\" content=\"Camping dans le Parc du Delta du P\u00f4 | Camping Reno\" \/>\n<meta property=\"og:description\" content=\"Si vous cherchez un camping dans le Parc du Delta du P\u00f4, il y a le Camping Reno \u00e0 Ravenne, dot\u00e9 de mobil-homes et d&#039;emplacements!\" \/>\n<meta property=\"og:url\" content=\"https:\/\/www.campingreno.it\/fr\/camping-italie-ravenna-directement-sur-la-mer-que-visiter\/camping-dans-le-parc-du-delta-du-po\/\" \/>\n<meta property=\"og:site_name\" content=\"Camping Reno\" \/>\n<meta property=\"article:publisher\" content=\"https:\/\/facebook.com\/tomasitourism\" \/>\n<meta property=\"article:modified_time\" content=\"2025-12-22T11:30:13+00:00\" \/>\n<meta property=\"og:image\" content=\"https:\/\/www.campingreno.it\/wp-content\/uploads\/sites\/192\/2025\/12\/parco_del_delta_del_po_escursionibici_campingreno.jpg\" \/>\n\t<meta property=\"og:image:width\" content=\"1500\" \/>\n\t<meta property=\"og:image:height\" content=\"486\" \/>\n\t<meta property=\"og:image:type\" content=\"image\/jpeg\" \/>\n<meta name=\"twitter:card\" content=\"summary_large_image\" \/>\n<meta name=\"twitter:label1\" content=\"Dur\u00e9e de lecture estim\u00e9e\" \/>\n\t<meta name=\"twitter:data1\" content=\"2 minutes\" \/>\n<script type=\"application\/ld+json\" class=\"yoast-schema-graph\">{\"@context\":\"https:\/\/schema.org\",\"@graph\":[{\"@type\":\"WebPage\",\"@id\":\"https:\/\/www.campingreno.it\/fr\/camping-italie-ravenna-directement-sur-la-mer-que-visiter\/camping-dans-le-parc-du-delta-du-po\/\",\"url\":\"https:\/\/www.campingreno.it\/fr\/camping-italie-ravenna-directement-sur-la-mer-que-visiter\/camping-dans-le-parc-du-delta-du-po\/\",\"name\":\"Camping dans le Parc du Delta du P\u00f4 | Camping Reno\",\"isPartOf\":{\"@id\":\"https:\/\/www.campingreno.it\/fr\/#website\"},\"primaryImageOfPage\":{\"@id\":\"https:\/\/www.campingreno.it\/fr\/camping-italie-ravenna-directement-sur-la-mer-que-visiter\/camping-dans-le-parc-du-delta-du-po\/#primaryimage\"},\"image\":{\"@id\":\"https:\/\/www.campingreno.it\/fr\/camping-italie-ravenna-directement-sur-la-mer-que-visiter\/camping-dans-le-parc-du-delta-du-po\/#primaryimage\"},\"thumbnailUrl\":\"https:\/\/www.campingreno.it\/wp-content\/uploads\/sites\/192\/2025\/12\/parco_del_delta_del_po_escursionibici_campingreno.jpg\",\"datePublished\":\"2025-01-16T10:23:02+00:00\",\"dateModified\":\"2025-12-22T11:30:13+00:00\",\"description\":\"Si vous cherchez un camping dans le Parc du Delta du P\u00f4, il y a le Camping Reno \u00e0 Ravenne, dot\u00e9 de mobil-homes et d'emplacements!\",\"breadcrumb\":{\"@id\":\"https:\/\/www.campingreno.it\/fr\/camping-italie-ravenna-directement-sur-la-mer-que-visiter\/camping-dans-le-parc-du-delta-du-po\/#breadcrumb\"},\"inLanguage\":\"fr-FR\",\"potentialAction\":[{\"@type\":\"ReadAction\",\"target\":[\"https:\/\/www.campingreno.it\/fr\/camping-italie-ravenna-directement-sur-la-mer-que-visiter\/camping-dans-le-parc-du-delta-du-po\/\"]}]},{\"@type\":\"ImageObject\",\"inLanguage\":\"fr-FR\",\"@id\":\"https:\/\/www.campingreno.it\/fr\/camping-italie-ravenna-directement-sur-la-mer-que-visiter\/camping-dans-le-parc-du-delta-du-po\/#primaryimage\",\"url\":\"https:\/\/www.campingreno.it\/wp-content\/uploads\/sites\/192\/2025\/12\/parco_del_delta_del_po_escursionibici_campingreno.jpg\",\"contentUrl\":\"https:\/\/www.campingreno.it\/wp-content\/uploads\/sites\/192\/2025\/12\/parco_del_delta_del_po_escursionibici_campingreno.jpg\",\"width\":1500,\"height\":486,\"caption\":\"Camping dans le Parc du Delta du P\u00f4 | Camping Reno\"},{\"@type\":\"BreadcrumbList\",\"@id\":\"https:\/\/www.campingreno.it\/fr\/camping-italie-ravenna-directement-sur-la-mer-que-visiter\/camping-dans-le-parc-du-delta-du-po\/#breadcrumb\",\"itemListElement\":[{\"@type\":\"ListItem\",\"position\":1,\"name\":\"Home\",\"item\":\"https:\/\/www.campingreno.it\/fr\/\"},{\"@type\":\"ListItem\",\"position\":2,\"name\":\"Que visiter\",\"item\":\"https:\/\/www.campingreno.it\/fr\/camping-italie-ravenna-directement-sur-la-mer-que-visiter\/\"},{\"@type\":\"ListItem\",\"position\":3,\"name\":\"Parc du Delta\"}]},{\"@type\":\"WebSite\",\"@id\":\"https:\/\/www.campingreno.it\/fr\/#website\",\"url\":\"https:\/\/www.campingreno.it\/fr\/\",\"name\":\"Camping Reno\",\"description\":\"\",\"publisher\":{\"@id\":\"https:\/\/www.campingreno.it\/fr\/#organization\"},\"potentialAction\":[{\"@type\":\"SearchAction\",\"target\":{\"@type\":\"EntryPoint\",\"urlTemplate\":\"https:\/\/www.campingreno.it\/fr\/?s={search_term_string}\"},\"query-input\":\"required name=search_term_string\"}],\"inLanguage\":\"fr-FR\"},{\"@type\":\"Organization\",\"@id\":\"https:\/\/www.campingreno.it\/fr\/#organization\",\"name\":\"Camping Reno\",\"url\":\"https:\/\/www.campingreno.it\/fr\/\",\"logo\":{\"@type\":\"ImageObject\",\"inLanguage\":\"fr-FR\",\"@id\":\"https:\/\/www.campingreno.it\/fr\/#\/schema\/logo\/image\/\",\"url\":\"https:\/\/www.campingreno.it\/wp-content\/uploads\/sites\/192\/2024\/12\/logo_reno-no-sfondo-2.png\",\"contentUrl\":\"https:\/\/www.campingreno.it\/wp-content\/uploads\/sites\/192\/2024\/12\/logo_reno-no-sfondo-2.png\",\"width\":567,\"height\":286,\"caption\":\"Camping Reno\"},\"image\":{\"@id\":\"https:\/\/www.campingreno.it\/fr\/#\/schema\/logo\/image\/\"},\"sameAs\":[\"https:\/\/facebook.com\/tomasitourism\",\"https:\/\/instagram.com\/camping_reno\"]}]}<\/script>\n<!-- \/ Yoast SEO plugin. -->","yoast_head_json":{"title":"Camping dans le Parc du Delta du P\u00f4 | Camping Reno","description":"Si vous cherchez un camping dans le Parc du Delta du P\u00f4, il y a le Camping Reno \u00e0 Ravenne, dot\u00e9 de mobil-homes et d'emplacements!","robots":{"index":"index","follow":"follow","max-snippet":"max-snippet:-1","max-image-preview":"max-image-preview:large","max-video-preview":"max-video-preview:-1"},"canonical":"https:\/\/www.campingreno.it\/fr\/camping-italie-ravenna-directement-sur-la-mer-que-visiter\/camping-dans-le-parc-du-delta-du-po\/","og_locale":"fr_FR","og_type":"article","og_title":"Camping dans le Parc du Delta du P\u00f4 | Camping Reno","og_description":"Si vous cherchez un camping dans le Parc du Delta du P\u00f4, il y a le Camping Reno \u00e0 Ravenne, dot\u00e9 de mobil-homes et d'emplacements!","og_url":"https:\/\/www.campingreno.it\/fr\/camping-italie-ravenna-directement-sur-la-mer-que-visiter\/camping-dans-le-parc-du-delta-du-po\/","og_site_name":"Camping Reno","article_publisher":"https:\/\/facebook.com\/tomasitourism","article_modified_time":"2025-12-22T11:30:13+00:00","og_image":[{"width":1500,"height":486,"url":"https:\/\/www.campingreno.it\/wp-content\/uploads\/sites\/192\/2025\/12\/parco_del_delta_del_po_escursionibici_campingreno.jpg","type":"image\/jpeg"}],"twitter_card":"summary_large_image","twitter_misc":{"Dur\u00e9e de lecture estim\u00e9e":"2 minutes"},"schema":{"@context":"https:\/\/schema.org","@graph":[{"@type":"WebPage","@id":"https:\/\/www.campingreno.it\/fr\/camping-italie-ravenna-directement-sur-la-mer-que-visiter\/camping-dans-le-parc-du-delta-du-po\/","url":"https:\/\/www.campingreno.it\/fr\/camping-italie-ravenna-directement-sur-la-mer-que-visiter\/camping-dans-le-parc-du-delta-du-po\/","name":"Camping dans le Parc du Delta du P\u00f4 | Camping Reno","isPartOf":{"@id":"https:\/\/www.campingreno.it\/fr\/#website"},"primaryImageOfPage":{"@id":"https:\/\/www.campingreno.it\/fr\/camping-italie-ravenna-directement-sur-la-mer-que-visiter\/camping-dans-le-parc-du-delta-du-po\/#primaryimage"},"image":{"@id":"https:\/\/www.campingreno.it\/fr\/camping-italie-ravenna-directement-sur-la-mer-que-visiter\/camping-dans-le-parc-du-delta-du-po\/#primaryimage"},"thumbnailUrl":"https:\/\/www.campingreno.it\/wp-content\/uploads\/sites\/192\/2025\/12\/parco_del_delta_del_po_escursionibici_campingreno.jpg","datePublished":"2025-01-16T10:23:02+00:00","dateModified":"2025-12-22T11:30:13+00:00","description":"Si vous cherchez un camping dans le Parc du Delta du P\u00f4, il y a le Camping Reno \u00e0 Ravenne, dot\u00e9 de mobil-homes et d'emplacements!","breadcrumb":{"@id":"https:\/\/www.campingreno.it\/fr\/camping-italie-ravenna-directement-sur-la-mer-que-visiter\/camping-dans-le-parc-du-delta-du-po\/#breadcrumb"},"inLanguage":"fr-FR","potentialAction":[{"@type":"ReadAction","target":["https:\/\/www.campingreno.it\/fr\/camping-italie-ravenna-directement-sur-la-mer-que-visiter\/camping-dans-le-parc-du-delta-du-po\/"]}]},{"@type":"ImageObject","inLanguage":"fr-FR","@id":"https:\/\/www.campingreno.it\/fr\/camping-italie-ravenna-directement-sur-la-mer-que-visiter\/camping-dans-le-parc-du-delta-du-po\/#primaryimage","url":"https:\/\/www.campingreno.it\/wp-content\/uploads\/sites\/192\/2025\/12\/parco_del_delta_del_po_escursionibici_campingreno.jpg","contentUrl":"https:\/\/www.campingreno.it\/wp-content\/uploads\/sites\/192\/2025\/12\/parco_del_delta_del_po_escursionibici_campingreno.jpg","width":1500,"height":486,"caption":"Camping dans le Parc du Delta du P\u00f4 | Camping Reno"},{"@type":"BreadcrumbList","@id":"https:\/\/www.campingreno.it\/fr\/camping-italie-ravenna-directement-sur-la-mer-que-visiter\/camping-dans-le-parc-du-delta-du-po\/#breadcrumb","itemListElement":[{"@type":"ListItem","position":1,"name":"Home","item":"https:\/\/www.campingreno.it\/fr\/"},{"@type":"ListItem","position":2,"name":"Que visiter","item":"https:\/\/www.campingreno.it\/fr\/camping-italie-ravenna-directement-sur-la-mer-que-visiter\/"},{"@type":"ListItem","position":3,"name":"Parc du Delta"}]},{"@type":"WebSite","@id":"https:\/\/www.campingreno.it\/fr\/#website","url":"https:\/\/www.campingreno.it\/fr\/","name":"Camping Reno","description":"","publisher":{"@id":"https:\/\/www.campingreno.it\/fr\/#organization"},"potentialAction":[{"@type":"SearchAction","target":{"@type":"EntryPoint","urlTemplate":"https:\/\/www.campingreno.it\/fr\/?s={search_term_string}"},"query-input":"required name=search_term_string"}],"inLanguage":"fr-FR"},{"@type":"Organization","@id":"https:\/\/www.campingreno.it\/fr\/#organization","name":"Camping Reno","url":"https:\/\/www.campingreno.it\/fr\/","logo":{"@type":"ImageObject","inLanguage":"fr-FR","@id":"https:\/\/www.campingreno.it\/fr\/#\/schema\/logo\/image\/","url":"https:\/\/www.campingreno.it\/wp-content\/uploads\/sites\/192\/2024\/12\/logo_reno-no-sfondo-2.png","contentUrl":"https:\/\/www.campingreno.it\/wp-content\/uploads\/sites\/192\/2024\/12\/logo_reno-no-sfondo-2.png","width":567,"height":286,"caption":"Camping Reno"},"image":{"@id":"https:\/\/www.campingreno.it\/fr\/#\/schema\/logo\/image\/"},"sameAs":["https:\/\/facebook.com\/tomasitourism","https:\/\/instagram.com\/camping_reno"]}]}},"acf":[],"_links":{"self":[{"href":"https:\/\/www.campingreno.it\/fr\/wp-json\/wp\/v2\/pages\/3621"}],"collection":[{"href":"https:\/\/www.campingreno.it\/fr\/wp-json\/wp\/v2\/pages"}],"about":[{"href":"https:\/\/www.campingreno.it\/fr\/wp-json\/wp\/v2\/types\/page"}],"author":[{"embeddable":true,"href":"https:\/\/www.campingreno.it\/fr\/wp-json\/wp\/v2\/users\/13"}],"replies":[{"embeddable":true,"href":"https:\/\/www.campingreno.it\/fr\/wp-json\/wp\/v2\/comments?post=3621"}],"version-history":[{"count":0,"href":"https:\/\/www.campingreno.it\/fr\/wp-json\/wp\/v2\/pages\/3621\/revisions"}],"up":[{"embeddable":true,"href":"https:\/\/www.campingreno.it\/fr\/wp-json\/wp\/v2\/pages\/3587"}],"wp:featuredmedia":[{"embeddable":true,"href":"https:\/\/www.campingreno.it\/fr\/wp-json\/wp\/v2\/media\/4579"}],"wp:attachment":[{"href":"https:\/\/www.campingreno.it\/fr\/wp-json\/wp\/v2\/media?parent=3621"}],"curies":[{"name":"wp","href":"https:\/\/api.w.org\/{rel}","templated":true}]}}