   {"id":3624,"date":"2025-04-25T16:24:16","date_gmt":"2025-04-25T16:24:16","guid":{"rendered":"https:\/\/www.campingreno.it\/area-sosta-camper-casal-borsetti\/"},"modified":"2025-12-22T11:32:37","modified_gmt":"2025-12-22T11:32:37","slug":"aire-de-camping-car-casal-borsetti-italie","status":"publish","type":"page","link":"https:\/\/www.campingreno.it\/fr\/aire-de-camping-car-casal-borsetti-italie\/","title":{"rendered":"Aire de camping-car Casal Borsetti Italie"},"content":{"rendered":"<p>Profitez d\u00e8s maintenant de l&rsquo;<strong>Aire de camping-car Casal Borsetti Italie<\/strong> au Camping Reno \u00e0 Casal Borsetti, <strong>directement sur la mer, sur les Lidi Nord de Ravenne.<\/strong><br \/>\nVous pouvez arriver et partir avec votre camping-car tous les jours de la semaine. <strong>Possibilit\u00e9 de late check-out.<\/strong><\/p>\n<p>&nbsp;<\/p>\n<p>Voici comment r\u00e9server l&rsquo;<strong>Aire de camping-car Casal Borsetti Italie<\/strong> du Camping Reno:<\/p>\n<ul>\n<li>Demandez un devis en indiquant dans le formulaire votre p\u00e9riode de vacances pr\u00e9f\u00e9r\u00e9e.<\/li>\n<li>R\u00e9servez directement en ligne avec une carte de cr\u00e9dit en <a href=\"https:\/\/www.scidoo.com\/preventivov2\/?cod=1209&amp;dataarr=2025-9-21&amp;notti=7&amp;adult=2&amp;children=&amp;IDsotto_struttura=0&amp;lang=3&amp;structure_type=0&amp;promocode=\"><strong>cliquant ici.<\/strong><\/a><\/li>\n<li>Appelez directement notre r\u00e9ception au +39 0544 445020, ouverte tous les jours de 8h \u00e0 20h.<\/li>\n<\/ul>\n<p>&nbsp;<\/p>\n<p><strong>LES PRIX INCLUENT<\/strong><\/p>\n<ul>\n<li>4 personnes<\/li>\n<li>Raccordement \u00e9lectrique (Prise conforme CEE \u2013 Protection 4A, sauf indication contraire)<\/li>\n<li>Acc\u00e8s direct \u00e0 la plage libre<\/li>\n<li>Douches chaudes<\/li>\n<li>Animation pour petits et grands (p\u00e9riode juillet \u2013 ao\u00fbt)<\/li>\n<li>Acc\u00e8s \u00e0 la piscine (juin \u2013 ao\u00fbt, bonnet non obligatoire)<\/li>\n<li>Espace sportif : beach-volley, raquettes de plage, p\u00e9tanque, tirs libres de basket, ping-pong<\/li>\n<li>TVA 10 % (Sauf variations TVA ou taxe de s\u00e9jour)<\/li>\n<li>Barbecue<\/li>\n<li>Vidange des eaux us\u00e9es<\/li>\n<\/ul>\n<p>&nbsp;<\/p>\n<p><strong>LES PRIX N&rsquo;INCLUENT PAS<\/strong><\/p>\n<ul>\n<li>Taxe de s\u00e9jour \u00e0 r\u00e9gler sur place<\/li>\n<li>Location de parasols et transats<\/li>\n<\/ul>\n<p><strong>SERVICES SUPPL\u00c9MENTAIRES SUR R\u00c9SERVATION<\/strong><\/p>\n<ul>\n<li>Location de parasols et transats sur la plage<\/li>\n<li>Cellule R\u00e9frig\u00e9rateur et Cong\u00e9lateur avec cl\u00e9<\/li>\n<li>Location de v\u00e9los \u00e9quip\u00e9s de casque et si\u00e8ge enfant.<\/li>\n<\/ul>\n<p>&nbsp;<\/p>\n<p><strong>CAMPING DIRECTEMENT SUR LA MER<\/strong><\/p>\n<p>Naturelle et sauvage, comme l&rsquo;aiment les vrais campeurs, la plage de sable fin et le fond marin en pente douce de Casal Borsetti, sur les lidos de Ravenne.<br \/>\n<strong>D\u00e9couvrez notre galerie photo.<\/strong><\/p>\n<p>&nbsp;<\/p>\n<p><strong>PLAGE ACCESSIBLE AUX CHIENS<\/strong><\/p>\n<p>\u00c0 50-60 m\u00e8tres du portail qui donne acc\u00e8s \u00e0 la magnifique plage de sable fin du Camping Reno, mer avec fond marin en pente douce, en marchant vers le sud, direction Marina Romea, il y a une portion de plage libre o\u00f9 les chiens peuvent rester et se baigner en votre compagnie. Vous devez simplement vous \u00e9quiper d&rsquo;un parasol, de serviettes et d&rsquo;une laisse pour profiter du bonheur de votre chien ador\u00e9 en toute libert\u00e9.<br \/>\nPS : Nous rappelons que les chiens dans les lieux publics doivent toujours \u00eatre accompagn\u00e9s et tenus en laisse pour la s\u00e9curit\u00e9 des autres personnes, surtout des enfants. Laisse et petit sac toujours \u00e0 port\u00e9e de main.<\/p>\n<p>&nbsp;<\/p>\n<p><strong>JETER UN \u0152IL \u00c0 NOS EMPLACEMENTS CAMPING-CAR<\/strong><\/p>\n<ul>\n<li><a href=\"https:\/\/www.campingreno.it\/fr\/camping-emilie-romagne-en-bord-de-mer-emplacements\/emplacements-camping-car-ravenne\/\">Emplacement Camping-car<\/a><\/li>\n<li>Pour plus d&rsquo;informations, appelez la r\u00e9ception au 0544 445020.<\/li>\n<\/ul>\n<p>&nbsp;<\/p>\n<p><strong>POSSIBILIT\u00c9 DE LOUER DES PARASOLS ET TRANSATS SUR LA PLAGE<\/strong><\/p>\n<p>Les parasols et les transats sont disponibles \u00e0 la location, sous r\u00e9serve de disponibilit\u00e9, nous recommandons la r\u00e9servation. Ils sont \u00e0 la disposition de tous nos h\u00f4tes s\u00e9journant en <a href=\"https:\/\/www.campingreno.it\/fr\/camping-en-emilie-romagne-au-bord-de-la-mer\/\"><strong>Bungalow-Mobil-home.<\/strong><\/a><br \/>\n<a href=\"https:\/\/www.campingreno.it\/fr\/liste-des-prix\/\">D\u00e9couvrez nos prix.<\/a><\/p>\n<p>&nbsp;<\/p>\n<p><strong>AU RESTAURANT OU AU BAR<\/strong><\/p>\n<p>Sous la table, votre chien, tenu sous strict contr\u00f4le, peut se d\u00e9tendre pendant que vous savourez une d\u00e9licieuse pizza ou une exquise friture de poisson accompagn\u00e9e d&rsquo;une bonne chope de bi\u00e8re ou d&rsquo;un verre de vin.<br \/>\n<a href=\"https:\/\/www.campingreno.it\/wp-content\/uploads\/sites\/192\/2025\/04\/Menu-ristorante-camping-Reno.pdf\">D\u00e9couvrez le menu de notre restaurant.<\/a><\/p>\n<p>&nbsp;<\/p>\n<p><strong>AU SUPERMARCH\u00c9 ET BAZAR<\/strong><\/p>\n<p>Besoin de quelque chose au supermarch\u00e9 ? Vous pouvez \u00e9galement emmener votre ami \u00e0 quatre pattes et d\u00e9couvrir avec lui la grande quantit\u00e9 de produits frais et emball\u00e9s de notre march\u00e9.<br \/>\n<strong>Large vari\u00e9t\u00e9 de nourriture pour chiens.<\/strong><br \/>\n<a href=\"https:\/\/www.campingreno.it\/fr\/camping-emilie-romagne-directement-sur-la-mer-services\/camping-marina-di-ravenna-italie-market\/\">D\u00e9couvrez ce que vous pouvez trouver au march\u00e9.<\/a><\/p>\n<p>&nbsp;<\/p>\n<p><strong>DOUCHE ET FONTAINES POUR CHIENS<\/strong><\/p>\n<p>\u00c0 l&rsquo;int\u00e9rieur du camping, nous avons une douche pour chiens o\u00f9, au retour de la plage, vous pouvez facilement rincer votre chien avant de retourner \u00e0 votre h\u00e9bergement ou emplacement, ou avant de vous arr\u00eater au supermarch\u00e9 pour faire des courses de derni\u00e8re minute, ou pourquoi pas, avant de vous arr\u00eater \u00e0 notre bar pour un ap\u00e9ritif avant le d\u00eener.<\/p>\n<p>&nbsp;<\/p>\n<p><strong>LA PIN\u00c8DE DE CASAL BORSETTI<\/strong><\/p>\n<p>T\u00f4t le matin, il n&rsquo;y a pas de meilleur endroit pour promener votre fid\u00e8le ami \u00e0 quatre pattes. L&rsquo;ombre, la fra\u00eecheur de l&rsquo;air, le sol doux, recouvert d&rsquo;aiguilles de pin, sont le cadre parfait pour les vacances de votre chien \u00e9galement.<\/p>\n<p>&nbsp;<\/p>\n<p>&nbsp;<\/p>\n<p>&nbsp;<\/p>\n","protected":false},"excerpt":{"rendered":"<p>Profitez d\u00e8s maintenant de l&rsquo;Aire de camping-car Casal Borsetti Italie au Camping Reno \u00e0 Casal Borsetti, directement sur la mer, sur les Lidi Nord de Ravenne. Vous pouvez arriver et partir avec votre camping-car tous les jours de la semaine. Possibilit\u00e9 de late check-out. &nbsp; Voici comment r\u00e9server l&rsquo;Aire de camping-car Casal Borsetti Italie du [&hellip;]<\/p>\n","protected":false},"author":212,"featured_media":4580,"parent":0,"menu_order":300,"comment_status":"closed","ping_status":"closed","template":"","meta":{"footnotes":""},"class_list":["post-3624","page","type-page","status-publish","has-post-thumbnail","hentry"],"yoast_head":"<!-- This site is optimized with the Yoast SEO plugin v27.3 - https:\/\/yoast.com\/product\/yoast-seo-wordpress\/ -->\n<title>Aire de camping-car Casal Borsetti Italie | Camping Reno<\/title>\n<meta name=\"description\" content=\"\u00c0 Casal Borsetti, au Camping Reno, il y a une Aire de camping-car Casal Borsetti Italie, Emplacements \u00e0 partir de 22 \u20ac\/nuit par \u00e9quipage. Demandez un devis!\" \/>\n<meta name=\"robots\" content=\"index, follow, max-snippet:-1, max-image-preview:large, max-video-preview:-1\" \/>\n<link rel=\"canonical\" href=\"https:\/\/www.campingreno.it\/fr\/aire-de-camping-car-casal-borsetti-italie\/\" \/>\n<meta property=\"og:locale\" content=\"fr_FR\" \/>\n<meta property=\"og:type\" content=\"article\" \/>\n<meta property=\"og:title\" content=\"Aire de camping-car Casal Borsetti Italie | Camping Reno\" \/>\n<meta property=\"og:description\" content=\"\u00c0 Casal Borsetti, au Camping Reno, il y a une Aire de camping-car Casal Borsetti Italie, Emplacements \u00e0 partir de 22 \u20ac\/nuit par \u00e9quipage. Demandez un devis!\" \/>\n<meta property=\"og:url\" content=\"https:\/\/www.campingreno.it\/fr\/aire-de-camping-car-casal-borsetti-italie\/\" \/>\n<meta property=\"og:site_name\" content=\"Camping Reno\" \/>\n<meta property=\"article:publisher\" content=\"https:\/\/facebook.com\/tomasitourism\" \/>\n<meta property=\"article:modified_time\" content=\"2025-12-22T11:32:37+00:00\" \/>\n<meta property=\"og:image\" content=\"https:\/\/www.campingreno.it\/wp-content\/uploads\/sites\/192\/2025\/12\/Immagine-WhatsApp-2025-05-28-ore-18.36.34_08706358-2.jpg\" \/>\n\t<meta property=\"og:image:width\" content=\"1600\" \/>\n\t<meta property=\"og:image:height\" content=\"1200\" \/>\n\t<meta property=\"og:image:type\" content=\"image\/jpeg\" \/>\n<meta name=\"twitter:card\" content=\"summary_large_image\" \/>\n<meta name=\"twitter:label1\" content=\"Dur\u00e9e de lecture estim\u00e9e\" \/>\n\t<meta name=\"twitter:data1\" content=\"4 minutes\" \/>\n<script type=\"application\/ld+json\" class=\"yoast-schema-graph\">{\"@context\":\"https:\\\/\\\/schema.org\",\"@graph\":[{\"@type\":\"WebPage\",\"@id\":\"https:\\\/\\\/www.campingreno.it\\\/fr\\\/aire-de-camping-car-casal-borsetti-italie\\\/\",\"url\":\"https:\\\/\\\/www.campingreno.it\\\/fr\\\/aire-de-camping-car-casal-borsetti-italie\\\/\",\"name\":\"Aire de camping-car Casal Borsetti Italie | Camping Reno\",\"isPartOf\":{\"@id\":\"https:\\\/\\\/www.campingreno.it\\\/fr\\\/#website\"},\"primaryImageOfPage\":{\"@id\":\"https:\\\/\\\/www.campingreno.it\\\/fr\\\/aire-de-camping-car-casal-borsetti-italie\\\/#primaryimage\"},\"image\":{\"@id\":\"https:\\\/\\\/www.campingreno.it\\\/fr\\\/aire-de-camping-car-casal-borsetti-italie\\\/#primaryimage\"},\"thumbnailUrl\":\"https:\\\/\\\/www.campingreno.it\\\/wp-content\\\/uploads\\\/sites\\\/192\\\/2025\\\/12\\\/Immagine-WhatsApp-2025-05-28-ore-18.36.34_08706358-2.jpg\",\"datePublished\":\"2025-04-25T16:24:16+00:00\",\"dateModified\":\"2025-12-22T11:32:37+00:00\",\"description\":\"\u00c0 Casal Borsetti, au Camping Reno, il y a une Aire de camping-car Casal Borsetti Italie, Emplacements \u00e0 partir de 22 \u20ac\\\/nuit par \u00e9quipage. Demandez un devis!\",\"breadcrumb\":{\"@id\":\"https:\\\/\\\/www.campingreno.it\\\/fr\\\/aire-de-camping-car-casal-borsetti-italie\\\/#breadcrumb\"},\"inLanguage\":\"fr-FR\",\"potentialAction\":[{\"@type\":\"ReadAction\",\"target\":[\"https:\\\/\\\/www.campingreno.it\\\/fr\\\/aire-de-camping-car-casal-borsetti-italie\\\/\"]}]},{\"@type\":\"ImageObject\",\"inLanguage\":\"fr-FR\",\"@id\":\"https:\\\/\\\/www.campingreno.it\\\/fr\\\/aire-de-camping-car-casal-borsetti-italie\\\/#primaryimage\",\"url\":\"https:\\\/\\\/www.campingreno.it\\\/wp-content\\\/uploads\\\/sites\\\/192\\\/2025\\\/12\\\/Immagine-WhatsApp-2025-05-28-ore-18.36.34_08706358-2.jpg\",\"contentUrl\":\"https:\\\/\\\/www.campingreno.it\\\/wp-content\\\/uploads\\\/sites\\\/192\\\/2025\\\/12\\\/Immagine-WhatsApp-2025-05-28-ore-18.36.34_08706358-2.jpg\",\"width\":1600,\"height\":1200,\"caption\":\"Aire de camping-car Casal Borsetti Italie | Camping Reno\"},{\"@type\":\"BreadcrumbList\",\"@id\":\"https:\\\/\\\/www.campingreno.it\\\/fr\\\/aire-de-camping-car-casal-borsetti-italie\\\/#breadcrumb\",\"itemListElement\":[{\"@type\":\"ListItem\",\"position\":1,\"name\":\"Home\",\"item\":\"https:\\\/\\\/www.campingreno.it\\\/fr\\\/\"},{\"@type\":\"ListItem\",\"position\":2,\"name\":\"Aire de camping-car Casal Borsetti Italie\"}]},{\"@type\":\"WebSite\",\"@id\":\"https:\\\/\\\/www.campingreno.it\\\/fr\\\/#website\",\"url\":\"https:\\\/\\\/www.campingreno.it\\\/fr\\\/\",\"name\":\"Camping Reno\",\"description\":\"\",\"publisher\":{\"@id\":\"https:\\\/\\\/www.campingreno.it\\\/fr\\\/#organization\"},\"potentialAction\":[{\"@type\":\"SearchAction\",\"target\":{\"@type\":\"EntryPoint\",\"urlTemplate\":\"https:\\\/\\\/www.campingreno.it\\\/fr\\\/?s={search_term_string}\"},\"query-input\":{\"@type\":\"PropertyValueSpecification\",\"valueRequired\":true,\"valueName\":\"search_term_string\"}}],\"inLanguage\":\"fr-FR\"},{\"@type\":\"Organization\",\"@id\":\"https:\\\/\\\/www.campingreno.it\\\/fr\\\/#organization\",\"name\":\"Camping Reno\",\"url\":\"https:\\\/\\\/www.campingreno.it\\\/fr\\\/\",\"logo\":{\"@type\":\"ImageObject\",\"inLanguage\":\"fr-FR\",\"@id\":\"https:\\\/\\\/www.campingreno.it\\\/fr\\\/#\\\/schema\\\/logo\\\/image\\\/\",\"url\":\"https:\\\/\\\/www.campingreno.it\\\/wp-content\\\/uploads\\\/sites\\\/192\\\/2024\\\/12\\\/logo_reno-no-sfondo-2.png\",\"contentUrl\":\"https:\\\/\\\/www.campingreno.it\\\/wp-content\\\/uploads\\\/sites\\\/192\\\/2024\\\/12\\\/logo_reno-no-sfondo-2.png\",\"width\":567,\"height\":286,\"caption\":\"Camping Reno\"},\"image\":{\"@id\":\"https:\\\/\\\/www.campingreno.it\\\/fr\\\/#\\\/schema\\\/logo\\\/image\\\/\"},\"sameAs\":[\"https:\\\/\\\/facebook.com\\\/tomasitourism\",\"https:\\\/\\\/instagram.com\\\/camping_reno\"]}]}<\/script>\n<!-- \/ Yoast SEO plugin. -->","yoast_head_json":{"title":"Aire de camping-car Casal Borsetti Italie | Camping Reno","description":"\u00c0 Casal Borsetti, au Camping Reno, il y a une Aire de camping-car Casal Borsetti Italie, Emplacements \u00e0 partir de 22 \u20ac\/nuit par \u00e9quipage. Demandez un devis!","robots":{"index":"index","follow":"follow","max-snippet":"max-snippet:-1","max-image-preview":"max-image-preview:large","max-video-preview":"max-video-preview:-1"},"canonical":"https:\/\/www.campingreno.it\/fr\/aire-de-camping-car-casal-borsetti-italie\/","og_locale":"fr_FR","og_type":"article","og_title":"Aire de camping-car Casal Borsetti Italie | Camping Reno","og_description":"\u00c0 Casal Borsetti, au Camping Reno, il y a une Aire de camping-car Casal Borsetti Italie, Emplacements \u00e0 partir de 22 \u20ac\/nuit par \u00e9quipage. Demandez un devis!","og_url":"https:\/\/www.campingreno.it\/fr\/aire-de-camping-car-casal-borsetti-italie\/","og_site_name":"Camping Reno","article_publisher":"https:\/\/facebook.com\/tomasitourism","article_modified_time":"2025-12-22T11:32:37+00:00","og_image":[{"width":1600,"height":1200,"url":"https:\/\/www.campingreno.it\/wp-content\/uploads\/sites\/192\/2025\/12\/Immagine-WhatsApp-2025-05-28-ore-18.36.34_08706358-2.jpg","type":"image\/jpeg"}],"twitter_card":"summary_large_image","twitter_misc":{"Dur\u00e9e de lecture estim\u00e9e":"4 minutes"},"schema":{"@context":"https:\/\/schema.org","@graph":[{"@type":"WebPage","@id":"https:\/\/www.campingreno.it\/fr\/aire-de-camping-car-casal-borsetti-italie\/","url":"https:\/\/www.campingreno.it\/fr\/aire-de-camping-car-casal-borsetti-italie\/","name":"Aire de camping-car Casal Borsetti Italie | Camping Reno","isPartOf":{"@id":"https:\/\/www.campingreno.it\/fr\/#website"},"primaryImageOfPage":{"@id":"https:\/\/www.campingreno.it\/fr\/aire-de-camping-car-casal-borsetti-italie\/#primaryimage"},"image":{"@id":"https:\/\/www.campingreno.it\/fr\/aire-de-camping-car-casal-borsetti-italie\/#primaryimage"},"thumbnailUrl":"https:\/\/www.campingreno.it\/wp-content\/uploads\/sites\/192\/2025\/12\/Immagine-WhatsApp-2025-05-28-ore-18.36.34_08706358-2.jpg","datePublished":"2025-04-25T16:24:16+00:00","dateModified":"2025-12-22T11:32:37+00:00","description":"\u00c0 Casal Borsetti, au Camping Reno, il y a une Aire de camping-car Casal Borsetti Italie, Emplacements \u00e0 partir de 22 \u20ac\/nuit par \u00e9quipage. Demandez un devis!","breadcrumb":{"@id":"https:\/\/www.campingreno.it\/fr\/aire-de-camping-car-casal-borsetti-italie\/#breadcrumb"},"inLanguage":"fr-FR","potentialAction":[{"@type":"ReadAction","target":["https:\/\/www.campingreno.it\/fr\/aire-de-camping-car-casal-borsetti-italie\/"]}]},{"@type":"ImageObject","inLanguage":"fr-FR","@id":"https:\/\/www.campingreno.it\/fr\/aire-de-camping-car-casal-borsetti-italie\/#primaryimage","url":"https:\/\/www.campingreno.it\/wp-content\/uploads\/sites\/192\/2025\/12\/Immagine-WhatsApp-2025-05-28-ore-18.36.34_08706358-2.jpg","contentUrl":"https:\/\/www.campingreno.it\/wp-content\/uploads\/sites\/192\/2025\/12\/Immagine-WhatsApp-2025-05-28-ore-18.36.34_08706358-2.jpg","width":1600,"height":1200,"caption":"Aire de camping-car Casal Borsetti Italie | Camping Reno"},{"@type":"BreadcrumbList","@id":"https:\/\/www.campingreno.it\/fr\/aire-de-camping-car-casal-borsetti-italie\/#breadcrumb","itemListElement":[{"@type":"ListItem","position":1,"name":"Home","item":"https:\/\/www.campingreno.it\/fr\/"},{"@type":"ListItem","position":2,"name":"Aire de camping-car Casal Borsetti Italie"}]},{"@type":"WebSite","@id":"https:\/\/www.campingreno.it\/fr\/#website","url":"https:\/\/www.campingreno.it\/fr\/","name":"Camping Reno","description":"","publisher":{"@id":"https:\/\/www.campingreno.it\/fr\/#organization"},"potentialAction":[{"@type":"SearchAction","target":{"@type":"EntryPoint","urlTemplate":"https:\/\/www.campingreno.it\/fr\/?s={search_term_string}"},"query-input":{"@type":"PropertyValueSpecification","valueRequired":true,"valueName":"search_term_string"}}],"inLanguage":"fr-FR"},{"@type":"Organization","@id":"https:\/\/www.campingreno.it\/fr\/#organization","name":"Camping Reno","url":"https:\/\/www.campingreno.it\/fr\/","logo":{"@type":"ImageObject","inLanguage":"fr-FR","@id":"https:\/\/www.campingreno.it\/fr\/#\/schema\/logo\/image\/","url":"https:\/\/www.campingreno.it\/wp-content\/uploads\/sites\/192\/2024\/12\/logo_reno-no-sfondo-2.png","contentUrl":"https:\/\/www.campingreno.it\/wp-content\/uploads\/sites\/192\/2024\/12\/logo_reno-no-sfondo-2.png","width":567,"height":286,"caption":"Camping Reno"},"image":{"@id":"https:\/\/www.campingreno.it\/fr\/#\/schema\/logo\/image\/"},"sameAs":["https:\/\/facebook.com\/tomasitourism","https:\/\/instagram.com\/camping_reno"]}]}},"acf":[],"_links":{"self":[{"href":"https:\/\/www.campingreno.it\/fr\/wp-json\/wp\/v2\/pages\/3624","targetHints":{"allow":["GET"]}}],"collection":[{"href":"https:\/\/www.campingreno.it\/fr\/wp-json\/wp\/v2\/pages"}],"about":[{"href":"https:\/\/www.campingreno.it\/fr\/wp-json\/wp\/v2\/types\/page"}],"author":[{"embeddable":true,"href":"https:\/\/www.campingreno.it\/fr\/wp-json\/wp\/v2\/users\/212"}],"replies":[{"embeddable":true,"href":"https:\/\/www.campingreno.it\/fr\/wp-json\/wp\/v2\/comments?post=3624"}],"version-history":[{"count":0,"href":"https:\/\/www.campingreno.it\/fr\/wp-json\/wp\/v2\/pages\/3624\/revisions"}],"wp:featuredmedia":[{"embeddable":true,"href":"https:\/\/www.campingreno.it\/fr\/wp-json\/wp\/v2\/media\/4580"}],"wp:attachment":[{"href":"https:\/\/www.campingreno.it\/fr\/wp-json\/wp\/v2\/media?parent=3624"}],"curies":[{"name":"wp","href":"https:\/\/api.w.org\/{rel}","templated":true}]}}