   {"id":3628,"date":"2025-01-22T16:09:54","date_gmt":"2025-01-22T16:09:54","guid":{"rendered":"https:\/\/www.campingreno.it\/campeggio-cani-ammessi-direttamente-sul-mare-ravenna\/"},"modified":"2025-12-22T11:33:34","modified_gmt":"2025-12-22T11:33:34","slug":"camping-ravenne-italie-chiens-admis","status":"publish","type":"page","link":"https:\/\/www.campingreno.it\/fr\/camping-ravenne-italie-chiens-admis\/","title":{"rendered":"Chiens accept\u00e9s"},"content":{"rendered":"<p>Au Camping Reno, <strong>Camping Ravenne Italie chiens admis<\/strong>, directement sur la mer, <strong>votre ami \u00e0 quatre pattes est toujours le bienvenu.<\/strong><\/p>\n<p>&nbsp;<\/p>\n<p><strong>Plage accessible aux chiens<\/strong><br \/>\n\u00c0 50-60 m\u00e8tres du portail qui donne acc\u00e8s \u00e0 la magnifique plage de sable fin du Camping Reno (mer avec fond en pente douce), en marchant vers le sud, direction Marina Romea, il y a une portion de plage libre o\u00f9 les chiens peuvent rester et se baigner en votre compagnie. Vous devez simplement vous \u00e9quiper d&rsquo;un parasol, de serviettes et d&rsquo;une laisse pour profiter du bonheur de votre chien ador\u00e9 en toute libert\u00e9.<br \/>\nPS : Nous rappelons que les chiens dans les lieux publics doivent toujours \u00eatre accompagn\u00e9s et tenus en laisse pour la s\u00e9curit\u00e9 des autres personnes, surtout les enfants.<\/p>\n<p>&nbsp;<\/p>\n<p><strong>Bungalows &#8211; Mobil-homes<\/strong><br \/>\nNous avons plusieurs types d&rsquo;h\u00e9bergements o\u00f9 les chiens peuvent s\u00e9journer, certains avec enclos et d&rsquo;autres non. Voici la liste o\u00f9 les chiens sont admis :<\/p>\n<ul>\n<li>New Mobilhome Vip Lodge Family : <a href=\"https:\/\/www.campingreno.it\/fr\/camping-en-emilie-romagne-au-bord-de-la-mer\/mobil-home-vip-lodge-family\/\">d\u00e9couvrez le Mobil-home<\/a><\/li>\n<li>New Mobilhome Luxury Lodge : <a href=\"https:\/\/www.campingreno.it\/fr\/camping-en-emilie-romagne-au-bord-de-la-mer\/mobilhome-luxury-lodge\/\">d\u00e9couvrez le Mobil-home<\/a><\/li>\n<li>Air Lodge double deck : <a href=\"https:\/\/www.campingreno.it\/fr\/camping-en-emilie-romagne-au-bord-de-la-mer\/air-lodge-tent\/\">d\u00e9couvrez la Lodge<\/a><\/li>\n<li>Chalet Ravenna : <a href=\"https:\/\/www.campingreno.it\/fr\/camping-en-emilie-romagne-au-bord-de-la-mer\/chalet-ravenna-family-plus\/\">d\u00e9couvrez le Chalet<\/a><\/li>\n<li>Bungalow Emilia Romagna : <a href=\"https:\/\/www.campingreno.it\/fr\/camping-en-emilie-romagne-au-bord-de-la-mer\/bungalow-superior-family-lidi-di-ravenna\/\">d\u00e9couvrez le Bungalow<\/a><\/li>\n<li>Bungalow Lidi di Ravenna : <a href=\"https:\/\/www.campingreno.it\/fr\/camping-en-emilie-romagne-au-bord-de-la-mer\/bungalow-emilia-romagna-classic\/\">d\u00e9couvrez le Bungalow<\/a><\/li>\n<li>Sur tous les emplacements tentes, camping-cars et caravanes<\/li>\n<\/ul>\n<p>Pour plus d&rsquo;informations, appelez la r\u00e9ception au +39 0544 445020.<\/p>\n<p>&nbsp;<\/p>\n<p><strong>Au restaurant ou au bar<\/strong><br \/>\nSous la table, votre chien, tenu sous strict contr\u00f4le, peut se d\u00e9tendre pendant que vous savourez une d\u00e9licieuse pizza ou une exquise friture de poisson accompagn\u00e9e d&rsquo;une bonne chope de bi\u00e8re ou d&rsquo;un verre de vin.<br \/>\n<a href=\"https:\/\/www.campingreno.it\/wp-content\/uploads\/sites\/192\/2025\/04\/Menu-ristorante-camping-Reno.pdf\">D\u00e9couvrez le menu de notre restaurant.<\/a><\/p>\n<p>&nbsp;<\/p>\n<p><strong>Au supermarch\u00e9 et bazar<\/strong><br \/>\nBesoin de prendre quelque chose au supermarch\u00e9 ? Vous pouvez \u00e9galement emmener votre ami \u00e0 quatre pattes et d\u00e9couvrir avec lui la tr\u00e8s grande quantit\u00e9 de produits frais et emball\u00e9s de notre march\u00e9.<br \/>\nLarge vari\u00e9t\u00e9 de nourriture pour chiens.<br \/>\n<a href=\"https:\/\/www.campingreno.it\/fr\/camping-emilie-romagne-directement-sur-la-mer-services\/camping-marina-di-ravenna-italie-market\/\">D\u00e9couvrez ce que vous pouvez trouver au march\u00e9.<\/a><\/p>\n<p>&nbsp;<\/p>\n<p><strong>Douche et fontaines pour chiens<\/strong><br \/>\n\u00c0 l&rsquo;int\u00e9rieur du camping, nous avons une douche pour chiens o\u00f9, au retour de la plage, vous pouvez facilement rincer votre chien avant de retourner \u00e0 votre <a href=\"https:\/\/www.campingreno.it\/fr\/camping-en-emilie-romagne-au-bord-de-la-mer\/\">h\u00e9bergement<\/a> ou <a href=\"https:\/\/www.campingreno.it\/fr\/camping-emilie-romagne-en-bord-de-mer-emplacements\/\">emplacement<\/a>, ou avant de vous arr\u00eater au supermarch\u00e9 pour faire des courses de derni\u00e8re minute, ou pourquoi pas, avant de vous arr\u00eater \u00e0 notre bar pour un ap\u00e9ritif avant le d\u00eener.<\/p>\n<p>&nbsp;<\/p>\n<p><strong>La pin\u00e8de de Casal Borsetti<\/strong><br \/>\nT\u00f4t le matin, il n&rsquo;y a pas de meilleur endroit pour promener votre fid\u00e8le ami \u00e0 quatre pattes. L&rsquo;ombre, la fra\u00eecheur de l&rsquo;air, le terrain doux, recouvert d&rsquo;aiguilles de pin, sont le cadre parfait pour les vacances de votre chien \u00e9galement.<\/p>\n<p>&nbsp;<\/p>\n<p><strong>Recommandations<\/strong><br \/>\nLaisse et petit sac toujours \u00e0 port\u00e9e de main et s\u00e9journez au Camping Reno, <strong>Camping Ravenne Italie chiens admis<\/strong>, directement sur la mer.<\/p>\n<p>&nbsp;<\/p>\n","protected":false},"excerpt":{"rendered":"<p>Au Camping Reno, Camping Ravenne Italie chiens admis, directement sur la mer, votre ami \u00e0 quatre pattes est toujours le bienvenu. &nbsp; Plage accessible aux chiens \u00c0 50-60 m\u00e8tres du portail qui donne acc\u00e8s \u00e0 la magnifique plage de sable fin du Camping Reno (mer avec fond en pente douce), en marchant vers le sud, [&hellip;]<\/p>\n","protected":false},"author":212,"featured_media":4581,"parent":0,"menu_order":300,"comment_status":"closed","ping_status":"closed","template":"","meta":{"footnotes":""},"yoast_head":"<!-- This site is optimized with the Yoast SEO plugin v22.3 - https:\/\/yoast.com\/wordpress\/plugins\/seo\/ -->\n<title>Camping Ravenne Italie chiens admis | Camping Reno<\/title>\n<meta name=\"description\" content=\"D\u00e9couvrez le Camping Reno, directement sur la mer, Camping Ravenne Italie chiens admis, \u00e9quip\u00e9 de bungalows, mobil-homes et emplacements!\" \/>\n<meta name=\"robots\" content=\"index, follow, max-snippet:-1, max-image-preview:large, max-video-preview:-1\" \/>\n<link rel=\"canonical\" href=\"https:\/\/www.campingreno.it\/fr\/camping-ravenne-italie-chiens-admis\/\" \/>\n<meta property=\"og:locale\" content=\"fr_FR\" \/>\n<meta property=\"og:type\" content=\"article\" \/>\n<meta property=\"og:title\" content=\"Camping Ravenne Italie chiens admis | Camping Reno\" \/>\n<meta property=\"og:description\" content=\"D\u00e9couvrez le Camping Reno, directement sur la mer, Camping Ravenne Italie chiens admis, \u00e9quip\u00e9 de bungalows, mobil-homes et emplacements!\" \/>\n<meta property=\"og:url\" content=\"https:\/\/www.campingreno.it\/fr\/camping-ravenne-italie-chiens-admis\/\" \/>\n<meta property=\"og:site_name\" content=\"Camping Reno\" \/>\n<meta property=\"article:publisher\" content=\"https:\/\/facebook.com\/tomasitourism\" \/>\n<meta property=\"article:modified_time\" content=\"2025-12-22T11:33:34+00:00\" \/>\n<meta property=\"og:image\" content=\"https:\/\/www.campingreno.it\/wp-content\/uploads\/sites\/192\/2025\/12\/cani_camping_reno.jpg\" \/>\n\t<meta property=\"og:image:width\" content=\"500\" \/>\n\t<meta property=\"og:image:height\" content=\"380\" \/>\n\t<meta property=\"og:image:type\" content=\"image\/jpeg\" \/>\n<meta name=\"twitter:card\" content=\"summary_large_image\" \/>\n<meta name=\"twitter:label1\" content=\"Dur\u00e9e de lecture estim\u00e9e\" \/>\n\t<meta name=\"twitter:data1\" content=\"3 minutes\" \/>\n<script type=\"application\/ld+json\" class=\"yoast-schema-graph\">{\"@context\":\"https:\/\/schema.org\",\"@graph\":[{\"@type\":\"WebPage\",\"@id\":\"https:\/\/www.campingreno.it\/fr\/camping-ravenne-italie-chiens-admis\/\",\"url\":\"https:\/\/www.campingreno.it\/fr\/camping-ravenne-italie-chiens-admis\/\",\"name\":\"Camping Ravenne Italie chiens admis | Camping Reno\",\"isPartOf\":{\"@id\":\"https:\/\/www.campingreno.it\/fr\/#website\"},\"primaryImageOfPage\":{\"@id\":\"https:\/\/www.campingreno.it\/fr\/camping-ravenne-italie-chiens-admis\/#primaryimage\"},\"image\":{\"@id\":\"https:\/\/www.campingreno.it\/fr\/camping-ravenne-italie-chiens-admis\/#primaryimage\"},\"thumbnailUrl\":\"https:\/\/www.campingreno.it\/wp-content\/uploads\/sites\/192\/2025\/12\/cani_camping_reno.jpg\",\"datePublished\":\"2025-01-22T16:09:54+00:00\",\"dateModified\":\"2025-12-22T11:33:34+00:00\",\"description\":\"D\u00e9couvrez le Camping Reno, directement sur la mer, Camping Ravenne Italie chiens admis, \u00e9quip\u00e9 de bungalows, mobil-homes et emplacements!\",\"breadcrumb\":{\"@id\":\"https:\/\/www.campingreno.it\/fr\/camping-ravenne-italie-chiens-admis\/#breadcrumb\"},\"inLanguage\":\"fr-FR\",\"potentialAction\":[{\"@type\":\"ReadAction\",\"target\":[\"https:\/\/www.campingreno.it\/fr\/camping-ravenne-italie-chiens-admis\/\"]}]},{\"@type\":\"ImageObject\",\"inLanguage\":\"fr-FR\",\"@id\":\"https:\/\/www.campingreno.it\/fr\/camping-ravenne-italie-chiens-admis\/#primaryimage\",\"url\":\"https:\/\/www.campingreno.it\/wp-content\/uploads\/sites\/192\/2025\/12\/cani_camping_reno.jpg\",\"contentUrl\":\"https:\/\/www.campingreno.it\/wp-content\/uploads\/sites\/192\/2025\/12\/cani_camping_reno.jpg\",\"width\":500,\"height\":380,\"caption\":\"Camping Ravenne Italie chiens admis | Camping Reno\"},{\"@type\":\"BreadcrumbList\",\"@id\":\"https:\/\/www.campingreno.it\/fr\/camping-ravenne-italie-chiens-admis\/#breadcrumb\",\"itemListElement\":[{\"@type\":\"ListItem\",\"position\":1,\"name\":\"Home\",\"item\":\"https:\/\/www.campingreno.it\/fr\/\"},{\"@type\":\"ListItem\",\"position\":2,\"name\":\"Chiens accept\u00e9s\"}]},{\"@type\":\"WebSite\",\"@id\":\"https:\/\/www.campingreno.it\/fr\/#website\",\"url\":\"https:\/\/www.campingreno.it\/fr\/\",\"name\":\"Camping Reno\",\"description\":\"\",\"publisher\":{\"@id\":\"https:\/\/www.campingreno.it\/fr\/#organization\"},\"potentialAction\":[{\"@type\":\"SearchAction\",\"target\":{\"@type\":\"EntryPoint\",\"urlTemplate\":\"https:\/\/www.campingreno.it\/fr\/?s={search_term_string}\"},\"query-input\":\"required name=search_term_string\"}],\"inLanguage\":\"fr-FR\"},{\"@type\":\"Organization\",\"@id\":\"https:\/\/www.campingreno.it\/fr\/#organization\",\"name\":\"Camping Reno\",\"url\":\"https:\/\/www.campingreno.it\/fr\/\",\"logo\":{\"@type\":\"ImageObject\",\"inLanguage\":\"fr-FR\",\"@id\":\"https:\/\/www.campingreno.it\/fr\/#\/schema\/logo\/image\/\",\"url\":\"https:\/\/www.campingreno.it\/wp-content\/uploads\/sites\/192\/2024\/12\/logo_reno-no-sfondo-2.png\",\"contentUrl\":\"https:\/\/www.campingreno.it\/wp-content\/uploads\/sites\/192\/2024\/12\/logo_reno-no-sfondo-2.png\",\"width\":567,\"height\":286,\"caption\":\"Camping Reno\"},\"image\":{\"@id\":\"https:\/\/www.campingreno.it\/fr\/#\/schema\/logo\/image\/\"},\"sameAs\":[\"https:\/\/facebook.com\/tomasitourism\",\"https:\/\/instagram.com\/camping_reno\"]}]}<\/script>\n<!-- \/ Yoast SEO plugin. -->","yoast_head_json":{"title":"Camping Ravenne Italie chiens admis | Camping Reno","description":"D\u00e9couvrez le Camping Reno, directement sur la mer, Camping Ravenne Italie chiens admis, \u00e9quip\u00e9 de bungalows, mobil-homes et emplacements!","robots":{"index":"index","follow":"follow","max-snippet":"max-snippet:-1","max-image-preview":"max-image-preview:large","max-video-preview":"max-video-preview:-1"},"canonical":"https:\/\/www.campingreno.it\/fr\/camping-ravenne-italie-chiens-admis\/","og_locale":"fr_FR","og_type":"article","og_title":"Camping Ravenne Italie chiens admis | Camping Reno","og_description":"D\u00e9couvrez le Camping Reno, directement sur la mer, Camping Ravenne Italie chiens admis, \u00e9quip\u00e9 de bungalows, mobil-homes et emplacements!","og_url":"https:\/\/www.campingreno.it\/fr\/camping-ravenne-italie-chiens-admis\/","og_site_name":"Camping Reno","article_publisher":"https:\/\/facebook.com\/tomasitourism","article_modified_time":"2025-12-22T11:33:34+00:00","og_image":[{"width":500,"height":380,"url":"https:\/\/www.campingreno.it\/wp-content\/uploads\/sites\/192\/2025\/12\/cani_camping_reno.jpg","type":"image\/jpeg"}],"twitter_card":"summary_large_image","twitter_misc":{"Dur\u00e9e de lecture estim\u00e9e":"3 minutes"},"schema":{"@context":"https:\/\/schema.org","@graph":[{"@type":"WebPage","@id":"https:\/\/www.campingreno.it\/fr\/camping-ravenne-italie-chiens-admis\/","url":"https:\/\/www.campingreno.it\/fr\/camping-ravenne-italie-chiens-admis\/","name":"Camping Ravenne Italie chiens admis | Camping Reno","isPartOf":{"@id":"https:\/\/www.campingreno.it\/fr\/#website"},"primaryImageOfPage":{"@id":"https:\/\/www.campingreno.it\/fr\/camping-ravenne-italie-chiens-admis\/#primaryimage"},"image":{"@id":"https:\/\/www.campingreno.it\/fr\/camping-ravenne-italie-chiens-admis\/#primaryimage"},"thumbnailUrl":"https:\/\/www.campingreno.it\/wp-content\/uploads\/sites\/192\/2025\/12\/cani_camping_reno.jpg","datePublished":"2025-01-22T16:09:54+00:00","dateModified":"2025-12-22T11:33:34+00:00","description":"D\u00e9couvrez le Camping Reno, directement sur la mer, Camping Ravenne Italie chiens admis, \u00e9quip\u00e9 de bungalows, mobil-homes et emplacements!","breadcrumb":{"@id":"https:\/\/www.campingreno.it\/fr\/camping-ravenne-italie-chiens-admis\/#breadcrumb"},"inLanguage":"fr-FR","potentialAction":[{"@type":"ReadAction","target":["https:\/\/www.campingreno.it\/fr\/camping-ravenne-italie-chiens-admis\/"]}]},{"@type":"ImageObject","inLanguage":"fr-FR","@id":"https:\/\/www.campingreno.it\/fr\/camping-ravenne-italie-chiens-admis\/#primaryimage","url":"https:\/\/www.campingreno.it\/wp-content\/uploads\/sites\/192\/2025\/12\/cani_camping_reno.jpg","contentUrl":"https:\/\/www.campingreno.it\/wp-content\/uploads\/sites\/192\/2025\/12\/cani_camping_reno.jpg","width":500,"height":380,"caption":"Camping Ravenne Italie chiens admis | Camping Reno"},{"@type":"BreadcrumbList","@id":"https:\/\/www.campingreno.it\/fr\/camping-ravenne-italie-chiens-admis\/#breadcrumb","itemListElement":[{"@type":"ListItem","position":1,"name":"Home","item":"https:\/\/www.campingreno.it\/fr\/"},{"@type":"ListItem","position":2,"name":"Chiens accept\u00e9s"}]},{"@type":"WebSite","@id":"https:\/\/www.campingreno.it\/fr\/#website","url":"https:\/\/www.campingreno.it\/fr\/","name":"Camping Reno","description":"","publisher":{"@id":"https:\/\/www.campingreno.it\/fr\/#organization"},"potentialAction":[{"@type":"SearchAction","target":{"@type":"EntryPoint","urlTemplate":"https:\/\/www.campingreno.it\/fr\/?s={search_term_string}"},"query-input":"required name=search_term_string"}],"inLanguage":"fr-FR"},{"@type":"Organization","@id":"https:\/\/www.campingreno.it\/fr\/#organization","name":"Camping Reno","url":"https:\/\/www.campingreno.it\/fr\/","logo":{"@type":"ImageObject","inLanguage":"fr-FR","@id":"https:\/\/www.campingreno.it\/fr\/#\/schema\/logo\/image\/","url":"https:\/\/www.campingreno.it\/wp-content\/uploads\/sites\/192\/2024\/12\/logo_reno-no-sfondo-2.png","contentUrl":"https:\/\/www.campingreno.it\/wp-content\/uploads\/sites\/192\/2024\/12\/logo_reno-no-sfondo-2.png","width":567,"height":286,"caption":"Camping Reno"},"image":{"@id":"https:\/\/www.campingreno.it\/fr\/#\/schema\/logo\/image\/"},"sameAs":["https:\/\/facebook.com\/tomasitourism","https:\/\/instagram.com\/camping_reno"]}]}},"acf":[],"_links":{"self":[{"href":"https:\/\/www.campingreno.it\/fr\/wp-json\/wp\/v2\/pages\/3628"}],"collection":[{"href":"https:\/\/www.campingreno.it\/fr\/wp-json\/wp\/v2\/pages"}],"about":[{"href":"https:\/\/www.campingreno.it\/fr\/wp-json\/wp\/v2\/types\/page"}],"author":[{"embeddable":true,"href":"https:\/\/www.campingreno.it\/fr\/wp-json\/wp\/v2\/users\/212"}],"replies":[{"embeddable":true,"href":"https:\/\/www.campingreno.it\/fr\/wp-json\/wp\/v2\/comments?post=3628"}],"version-history":[{"count":0,"href":"https:\/\/www.campingreno.it\/fr\/wp-json\/wp\/v2\/pages\/3628\/revisions"}],"wp:featuredmedia":[{"embeddable":true,"href":"https:\/\/www.campingreno.it\/fr\/wp-json\/wp\/v2\/media\/4581"}],"wp:attachment":[{"href":"https:\/\/www.campingreno.it\/fr\/wp-json\/wp\/v2\/media?parent=3628"}],"curies":[{"name":"wp","href":"https:\/\/api.w.org\/{rel}","templated":true}]}}