   {"id":3632,"date":"2025-01-07T12:27:42","date_gmt":"2025-01-07T12:27:42","guid":{"rendered":"https:\/\/www.campingreno.it\/condizioni-annullamento\/"},"modified":"2025-12-22T11:34:53","modified_gmt":"2025-12-22T11:34:53","slug":"condizioni-annullamento","status":"publish","type":"page","link":"https:\/\/www.campingreno.it\/fr\/condizioni-annullamento\/","title":{"rendered":"Conditions d&rsquo;annulation"},"content":{"rendered":"<p><strong>Conditions d&rsquo;annulation Camping Casal Borsetti Italie | Camping Reno<\/strong><\/p>\n<p>&nbsp;<\/p>\n<p><strong>Article 1 : Communication d&rsquo;annulation<\/strong><\/p>\n<ol>\n<li>Toute annulation de s\u00e9jour doit \u00eatre communiqu\u00e9e par \u00e9crit via e-mail \u00e0 l&rsquo;adresse : <strong>annullamenti@campingreno.it.<\/strong><\/li>\n<li>Toutes les annulations communiqu\u00e9es par t\u00e9l\u00e9phone ne seront pas prises en compte.<\/li>\n<li>La gestion de l&rsquo;annulation sera effectu\u00e9e dans les 48 heures suivant la r\u00e9ception de l&rsquo;e-mail.<\/li>\n<\/ol>\n<p>&nbsp;<\/p>\n<p><strong>Article 2: Annulation bungalow<\/strong><\/p>\n<ol>\n<li>En cas de demande d&rsquo;annulation re\u00e7ue jusqu&rsquo;\u00e0 8 jours avant la date d&rsquo;arriv\u00e9e, le Camping Village remboursera l&rsquo;acompte vers\u00e9, duquel seront d\u00e9duits un maximum de 100,00 \u20ac pour les frais de secr\u00e9tariat, plus les \u00e9ventuels frais bancaires. Dans tous les cas, le camping-village peut annuler la r\u00e9servation <b>au plus tard 7 jours apr\u00e8s r\u00e9ception de l&rsquo;acompte<\/b> et proc\u00e9der au remboursement du montant vers\u00e9 par le client par virement bancaire ou par annulation du paiement par carte de cr\u00e9dit.<\/li>\n<li>En cas de demande d&rsquo;annulation re\u00e7ue de 7 \u00e0 2 jours avant la date d&rsquo;arriv\u00e9e, le Camping Village \u00e9mettra, exclusivement pour les cas \u00e9num\u00e9r\u00e9s ci-dessous, un bon \u00e9quivalent \u00e0 la somme vers\u00e9e, d\u00e9duction faite de 100,00 \u20ac pour les frais de secr\u00e9tariat. Le bon devra \u00eatre utilis\u00e9 dans l&rsquo;ann\u00e9e suivant sa date d&rsquo;\u00e9mission. Le bon ne sera \u00e9mis qu&rsquo;en cas de causes impr\u00e9visibles au moment de la r\u00e9servation, telles que :<\/li>\n<li>Maladie, accident ou d\u00e9c\u00e8s du titulaire de la r\u00e9servation, document\u00e9s cliniquement.<\/li>\n<li>Maladie, accident ou d\u00e9c\u00e8s, document\u00e9s cliniquement, de l&rsquo;un des membres de la famille, indiqu\u00e9 sur la fiche d&rsquo;identit\u00e9 au moment de la confirmation de la r\u00e9servation.<\/li>\n<li>Impossibilit\u00e9 pour le titulaire de prendre ses cong\u00e9s en raison d&rsquo;un licenciement par l&#8217;employeur ; dans ce cas, le titulaire de la r\u00e9servation doit fournir une copie de la lettre de licenciement.<\/li>\n<li>En cas de demande d&rsquo;annulation re\u00e7ue dans les 1 jour pr\u00e9c\u00e9dant la date d&rsquo;arriv\u00e9e, aucun remboursement ne sera d\u00fb.<\/li>\n<\/ol>\n<p>&nbsp;<\/p>\n<p><strong>Article 3: Annulation emplacements<\/strong><\/p>\n<ol>\n<li>En cas de demande d&rsquo;annulation re\u00e7ue jusqu&rsquo;\u00e0 8 jours avant la date d&rsquo;arriv\u00e9e, le Camping Village remboursera l&rsquo;acompte vers\u00e9, duquel seront d\u00e9duits un maximum de 50,00 \u20ac pour les frais de secr\u00e9tariat, plus les \u00e9ventuels frais bancaires.<\/li>\n<li>En cas de demande d&rsquo;annulation re\u00e7ue de 7 \u00e0 2 jours avant la date d&rsquo;arriv\u00e9e, le Camping Village \u00e9mettra, exclusivement pour les cas \u00e9num\u00e9r\u00e9s ci-dessous, un bon \u00e9quivalent \u00e0 la somme vers\u00e9e, d\u00e9duction faite de 50,00 \u20ac pour les frais de secr\u00e9tariat. Le bon devra \u00eatre utilis\u00e9 dans l&rsquo;ann\u00e9e suivant sa date d&rsquo;\u00e9mission. Le bon ne sera \u00e9mis qu&rsquo;en cas de causes impr\u00e9visibles au moment de la r\u00e9servation, telles que :<\/li>\n<li>Maladie, accident ou d\u00e9c\u00e8s du titulaire de la r\u00e9servation, document\u00e9s cliniquement.<\/li>\n<li>Maladie, accident ou d\u00e9c\u00e8s, document\u00e9s cliniquement, de l&rsquo;un des membres de la famille, indiqu\u00e9 sur la fiche d&rsquo;identit\u00e9 au moment de la confirmation de la r\u00e9servation.<\/li>\n<li>Impossibilit\u00e9 pour le titulaire de prendre ses cong\u00e9s en raison d&rsquo;un licenciement par l&#8217;employeur ; dans ce cas, le titulaire de la r\u00e9servation doit fournir une copie de la lettre de licenciement.<\/li>\n<li>En cas de demande d&rsquo;annulation re\u00e7ue dans les 1 jour pr\u00e9c\u00e9dant la date d&rsquo;arriv\u00e9e, aucun remboursement ne sera d\u00fb.<\/li>\n<\/ol>\n<p>&nbsp;<\/p>\n<p><strong>Art. 4 : Modification des Dates de S\u00e9jour<\/strong><br \/>\nToute demande de modification des dates d&rsquo;un s\u00e9jour est soumise aux conditions suivantes et \u00e0 la disponibilit\u00e9 de l&rsquo;h\u00e9bergement ou de l&#8217;emplacement. Chaque demande de modification doit \u00eatre envoy\u00e9e par \u00e9crit par e-mail \u00e0 l&rsquo;adresse annullamenti@campingreno.it et ne sera consid\u00e9r\u00e9e comme accept\u00e9e qu&rsquo;apr\u00e8s confirmation \u00e9crite de la Direction et sous r\u00e9serve de disponibilit\u00e9.<\/p>\n<p>&nbsp;<\/p>\n<ol>\n<li><strong>Jusqu&rsquo;\u00e0 60 jours avant l&rsquo;arriv\u00e9e:<\/strong> Il est possible de demander une modification des dates de s\u00e9jour sans p\u00e9nalit\u00e9. Le montant d\u00e9j\u00e0 vers\u00e9 \u00e0 titre d&rsquo;acompte ou de solde sera converti en cr\u00e9dit pour le nouveau s\u00e9jour. Toute diff\u00e9rence de tarif (par exemple, si la nouvelle p\u00e9riode est plus ch\u00e8re) sera \u00e0 la charge du client.<\/li>\n<li><strong>Jusqu&rsquo;\u00e0 30 jours avant l&rsquo;arriv\u00e9e:<\/strong> Il est possible de demander une modification des dates de s\u00e9jour avec une p\u00e9nalit\u00e9. La p\u00e9nalit\u00e9 est de 100 \u20ac pour l&rsquo;h\u00e9bergement et de 50 \u20ac pour les emplacements. Le montant d\u00e9j\u00e0 vers\u00e9 \u00e0 titre d&rsquo;acompte ou de solde sera converti en cr\u00e9dit pour le nouveau s\u00e9jour. Toute diff\u00e9rence de tarif (par exemple, si la nouvelle p\u00e9riode est plus ch\u00e8re) sera \u00e0 la charge du client. Aucun remboursement n&rsquo;est pr\u00e9vu en cas de co\u00fbt inf\u00e9rieur.<\/li>\n<li><strong>Jusqu&rsquo;\u00e0 7 jours avant l&rsquo;arriv\u00e9e:<\/strong> Il n&rsquo;est pas possible de demander une modification des dates de s\u00e9jour.<\/li>\n<\/ol>\n<p>&nbsp;<\/p>\n<p>La modification est soumise \u00e0 disponibilit\u00e9. Si la date demand\u00e9e n&rsquo;est pas disponible, le client pourra choisir une autre p\u00e9riode ou, \u00e0 d\u00e9faut, les conditions d&rsquo;annulation standard sp\u00e9cifi\u00e9es dans la section \u00ab\u00a0Annulation\u00a0\u00bb s&rsquo;appliqueront.<\/p>\n<p>&nbsp;<\/p>\n<p><strong>Article 5: Arriv\u00e9es tardives<\/strong><\/p>\n<ol>\n<li>En cas d&rsquo;arriv\u00e9es tardives, le client doit en tout \u00e9tat de cause effectuer le paiement de la somme totale convenue dans la lettre de r\u00e9servation.<\/li>\n<li>En cas d&rsquo;arriv\u00e9es tardives communiqu\u00e9es dans les 14 jours suivant la date d&rsquo;arriv\u00e9e et caus\u00e9es par les \u00e9v\u00e9nements impr\u00e9visibles \u00e9num\u00e9r\u00e9s ci-dessus, un bon de s\u00e9jour sera \u00e9mis pour les jours non utilis\u00e9s. Apr\u00e8s cette date, aucun remboursement ne sera effectu\u00e9.<\/li>\n<\/ol>\n<p>&nbsp;<\/p>\n<p><strong>Article 6: D\u00e9part anticip\u00e9<\/strong><\/p>\n<ol>\n<li>Pour les d\u00e9parts anticip\u00e9s, aucun remboursement ne sera effectu\u00e9 pour les vacances non utilis\u00e9es.<\/li>\n<li>Pour les d\u00e9parts anticip\u00e9s dus uniquement \u00e0 des maladies ou des accidents, un bon de s\u00e9jour sera \u00e9mis pour les jours non utilis\u00e9s, et ce, seulement apr\u00e8s pr\u00e9sentation \u00e0 la Direction d&rsquo;une copie du certificat des urgences ou du service de garde m\u00e9dicale.<\/li>\n<\/ol>\n<p>&nbsp;<\/p>\n<p>Jetez un \u0153il aux <a href=\"https:\/\/www.campingreno.it\/fr\/camping-en-emilie-romagne-au-bord-de-la-mer\/\">h\u00e9bergements<\/a> et <a href=\"https:\/\/www.campingreno.it\/fr\/camping-emilie-romagne-en-bord-de-mer-emplacements\/\">emplacements<\/a> du Camping Reno et n&rsquo;oubliez pas les Conditions d&rsquo;annulation du <strong>Camping Casalborsetti Italie<\/strong> !<\/p>\n<p>&nbsp;<\/p>\n<p>&nbsp;<\/p>\n<p><a href=\"https:\/\/www.scidoo.com\/preventivov2\/?cod=1209&amp;dataarr=2025-09-21&amp;notti=7&amp;adult=1&amp;children=&amp;IDsotto_struttura=607&amp;lang=3&amp;structure_type=0&amp;promocode=\"><strong>V\u00c9RIFIEZ LA DISPONIBILIT\u00c9 EN LIGNE<\/strong><\/a><\/p>\n<p>&nbsp;<\/p>\n<p>&nbsp;<\/p>\n<p>&nbsp;<\/p>\n<p>&nbsp;<\/p>\n","protected":false},"excerpt":{"rendered":"<p>Conditions d&rsquo;annulation Camping Casal Borsetti Italie | Camping Reno &nbsp; Article 1 : Communication d&rsquo;annulation Toute annulation de s\u00e9jour doit \u00eatre communiqu\u00e9e par \u00e9crit via e-mail \u00e0 l&rsquo;adresse : annullamenti@campingreno.it. Toutes les annulations communiqu\u00e9es par t\u00e9l\u00e9phone ne seront pas prises en compte. La gestion de l&rsquo;annulation sera effectu\u00e9e dans les 48 heures suivant la r\u00e9ception [&hellip;]<\/p>\n","protected":false},"author":212,"featured_media":4583,"parent":0,"menu_order":300,"comment_status":"closed","ping_status":"closed","template":"","meta":{"footnotes":""},"yoast_head":"<!-- This site is optimized with the Yoast SEO plugin v22.3 - https:\/\/yoast.com\/wordpress\/plugins\/seo\/ -->\n<title>Camping Casal Borsetti Italie | Conditions d&#039;annulation<\/title>\n<meta name=\"description\" content=\"Conditions d&#039;annulation Camping Casal Borsetti Italie, Camping Reno, directement sur la mer \u00e0 quelques kilom\u00e8tres de Ravenne. Demandez un devis!\" \/>\n<meta name=\"robots\" content=\"index, follow, max-snippet:-1, max-image-preview:large, max-video-preview:-1\" \/>\n<link rel=\"canonical\" href=\"https:\/\/www.campingreno.it\/fr\/condizioni-annullamento\/\" \/>\n<meta property=\"og:locale\" content=\"fr_FR\" \/>\n<meta property=\"og:type\" content=\"article\" \/>\n<meta property=\"og:title\" content=\"Camping Casal Borsetti Italie | Conditions d&#039;annulation\" \/>\n<meta property=\"og:description\" content=\"Conditions d&#039;annulation Camping Casal Borsetti Italie, Camping Reno, directement sur la mer \u00e0 quelques kilom\u00e8tres de Ravenne. Demandez un devis!\" \/>\n<meta property=\"og:url\" content=\"https:\/\/www.campingreno.it\/fr\/condizioni-annullamento\/\" \/>\n<meta property=\"og:site_name\" content=\"Camping Reno\" \/>\n<meta property=\"article:publisher\" content=\"https:\/\/facebook.com\/tomasitourism\" \/>\n<meta property=\"article:modified_time\" content=\"2025-12-22T11:34:53+00:00\" \/>\n<meta property=\"og:image\" content=\"https:\/\/www.campingreno.it\/wp-content\/uploads\/sites\/192\/2025\/12\/condizioni-di-annullamento-camping-reno.jpg\" \/>\n\t<meta property=\"og:image:width\" content=\"512\" \/>\n\t<meta property=\"og:image:height\" content=\"227\" \/>\n\t<meta property=\"og:image:type\" content=\"image\/jpeg\" \/>\n<meta name=\"twitter:card\" content=\"summary_large_image\" \/>\n<meta name=\"twitter:label1\" content=\"Dur\u00e9e de lecture estim\u00e9e\" \/>\n\t<meta name=\"twitter:data1\" content=\"5 minutes\" \/>\n<script type=\"application\/ld+json\" class=\"yoast-schema-graph\">{\"@context\":\"https:\/\/schema.org\",\"@graph\":[{\"@type\":\"WebPage\",\"@id\":\"https:\/\/www.campingreno.it\/fr\/condizioni-annullamento\/\",\"url\":\"https:\/\/www.campingreno.it\/fr\/condizioni-annullamento\/\",\"name\":\"Camping Casal Borsetti Italie | Conditions d'annulation\",\"isPartOf\":{\"@id\":\"https:\/\/www.campingreno.it\/fr\/#website\"},\"primaryImageOfPage\":{\"@id\":\"https:\/\/www.campingreno.it\/fr\/condizioni-annullamento\/#primaryimage\"},\"image\":{\"@id\":\"https:\/\/www.campingreno.it\/fr\/condizioni-annullamento\/#primaryimage\"},\"thumbnailUrl\":\"https:\/\/www.campingreno.it\/wp-content\/uploads\/sites\/192\/2025\/12\/condizioni-di-annullamento-camping-reno.jpg\",\"datePublished\":\"2025-01-07T12:27:42+00:00\",\"dateModified\":\"2025-12-22T11:34:53+00:00\",\"description\":\"Conditions d'annulation Camping Casal Borsetti Italie, Camping Reno, directement sur la mer \u00e0 quelques kilom\u00e8tres de Ravenne. Demandez un devis!\",\"breadcrumb\":{\"@id\":\"https:\/\/www.campingreno.it\/fr\/condizioni-annullamento\/#breadcrumb\"},\"inLanguage\":\"fr-FR\",\"potentialAction\":[{\"@type\":\"ReadAction\",\"target\":[\"https:\/\/www.campingreno.it\/fr\/condizioni-annullamento\/\"]}]},{\"@type\":\"ImageObject\",\"inLanguage\":\"fr-FR\",\"@id\":\"https:\/\/www.campingreno.it\/fr\/condizioni-annullamento\/#primaryimage\",\"url\":\"https:\/\/www.campingreno.it\/wp-content\/uploads\/sites\/192\/2025\/12\/condizioni-di-annullamento-camping-reno.jpg\",\"contentUrl\":\"https:\/\/www.campingreno.it\/wp-content\/uploads\/sites\/192\/2025\/12\/condizioni-di-annullamento-camping-reno.jpg\",\"width\":512,\"height\":227,\"caption\":\"Camping Casal Borsetti Italie | Conditions d'annulation\"},{\"@type\":\"BreadcrumbList\",\"@id\":\"https:\/\/www.campingreno.it\/fr\/condizioni-annullamento\/#breadcrumb\",\"itemListElement\":[{\"@type\":\"ListItem\",\"position\":1,\"name\":\"Home\",\"item\":\"https:\/\/www.campingreno.it\/fr\/\"},{\"@type\":\"ListItem\",\"position\":2,\"name\":\"Conditions d&#8217;annulation\"}]},{\"@type\":\"WebSite\",\"@id\":\"https:\/\/www.campingreno.it\/fr\/#website\",\"url\":\"https:\/\/www.campingreno.it\/fr\/\",\"name\":\"Camping Reno\",\"description\":\"\",\"publisher\":{\"@id\":\"https:\/\/www.campingreno.it\/fr\/#organization\"},\"potentialAction\":[{\"@type\":\"SearchAction\",\"target\":{\"@type\":\"EntryPoint\",\"urlTemplate\":\"https:\/\/www.campingreno.it\/fr\/?s={search_term_string}\"},\"query-input\":\"required name=search_term_string\"}],\"inLanguage\":\"fr-FR\"},{\"@type\":\"Organization\",\"@id\":\"https:\/\/www.campingreno.it\/fr\/#organization\",\"name\":\"Camping Reno\",\"url\":\"https:\/\/www.campingreno.it\/fr\/\",\"logo\":{\"@type\":\"ImageObject\",\"inLanguage\":\"fr-FR\",\"@id\":\"https:\/\/www.campingreno.it\/fr\/#\/schema\/logo\/image\/\",\"url\":\"https:\/\/www.campingreno.it\/wp-content\/uploads\/sites\/192\/2024\/12\/logo_reno-no-sfondo-2.png\",\"contentUrl\":\"https:\/\/www.campingreno.it\/wp-content\/uploads\/sites\/192\/2024\/12\/logo_reno-no-sfondo-2.png\",\"width\":567,\"height\":286,\"caption\":\"Camping Reno\"},\"image\":{\"@id\":\"https:\/\/www.campingreno.it\/fr\/#\/schema\/logo\/image\/\"},\"sameAs\":[\"https:\/\/facebook.com\/tomasitourism\",\"https:\/\/instagram.com\/camping_reno\"]}]}<\/script>\n<!-- \/ Yoast SEO plugin. -->","yoast_head_json":{"title":"Camping Casal Borsetti Italie | Conditions d'annulation","description":"Conditions d'annulation Camping Casal Borsetti Italie, Camping Reno, directement sur la mer \u00e0 quelques kilom\u00e8tres de Ravenne. Demandez un devis!","robots":{"index":"index","follow":"follow","max-snippet":"max-snippet:-1","max-image-preview":"max-image-preview:large","max-video-preview":"max-video-preview:-1"},"canonical":"https:\/\/www.campingreno.it\/fr\/condizioni-annullamento\/","og_locale":"fr_FR","og_type":"article","og_title":"Camping Casal Borsetti Italie | Conditions d'annulation","og_description":"Conditions d'annulation Camping Casal Borsetti Italie, Camping Reno, directement sur la mer \u00e0 quelques kilom\u00e8tres de Ravenne. Demandez un devis!","og_url":"https:\/\/www.campingreno.it\/fr\/condizioni-annullamento\/","og_site_name":"Camping Reno","article_publisher":"https:\/\/facebook.com\/tomasitourism","article_modified_time":"2025-12-22T11:34:53+00:00","og_image":[{"width":512,"height":227,"url":"https:\/\/www.campingreno.it\/wp-content\/uploads\/sites\/192\/2025\/12\/condizioni-di-annullamento-camping-reno.jpg","type":"image\/jpeg"}],"twitter_card":"summary_large_image","twitter_misc":{"Dur\u00e9e de lecture estim\u00e9e":"5 minutes"},"schema":{"@context":"https:\/\/schema.org","@graph":[{"@type":"WebPage","@id":"https:\/\/www.campingreno.it\/fr\/condizioni-annullamento\/","url":"https:\/\/www.campingreno.it\/fr\/condizioni-annullamento\/","name":"Camping Casal Borsetti Italie | Conditions d'annulation","isPartOf":{"@id":"https:\/\/www.campingreno.it\/fr\/#website"},"primaryImageOfPage":{"@id":"https:\/\/www.campingreno.it\/fr\/condizioni-annullamento\/#primaryimage"},"image":{"@id":"https:\/\/www.campingreno.it\/fr\/condizioni-annullamento\/#primaryimage"},"thumbnailUrl":"https:\/\/www.campingreno.it\/wp-content\/uploads\/sites\/192\/2025\/12\/condizioni-di-annullamento-camping-reno.jpg","datePublished":"2025-01-07T12:27:42+00:00","dateModified":"2025-12-22T11:34:53+00:00","description":"Conditions d'annulation Camping Casal Borsetti Italie, Camping Reno, directement sur la mer \u00e0 quelques kilom\u00e8tres de Ravenne. Demandez un devis!","breadcrumb":{"@id":"https:\/\/www.campingreno.it\/fr\/condizioni-annullamento\/#breadcrumb"},"inLanguage":"fr-FR","potentialAction":[{"@type":"ReadAction","target":["https:\/\/www.campingreno.it\/fr\/condizioni-annullamento\/"]}]},{"@type":"ImageObject","inLanguage":"fr-FR","@id":"https:\/\/www.campingreno.it\/fr\/condizioni-annullamento\/#primaryimage","url":"https:\/\/www.campingreno.it\/wp-content\/uploads\/sites\/192\/2025\/12\/condizioni-di-annullamento-camping-reno.jpg","contentUrl":"https:\/\/www.campingreno.it\/wp-content\/uploads\/sites\/192\/2025\/12\/condizioni-di-annullamento-camping-reno.jpg","width":512,"height":227,"caption":"Camping Casal Borsetti Italie | Conditions d'annulation"},{"@type":"BreadcrumbList","@id":"https:\/\/www.campingreno.it\/fr\/condizioni-annullamento\/#breadcrumb","itemListElement":[{"@type":"ListItem","position":1,"name":"Home","item":"https:\/\/www.campingreno.it\/fr\/"},{"@type":"ListItem","position":2,"name":"Conditions d&#8217;annulation"}]},{"@type":"WebSite","@id":"https:\/\/www.campingreno.it\/fr\/#website","url":"https:\/\/www.campingreno.it\/fr\/","name":"Camping Reno","description":"","publisher":{"@id":"https:\/\/www.campingreno.it\/fr\/#organization"},"potentialAction":[{"@type":"SearchAction","target":{"@type":"EntryPoint","urlTemplate":"https:\/\/www.campingreno.it\/fr\/?s={search_term_string}"},"query-input":"required name=search_term_string"}],"inLanguage":"fr-FR"},{"@type":"Organization","@id":"https:\/\/www.campingreno.it\/fr\/#organization","name":"Camping Reno","url":"https:\/\/www.campingreno.it\/fr\/","logo":{"@type":"ImageObject","inLanguage":"fr-FR","@id":"https:\/\/www.campingreno.it\/fr\/#\/schema\/logo\/image\/","url":"https:\/\/www.campingreno.it\/wp-content\/uploads\/sites\/192\/2024\/12\/logo_reno-no-sfondo-2.png","contentUrl":"https:\/\/www.campingreno.it\/wp-content\/uploads\/sites\/192\/2024\/12\/logo_reno-no-sfondo-2.png","width":567,"height":286,"caption":"Camping Reno"},"image":{"@id":"https:\/\/www.campingreno.it\/fr\/#\/schema\/logo\/image\/"},"sameAs":["https:\/\/facebook.com\/tomasitourism","https:\/\/instagram.com\/camping_reno"]}]}},"acf":[],"_links":{"self":[{"href":"https:\/\/www.campingreno.it\/fr\/wp-json\/wp\/v2\/pages\/3632"}],"collection":[{"href":"https:\/\/www.campingreno.it\/fr\/wp-json\/wp\/v2\/pages"}],"about":[{"href":"https:\/\/www.campingreno.it\/fr\/wp-json\/wp\/v2\/types\/page"}],"author":[{"embeddable":true,"href":"https:\/\/www.campingreno.it\/fr\/wp-json\/wp\/v2\/users\/212"}],"replies":[{"embeddable":true,"href":"https:\/\/www.campingreno.it\/fr\/wp-json\/wp\/v2\/comments?post=3632"}],"version-history":[{"count":0,"href":"https:\/\/www.campingreno.it\/fr\/wp-json\/wp\/v2\/pages\/3632\/revisions"}],"wp:featuredmedia":[{"embeddable":true,"href":"https:\/\/www.campingreno.it\/fr\/wp-json\/wp\/v2\/media\/4583"}],"wp:attachment":[{"href":"https:\/\/www.campingreno.it\/fr\/wp-json\/wp\/v2\/media?parent=3632"}],"curies":[{"name":"wp","href":"https:\/\/api.w.org\/{rel}","templated":true}]}}