   {"id":4485,"date":"2025-12-18T10:20:53","date_gmt":"2025-12-18T10:20:53","guid":{"rendered":"https:\/\/www.campingreno.it\/?page_id=4485"},"modified":"2025-12-18T15:52:03","modified_gmt":"2025-12-18T15:52:03","slug":"emplacement-10a-ravenna-italie","status":"publish","type":"page","link":"https:\/\/www.campingreno.it\/fr\/camping-emilie-romagne-en-bord-de-mer-emplacements\/emplacement-10a-ravenna-italie\/","title":{"rendered":"Emplacement Camping-car \/ Caravane 10A"},"content":{"rendered":"<p><strong>Emplacement 10A Ravenna Italie<\/strong><\/p>\n<p>&nbsp;<\/p>\n<p><a href=\"https:\/\/www.campingreno.it\/fr\/camping-ravenne-italie-chiens-admis\/\"><strong>(Chiens Admis)<\/strong><\/a><\/p>\n<p>&nbsp;<\/p>\n<p><strong>D\u00e9couvrez nos emplacements plats<\/strong> o\u00f9 s\u00e9journer avec votre camping-car, caravane ou tente. Avec une profondeur maximale de 10 m\u00e8tres, ils peuvent accueillir sans probl\u00e8me tout type de camping-car, m\u00eame avec son auvent ou des \u00e9quipements de grande taille, lors des man\u0153uvres de stationnement.<\/p>\n<p>&nbsp;<\/p>\n<p><strong>Demandez un devis sans engagement!<\/strong><br \/>\nDemandez d\u00e8s maintenant un devis SANS ENGAGEMENT pour votre <strong>Emplacement 10A Ravenna Italie<\/strong>\u00a0en remplissant le formulaire. Pr\u00e9parez vos vacances directement sur la mer avec votre famille ou vos amis au Camping Reno, un camping \u00e0 Casal Borsetti, pr\u00e8s de Ravenne, directement sur la mer, avec son sable fin et son fond marin en pente douce. C&rsquo;est un camping simple et essentiel pour les vrais campeurs !<\/p>\n<p>Nous vous enverrons la proposition adapt\u00e9e dans les 6 heures ouvrables.<\/p>\n<p>&nbsp;<\/p>\n<p><a href=\"https:\/\/www.scidoo.com\/preventivov2\/?cod=1209&amp;dataarr=2025-9-21&amp;notti=7&amp;adult=2&amp;children=&amp;IDsotto_struttura=0&amp;lang=3&amp;structure_type=0&amp;promocode=\"><strong>V\u00c9RIFIEZ LA DISPONIBILIT\u00c9 EN LIGNE ET R\u00c9SERVEZ MAINTENANT !<\/strong><\/a><\/p>\n<p>&nbsp;<\/p>\n<p><strong>LES PRIX DE L&rsquo;EMPLACEMENT INCLUENT :<\/strong><\/p>\n<ul>\n<li>Une place de parking sur l&#8217;emplacement.<\/li>\n<li>Le raccordement \u00e9lectrique (Prise norme CEE &#8211; Protection 10A, sauf indication contraire).<\/li>\n<li>L&rsquo;acc\u00e8s direct \u00e0 la plage libre.<\/li>\n<li>Les douches chaudes.<\/li>\n<li>L&rsquo;animation pour petits et grands (juillet &#8211; ao\u00fbt).<\/li>\n<li>L&rsquo;acc\u00e8s \u00e0 la piscine (juin &#8211; ao\u00fbt, bonnet de bain non obligatoire).<\/li>\n<li>L&rsquo;espace sportif : beach-volley, raquettes de plage, p\u00e9tanque, tirs libres de basket, ping-pong.<\/li>\n<li>TVA 10% (Sauf modifications de la TVA ou de la taxe de s\u00e9jour).<\/li>\n<\/ul>\n<p>&nbsp;<\/p>\n<p><strong>LES PRIX N&rsquo;INCLUENT PAS :<\/strong><\/p>\n<ul>\n<li>La taxe de s\u00e9jour \u00e0 r\u00e9gler sur place.<\/li>\n<li>La location de parasols et transats.<\/li>\n<\/ul>\n<p>&nbsp;<\/p>\n<p><strong>SERVICES SUPPL\u00c9MENTAIRES (SUR R\u00c9SERVATION ou \u00e0 demander sur place, selon disponibilit\u00e9) :<\/strong><\/p>\n<ul>\n<li>Location de parasols et transats sur la plage,<\/li>\n<li>cellule r\u00e9frig\u00e9r\u00e9e et cong\u00e9lateur avec cl\u00e9,<\/li>\n<li>location de v\u00e9los \u00e9quip\u00e9s de casque et si\u00e8ge enfant.<\/li>\n<li>Tout ce qui n&rsquo;est pas sp\u00e9cifi\u00e9 dans la section \u00ab\u00a0LES PRIX INCLUENT\u00a0\u00bb.<\/li>\n<\/ul>\n<p>&nbsp;<\/p>\n<p><strong>EMPLACEMENT :<\/strong><br \/>\n1 Tente ou Camping-car ou Roulotte + nombre de personnes indiqu\u00e9 dans la description + 1 voiture + Raccordement \u00e9lectrique (protection 4A).<\/p>\n<p>&nbsp;<\/p>\n<p>Les emplacements doivent \u00eatre rendus propres et rang\u00e9s.<\/p>\n<ul>\n<li>L&rsquo;arriv\u00e9e se fait apr\u00e8s 15h00 ;<\/li>\n<li>le d\u00e9part avant 12h00.<\/li>\n<\/ul>\n<p>&nbsp;<\/p>\n<p><strong>Le solde de l&rsquo;int\u00e9gralit\u00e9 du s\u00e9jour est \u00e0 r\u00e9gler \u00e0 l&rsquo;arriv\u00e9e.<\/strong><\/p>\n<p>&nbsp;<\/p>\n","protected":false},"excerpt":{"rendered":"<p>Emplacement 10A Ravenna Italie &nbsp; (Chiens Admis) &nbsp; D\u00e9couvrez nos emplacements plats o\u00f9 s\u00e9journer avec votre camping-car, caravane ou tente. Avec une profondeur maximale de 10 m\u00e8tres, ils peuvent accueillir sans probl\u00e8me tout type de camping-car, m\u00eame avec son auvent ou des \u00e9quipements de grande taille, lors des man\u0153uvres de stationnement. &nbsp; Demandez un devis [&hellip;]<\/p>\n","protected":false},"author":212,"featured_media":4497,"parent":3443,"menu_order":5,"comment_status":"closed","ping_status":"closed","template":"template-piazzole.php","meta":{"footnotes":""},"class_list":["post-4485","page","type-page","status-publish","has-post-thumbnail","hentry"],"yoast_head":"<!-- This site is optimized with the Yoast SEO plugin v27.3 - https:\/\/yoast.com\/product\/yoast-seo-wordpress\/ -->\n<title>Emplacement 10A Ravenna Italie | Camping Reno<\/title>\n<meta name=\"description\" content=\"Emplacement 10A Ravenna Italie 10A, CasalBorsetti \u2013 70m\u00b2, directement en bord de mer. \u00c0 partir de 25\u20ac par \u00e9quipage. Demandez un devis!\" \/>\n<meta name=\"robots\" content=\"index, follow, max-snippet:-1, max-image-preview:large, max-video-preview:-1\" \/>\n<link rel=\"canonical\" href=\"https:\/\/www.campingreno.it\/fr\/camping-emilie-romagne-en-bord-de-mer-emplacements\/emplacement-10a-ravenna-italie\/\" \/>\n<meta property=\"og:locale\" content=\"fr_FR\" \/>\n<meta property=\"og:type\" content=\"article\" \/>\n<meta property=\"og:title\" content=\"Emplacement 10A Ravenna Italie | Camping Reno\" \/>\n<meta property=\"og:description\" content=\"Emplacement 10A Ravenna Italie 10A, CasalBorsetti \u2013 70m\u00b2, directement en bord de mer. \u00c0 partir de 25\u20ac par \u00e9quipage. Demandez un devis!\" \/>\n<meta property=\"og:url\" content=\"https:\/\/www.campingreno.it\/fr\/camping-emilie-romagne-en-bord-de-mer-emplacements\/emplacement-10a-ravenna-italie\/\" \/>\n<meta property=\"og:site_name\" content=\"Camping Reno\" \/>\n<meta property=\"article:publisher\" content=\"https:\/\/facebook.com\/tomasitourism\" \/>\n<meta property=\"article:modified_time\" content=\"2025-12-18T15:52:03+00:00\" \/>\n<meta property=\"og:image\" content=\"https:\/\/www.campingreno.it\/wp-content\/uploads\/sites\/192\/2025\/12\/gran_camper_xpace_600_ducato07-1.jpg\" \/>\n\t<meta property=\"og:image:width\" content=\"2500\" \/>\n\t<meta property=\"og:image:height\" content=\"1429\" \/>\n\t<meta property=\"og:image:type\" content=\"image\/jpeg\" \/>\n<meta name=\"twitter:card\" content=\"summary_large_image\" \/>\n<meta name=\"twitter:label1\" content=\"Dur\u00e9e de lecture estim\u00e9e\" \/>\n\t<meta name=\"twitter:data1\" content=\"2 minutes\" \/>\n<script type=\"application\/ld+json\" class=\"yoast-schema-graph\">{\"@context\":\"https:\\\/\\\/schema.org\",\"@graph\":[{\"@type\":\"WebPage\",\"@id\":\"https:\\\/\\\/www.campingreno.it\\\/fr\\\/camping-emilie-romagne-en-bord-de-mer-emplacements\\\/emplacement-10a-ravenna-italie\\\/\",\"url\":\"https:\\\/\\\/www.campingreno.it\\\/fr\\\/camping-emilie-romagne-en-bord-de-mer-emplacements\\\/emplacement-10a-ravenna-italie\\\/\",\"name\":\"Emplacement 10A Ravenna Italie | Camping Reno\",\"isPartOf\":{\"@id\":\"https:\\\/\\\/www.campingreno.it\\\/fr\\\/#website\"},\"primaryImageOfPage\":{\"@id\":\"https:\\\/\\\/www.campingreno.it\\\/fr\\\/camping-emilie-romagne-en-bord-de-mer-emplacements\\\/emplacement-10a-ravenna-italie\\\/#primaryimage\"},\"image\":{\"@id\":\"https:\\\/\\\/www.campingreno.it\\\/fr\\\/camping-emilie-romagne-en-bord-de-mer-emplacements\\\/emplacement-10a-ravenna-italie\\\/#primaryimage\"},\"thumbnailUrl\":\"https:\\\/\\\/www.campingreno.it\\\/wp-content\\\/uploads\\\/sites\\\/192\\\/2025\\\/12\\\/gran_camper_xpace_600_ducato07-1.jpg\",\"datePublished\":\"2025-12-18T10:20:53+00:00\",\"dateModified\":\"2025-12-18T15:52:03+00:00\",\"description\":\"Emplacement 10A Ravenna Italie 10A, CasalBorsetti \u2013 70m\u00b2, directement en bord de mer. \u00c0 partir de 25\u20ac par \u00e9quipage. Demandez un devis!\",\"breadcrumb\":{\"@id\":\"https:\\\/\\\/www.campingreno.it\\\/fr\\\/camping-emilie-romagne-en-bord-de-mer-emplacements\\\/emplacement-10a-ravenna-italie\\\/#breadcrumb\"},\"inLanguage\":\"fr-FR\",\"potentialAction\":[{\"@type\":\"ReadAction\",\"target\":[\"https:\\\/\\\/www.campingreno.it\\\/fr\\\/camping-emilie-romagne-en-bord-de-mer-emplacements\\\/emplacement-10a-ravenna-italie\\\/\"]}]},{\"@type\":\"ImageObject\",\"inLanguage\":\"fr-FR\",\"@id\":\"https:\\\/\\\/www.campingreno.it\\\/fr\\\/camping-emilie-romagne-en-bord-de-mer-emplacements\\\/emplacement-10a-ravenna-italie\\\/#primaryimage\",\"url\":\"https:\\\/\\\/www.campingreno.it\\\/wp-content\\\/uploads\\\/sites\\\/192\\\/2025\\\/12\\\/gran_camper_xpace_600_ducato07-1.jpg\",\"contentUrl\":\"https:\\\/\\\/www.campingreno.it\\\/wp-content\\\/uploads\\\/sites\\\/192\\\/2025\\\/12\\\/gran_camper_xpace_600_ducato07-1.jpg\",\"width\":2500,\"height\":1429,\"caption\":\"Emplacement 10A Ravenna Italie | Camping Reno\"},{\"@type\":\"BreadcrumbList\",\"@id\":\"https:\\\/\\\/www.campingreno.it\\\/fr\\\/camping-emilie-romagne-en-bord-de-mer-emplacements\\\/emplacement-10a-ravenna-italie\\\/#breadcrumb\",\"itemListElement\":[{\"@type\":\"ListItem\",\"position\":1,\"name\":\"Home\",\"item\":\"https:\\\/\\\/www.campingreno.it\\\/fr\\\/\"},{\"@type\":\"ListItem\",\"position\":2,\"name\":\"Emplacements\",\"item\":\"https:\\\/\\\/www.campingreno.it\\\/fr\\\/camping-emilie-romagne-en-bord-de-mer-emplacements\\\/\"},{\"@type\":\"ListItem\",\"position\":3,\"name\":\"Emplacement Camping-car \\\/ Caravane 10A\"}]},{\"@type\":\"WebSite\",\"@id\":\"https:\\\/\\\/www.campingreno.it\\\/fr\\\/#website\",\"url\":\"https:\\\/\\\/www.campingreno.it\\\/fr\\\/\",\"name\":\"Camping Reno\",\"description\":\"\",\"publisher\":{\"@id\":\"https:\\\/\\\/www.campingreno.it\\\/fr\\\/#organization\"},\"potentialAction\":[{\"@type\":\"SearchAction\",\"target\":{\"@type\":\"EntryPoint\",\"urlTemplate\":\"https:\\\/\\\/www.campingreno.it\\\/fr\\\/?s={search_term_string}\"},\"query-input\":{\"@type\":\"PropertyValueSpecification\",\"valueRequired\":true,\"valueName\":\"search_term_string\"}}],\"inLanguage\":\"fr-FR\"},{\"@type\":\"Organization\",\"@id\":\"https:\\\/\\\/www.campingreno.it\\\/fr\\\/#organization\",\"name\":\"Camping Reno\",\"url\":\"https:\\\/\\\/www.campingreno.it\\\/fr\\\/\",\"logo\":{\"@type\":\"ImageObject\",\"inLanguage\":\"fr-FR\",\"@id\":\"https:\\\/\\\/www.campingreno.it\\\/fr\\\/#\\\/schema\\\/logo\\\/image\\\/\",\"url\":\"https:\\\/\\\/www.campingreno.it\\\/wp-content\\\/uploads\\\/sites\\\/192\\\/2024\\\/12\\\/logo_reno-no-sfondo-2.png\",\"contentUrl\":\"https:\\\/\\\/www.campingreno.it\\\/wp-content\\\/uploads\\\/sites\\\/192\\\/2024\\\/12\\\/logo_reno-no-sfondo-2.png\",\"width\":567,\"height\":286,\"caption\":\"Camping Reno\"},\"image\":{\"@id\":\"https:\\\/\\\/www.campingreno.it\\\/fr\\\/#\\\/schema\\\/logo\\\/image\\\/\"},\"sameAs\":[\"https:\\\/\\\/facebook.com\\\/tomasitourism\",\"https:\\\/\\\/instagram.com\\\/camping_reno\"]}]}<\/script>\n<!-- \/ Yoast SEO plugin. -->","yoast_head_json":{"title":"Emplacement 10A Ravenna Italie | Camping Reno","description":"Emplacement 10A Ravenna Italie 10A, CasalBorsetti \u2013 70m\u00b2, directement en bord de mer. \u00c0 partir de 25\u20ac par \u00e9quipage. Demandez un devis!","robots":{"index":"index","follow":"follow","max-snippet":"max-snippet:-1","max-image-preview":"max-image-preview:large","max-video-preview":"max-video-preview:-1"},"canonical":"https:\/\/www.campingreno.it\/fr\/camping-emilie-romagne-en-bord-de-mer-emplacements\/emplacement-10a-ravenna-italie\/","og_locale":"fr_FR","og_type":"article","og_title":"Emplacement 10A Ravenna Italie | Camping Reno","og_description":"Emplacement 10A Ravenna Italie 10A, CasalBorsetti \u2013 70m\u00b2, directement en bord de mer. \u00c0 partir de 25\u20ac par \u00e9quipage. Demandez un devis!","og_url":"https:\/\/www.campingreno.it\/fr\/camping-emilie-romagne-en-bord-de-mer-emplacements\/emplacement-10a-ravenna-italie\/","og_site_name":"Camping Reno","article_publisher":"https:\/\/facebook.com\/tomasitourism","article_modified_time":"2025-12-18T15:52:03+00:00","og_image":[{"width":2500,"height":1429,"url":"https:\/\/www.campingreno.it\/wp-content\/uploads\/sites\/192\/2025\/12\/gran_camper_xpace_600_ducato07-1.jpg","type":"image\/jpeg"}],"twitter_card":"summary_large_image","twitter_misc":{"Dur\u00e9e de lecture estim\u00e9e":"2 minutes"},"schema":{"@context":"https:\/\/schema.org","@graph":[{"@type":"WebPage","@id":"https:\/\/www.campingreno.it\/fr\/camping-emilie-romagne-en-bord-de-mer-emplacements\/emplacement-10a-ravenna-italie\/","url":"https:\/\/www.campingreno.it\/fr\/camping-emilie-romagne-en-bord-de-mer-emplacements\/emplacement-10a-ravenna-italie\/","name":"Emplacement 10A Ravenna Italie | Camping Reno","isPartOf":{"@id":"https:\/\/www.campingreno.it\/fr\/#website"},"primaryImageOfPage":{"@id":"https:\/\/www.campingreno.it\/fr\/camping-emilie-romagne-en-bord-de-mer-emplacements\/emplacement-10a-ravenna-italie\/#primaryimage"},"image":{"@id":"https:\/\/www.campingreno.it\/fr\/camping-emilie-romagne-en-bord-de-mer-emplacements\/emplacement-10a-ravenna-italie\/#primaryimage"},"thumbnailUrl":"https:\/\/www.campingreno.it\/wp-content\/uploads\/sites\/192\/2025\/12\/gran_camper_xpace_600_ducato07-1.jpg","datePublished":"2025-12-18T10:20:53+00:00","dateModified":"2025-12-18T15:52:03+00:00","description":"Emplacement 10A Ravenna Italie 10A, CasalBorsetti \u2013 70m\u00b2, directement en bord de mer. \u00c0 partir de 25\u20ac par \u00e9quipage. Demandez un devis!","breadcrumb":{"@id":"https:\/\/www.campingreno.it\/fr\/camping-emilie-romagne-en-bord-de-mer-emplacements\/emplacement-10a-ravenna-italie\/#breadcrumb"},"inLanguage":"fr-FR","potentialAction":[{"@type":"ReadAction","target":["https:\/\/www.campingreno.it\/fr\/camping-emilie-romagne-en-bord-de-mer-emplacements\/emplacement-10a-ravenna-italie\/"]}]},{"@type":"ImageObject","inLanguage":"fr-FR","@id":"https:\/\/www.campingreno.it\/fr\/camping-emilie-romagne-en-bord-de-mer-emplacements\/emplacement-10a-ravenna-italie\/#primaryimage","url":"https:\/\/www.campingreno.it\/wp-content\/uploads\/sites\/192\/2025\/12\/gran_camper_xpace_600_ducato07-1.jpg","contentUrl":"https:\/\/www.campingreno.it\/wp-content\/uploads\/sites\/192\/2025\/12\/gran_camper_xpace_600_ducato07-1.jpg","width":2500,"height":1429,"caption":"Emplacement 10A Ravenna Italie | Camping Reno"},{"@type":"BreadcrumbList","@id":"https:\/\/www.campingreno.it\/fr\/camping-emilie-romagne-en-bord-de-mer-emplacements\/emplacement-10a-ravenna-italie\/#breadcrumb","itemListElement":[{"@type":"ListItem","position":1,"name":"Home","item":"https:\/\/www.campingreno.it\/fr\/"},{"@type":"ListItem","position":2,"name":"Emplacements","item":"https:\/\/www.campingreno.it\/fr\/camping-emilie-romagne-en-bord-de-mer-emplacements\/"},{"@type":"ListItem","position":3,"name":"Emplacement Camping-car \/ Caravane 10A"}]},{"@type":"WebSite","@id":"https:\/\/www.campingreno.it\/fr\/#website","url":"https:\/\/www.campingreno.it\/fr\/","name":"Camping Reno","description":"","publisher":{"@id":"https:\/\/www.campingreno.it\/fr\/#organization"},"potentialAction":[{"@type":"SearchAction","target":{"@type":"EntryPoint","urlTemplate":"https:\/\/www.campingreno.it\/fr\/?s={search_term_string}"},"query-input":{"@type":"PropertyValueSpecification","valueRequired":true,"valueName":"search_term_string"}}],"inLanguage":"fr-FR"},{"@type":"Organization","@id":"https:\/\/www.campingreno.it\/fr\/#organization","name":"Camping Reno","url":"https:\/\/www.campingreno.it\/fr\/","logo":{"@type":"ImageObject","inLanguage":"fr-FR","@id":"https:\/\/www.campingreno.it\/fr\/#\/schema\/logo\/image\/","url":"https:\/\/www.campingreno.it\/wp-content\/uploads\/sites\/192\/2024\/12\/logo_reno-no-sfondo-2.png","contentUrl":"https:\/\/www.campingreno.it\/wp-content\/uploads\/sites\/192\/2024\/12\/logo_reno-no-sfondo-2.png","width":567,"height":286,"caption":"Camping Reno"},"image":{"@id":"https:\/\/www.campingreno.it\/fr\/#\/schema\/logo\/image\/"},"sameAs":["https:\/\/facebook.com\/tomasitourism","https:\/\/instagram.com\/camping_reno"]}]}},"acf":[],"_links":{"self":[{"href":"https:\/\/www.campingreno.it\/fr\/wp-json\/wp\/v2\/pages\/4485","targetHints":{"allow":["GET"]}}],"collection":[{"href":"https:\/\/www.campingreno.it\/fr\/wp-json\/wp\/v2\/pages"}],"about":[{"href":"https:\/\/www.campingreno.it\/fr\/wp-json\/wp\/v2\/types\/page"}],"author":[{"embeddable":true,"href":"https:\/\/www.campingreno.it\/fr\/wp-json\/wp\/v2\/users\/212"}],"replies":[{"embeddable":true,"href":"https:\/\/www.campingreno.it\/fr\/wp-json\/wp\/v2\/comments?post=4485"}],"version-history":[{"count":0,"href":"https:\/\/www.campingreno.it\/fr\/wp-json\/wp\/v2\/pages\/4485\/revisions"}],"up":[{"embeddable":true,"href":"https:\/\/www.campingreno.it\/fr\/wp-json\/wp\/v2\/pages\/3443"}],"wp:featuredmedia":[{"embeddable":true,"href":"https:\/\/www.campingreno.it\/fr\/wp-json\/wp\/v2\/media\/4497"}],"wp:attachment":[{"href":"https:\/\/www.campingreno.it\/fr\/wp-json\/wp\/v2\/media?parent=4485"}],"curies":[{"name":"wp","href":"https:\/\/api.w.org\/{rel}","templated":true}]}}