   {"id":2163,"date":"2025-01-24T13:52:09","date_gmt":"2025-01-24T13:52:09","guid":{"rendered":"https:\/\/www.campingreno.it\/camping-ravenna-wat-te-bezoeken-emilia-romagna-aan-zee\/camping-in-ravenna\/campeggio-vicino-venezia\/"},"modified":"2025-04-17T12:50:43","modified_gmt":"2025-04-17T12:50:43","slug":"camping-nabij-venetie","status":"publish","type":"page","link":"https:\/\/www.campingreno.it\/nl\/goedkope-camping-direct-aan-zee-ravenna-wat-te-zien\/camping-nabij-ravenna\/camping-nabij-venetie\/","title":{"rendered":"Venezia"},"content":{"rendered":"<p>Bezoek Veneti\u00eb als je verblijft op Camping Reno, een <strong>Camping nabij Veneti\u00eb<\/strong>.<\/p>\n<p>Er zijn veel aanbiedingen voor bungalows-stacaravans en zeer voordelige staanplaatsen.<\/p>\n<p>&nbsp;<\/p>\n<p><strong>Veneti\u00eb is een unieke stad<\/strong>, rijk aan geschiedenis, kunst en architectonische wonderen. Hier zijn enkele van de belangrijkste bezienswaardigheden om te bezoeken:<\/p>\n<ul>\n<li><strong>San Marcoplein:<\/strong> Het beroemdste plein van Veneti\u00eb, gedomineerd door de majestueuze San Marco Basiliek, een meesterwerk van Byzantijnse kunst met een gevel die glinstert van gouden moza\u00efeken en een ongelooflijk uitzicht over de stad. Op het plein staat ook de Campanile van San Marco, vanwaar je een spectaculair panorama over Veneti\u00eb en de lagune kunt bewonderen.<\/li>\n<\/ul>\n<p>&nbsp;<\/p>\n<ul>\n<li><strong>Dogenpaleis:<\/strong> Een imposant gotisch gebouw dat de residentie was van de doge en de zetel van de Venetiaanse regering. Binnen kun je rijkelijk versierde kamers, de Brug der Zuchten en de gevangenissen bezoeken. Een must-see om de politieke en culturele geschiedenis van de stad te begrijpen.<\/li>\n<\/ul>\n<p>&nbsp;<\/p>\n<ul>\n<li><strong>Canal Grande:<\/strong> De belangrijkste waterweg van Veneti\u00eb, die de stad doorkruist en bevaren wordt door boten, waterbussen en natuurlijk de traditionele gondels. Je kunt de schoonheid ervan bewonderen door langs de oevers te wandelen of een tocht met de waterbus te maken om de prachtige gevels van de paleizen te bekijken.<\/li>\n<\/ul>\n<p>&nbsp;<\/p>\n<ul>\n<li><strong>Rialtobrug:<\/strong> Een van de beroemdste bruggen van Veneti\u00eb, die de districten San Marco en San Polo verbindt. Het is een ideale plek om foto&#8217;s te maken en te winkelen in de vele winkels op de brug.<\/li>\n<\/ul>\n<p>&nbsp;<\/p>\n<ul>\n<li><strong>Gallerie dell&#8217;Accademia:<\/strong> Een belangrijk kunstmuseum met een van de rijkste collecties Venetiaanse kunst, met werken van kunstenaars als Bellini, Tintoretto, Titiaan en Veronese. Perfect voor kunstliefhebbers.<\/li>\n<\/ul>\n<p>&nbsp;<\/p>\n<ul>\n<li><strong>Basiliek van Santa Maria della Salute:<\/strong> Een barokke kerk gelegen aan het begin van het Canal Grande, beroemd om zijn grote koepel en het uitzicht dat het biedt op de lagune en het San Marcobassin.<\/li>\n<\/ul>\n<p>&nbsp;<\/p>\n<ul>\n<li><strong>Eiland Murano:<\/strong> Wereldberoemd om de glasbewerking, Murano is een perfecte bestemming om geblazen glas te kopen en de werkplaatsen van lokale ambachtslieden te bezoeken.<\/li>\n<\/ul>\n<p>&nbsp;<\/p>\n<ul>\n<li><strong>Eiland Burano:<\/strong> Met zijn kleurrijke huizen en traditionele kant, is Burano een van de meest pittoreske eilanden van Veneti\u00eb. Een wandeling door de straten is een unieke ervaring.<\/li>\n<\/ul>\n<p>&nbsp;<\/p>\n<ul>\n<li><strong>Teatro La Fenice:<\/strong> Een van de beroemdste operahuizen van Itali\u00eb, beroemd om zijn elegantie en omdat het werken van grote componisten heeft gehost. Het is mogelijk om het te bezoeken om de geschiedenis te ontdekken en, indien mogelijk, een voorstelling bij te wonen.<\/li>\n<\/ul>\n<p>&nbsp;<\/p>\n<ul>\n<li><strong>Museo Correr:<\/strong> Een museum dat de geschiedenis van Veneti\u00eb en de ontwikkeling ervan vertelt, met een uitgebreide collectie kunstwerken, sculpturen en historische objecten. Het bevindt zich op het San Marcoplein, naast het Dogenpaleis.<\/li>\n<\/ul>\n<p>&nbsp;<\/p>\n<ul>\n<li><strong>Peggy Guggenheim Collectie:<\/strong> Als je een liefhebber bent van moderne kunst, mis dan deze galerie niet die werken herbergt van kunstenaars als Picasso, Dal\u00ed en Pollock.<\/li>\n<\/ul>\n<p>&nbsp;<\/p>\n<p>Veneti\u00eb is een stad om langzaam te beleven, wandelend door de steegjes en pleintjes, verborgen hoekjes ontdekkend en je laten betoveren door de unieke sfeer.<\/p>\n<p>Verlies geen tijd, verblijf op Camping Reno, <strong>een Camping nabij Veneti\u00eb.<\/strong><\/p>\n<p>&nbsp;<\/p>\n<p>&nbsp;<\/p>\n<p>Ontdek onze\u00a0<a href=\"https:\/\/www.campingreno.it\/nl\/camping-direct-aan-zee-ravenna-accomodaties\/\"><strong>Accommodaties<\/strong><\/a>\u00a0en onze\u00a0<a href=\"https:\/\/www.campingreno.it\/nl\/camping-direct-aan-zee-emilia-romagna-standplaatsen\/\"><strong>Kampeerplaatsen<\/strong><\/a><\/p>\n<p>&nbsp;<\/p>\n<p>&nbsp;<\/p>\n<p><a href=\"https:\/\/www.scidoo.com\/preventivov2\/?cod=1209&amp;dataarr=2025-9-22&amp;notti=7&amp;adult=2&amp;children=&amp;IDsotto_struttura=607&amp;lang=1\"><strong>CONTROLEER NU DE ONLINE BESCHIKBAARHEID EN BOEK NU<\/strong><\/a><\/p>\n","protected":false},"excerpt":{"rendered":"<p>Bezoek Veneti\u00eb als je verblijft op Camping Reno, een Camping nabij Veneti\u00eb. Er zijn veel aanbiedingen voor bungalows-stacaravans en zeer voordelige staanplaatsen. &nbsp; Veneti\u00eb is een unieke stad, rijk aan geschiedenis, kunst en architectonische wonderen. Hier zijn enkele van de belangrijkste bezienswaardigheden om te bezoeken: San Marcoplein: Het beroemdste plein van Veneti\u00eb, gedomineerd door de [&hellip;]<\/p>\n","protected":false},"author":212,"featured_media":2676,"parent":2149,"menu_order":300,"comment_status":"closed","ping_status":"closed","template":"","meta":{"footnotes":""},"yoast_head":"<!-- This site is optimized with the Yoast SEO plugin v22.3 - https:\/\/yoast.com\/wordpress\/plugins\/seo\/ -->\n<title>Camping nabij Veneti\u00eb | Camping Reno<\/title>\n<meta name=\"description\" content=\"Als je op zoek bent naar een Camping nabij Veneti\u00eb, is er Camping Reno in Casal Borsetti. Vraag vrijblijvend een offerte aan!\" \/>\n<meta name=\"robots\" content=\"index, follow, max-snippet:-1, max-image-preview:large, max-video-preview:-1\" \/>\n<link rel=\"canonical\" href=\"https:\/\/www.campingreno.it\/nl\/goedkope-camping-direct-aan-zee-ravenna-wat-te-zien\/camping-nabij-ravenna\/camping-nabij-venetie\/\" \/>\n<meta property=\"og:locale\" content=\"nl_NL\" \/>\n<meta property=\"og:type\" content=\"article\" \/>\n<meta property=\"og:title\" content=\"Camping nabij Veneti\u00eb | Camping Reno\" \/>\n<meta property=\"og:description\" content=\"Als je op zoek bent naar een Camping nabij Veneti\u00eb, is er Camping Reno in Casal Borsetti. Vraag vrijblijvend een offerte aan!\" \/>\n<meta property=\"og:url\" content=\"https:\/\/www.campingreno.it\/nl\/goedkope-camping-direct-aan-zee-ravenna-wat-te-zien\/camping-nabij-ravenna\/camping-nabij-venetie\/\" \/>\n<meta property=\"og:site_name\" content=\"Camping Reno\" \/>\n<meta property=\"article:publisher\" content=\"https:\/\/facebook.com\/tomasitourism\" \/>\n<meta property=\"article:modified_time\" content=\"2025-04-17T12:50:43+00:00\" \/>\n<meta property=\"og:image\" content=\"https:\/\/www.campingreno.it\/wp-content\/uploads\/sites\/192\/2025\/04\/campeggio_vicino_venezia_piazza_sanmarco.jpeg\" \/>\n\t<meta property=\"og:image:width\" content=\"2107\" \/>\n\t<meta property=\"og:image:height\" content=\"1400\" \/>\n\t<meta property=\"og:image:type\" content=\"image\/jpeg\" \/>\n<meta name=\"twitter:card\" content=\"summary_large_image\" \/>\n<meta name=\"twitter:label1\" content=\"Geschatte leestijd\" \/>\n\t<meta name=\"twitter:data1\" content=\"3 minuten\" \/>\n<script type=\"application\/ld+json\" class=\"yoast-schema-graph\">{\"@context\":\"https:\/\/schema.org\",\"@graph\":[{\"@type\":\"WebPage\",\"@id\":\"https:\/\/www.campingreno.it\/nl\/goedkope-camping-direct-aan-zee-ravenna-wat-te-zien\/camping-nabij-ravenna\/camping-nabij-venetie\/\",\"url\":\"https:\/\/www.campingreno.it\/nl\/goedkope-camping-direct-aan-zee-ravenna-wat-te-zien\/camping-nabij-ravenna\/camping-nabij-venetie\/\",\"name\":\"Camping nabij Veneti\u00eb | Camping Reno\",\"isPartOf\":{\"@id\":\"https:\/\/www.campingreno.it\/nl\/#website\"},\"primaryImageOfPage\":{\"@id\":\"https:\/\/www.campingreno.it\/nl\/goedkope-camping-direct-aan-zee-ravenna-wat-te-zien\/camping-nabij-ravenna\/camping-nabij-venetie\/#primaryimage\"},\"image\":{\"@id\":\"https:\/\/www.campingreno.it\/nl\/goedkope-camping-direct-aan-zee-ravenna-wat-te-zien\/camping-nabij-ravenna\/camping-nabij-venetie\/#primaryimage\"},\"thumbnailUrl\":\"https:\/\/www.campingreno.it\/wp-content\/uploads\/sites\/192\/2025\/04\/campeggio_vicino_venezia_piazza_sanmarco.jpeg\",\"datePublished\":\"2025-01-24T13:52:09+00:00\",\"dateModified\":\"2025-04-17T12:50:43+00:00\",\"description\":\"Als je op zoek bent naar een Camping nabij Veneti\u00eb, is er Camping Reno in Casal Borsetti. Vraag vrijblijvend een offerte aan!\",\"breadcrumb\":{\"@id\":\"https:\/\/www.campingreno.it\/nl\/goedkope-camping-direct-aan-zee-ravenna-wat-te-zien\/camping-nabij-ravenna\/camping-nabij-venetie\/#breadcrumb\"},\"inLanguage\":\"nl-NL\",\"potentialAction\":[{\"@type\":\"ReadAction\",\"target\":[\"https:\/\/www.campingreno.it\/nl\/goedkope-camping-direct-aan-zee-ravenna-wat-te-zien\/camping-nabij-ravenna\/camping-nabij-venetie\/\"]}]},{\"@type\":\"ImageObject\",\"inLanguage\":\"nl-NL\",\"@id\":\"https:\/\/www.campingreno.it\/nl\/goedkope-camping-direct-aan-zee-ravenna-wat-te-zien\/camping-nabij-ravenna\/camping-nabij-venetie\/#primaryimage\",\"url\":\"https:\/\/www.campingreno.it\/wp-content\/uploads\/sites\/192\/2025\/04\/campeggio_vicino_venezia_piazza_sanmarco.jpeg\",\"contentUrl\":\"https:\/\/www.campingreno.it\/wp-content\/uploads\/sites\/192\/2025\/04\/campeggio_vicino_venezia_piazza_sanmarco.jpeg\",\"width\":2107,\"height\":1400,\"caption\":\"Camping nabij Veneti\u00eb | Camping Reno\"},{\"@type\":\"BreadcrumbList\",\"@id\":\"https:\/\/www.campingreno.it\/nl\/goedkope-camping-direct-aan-zee-ravenna-wat-te-zien\/camping-nabij-ravenna\/camping-nabij-venetie\/#breadcrumb\",\"itemListElement\":[{\"@type\":\"ListItem\",\"position\":1,\"name\":\"Home\",\"item\":\"https:\/\/www.campingreno.it\/nl\/\"},{\"@type\":\"ListItem\",\"position\":2,\"name\":\"Gebied\",\"item\":\"https:\/\/www.campingreno.it\/nl\/goedkope-camping-direct-aan-zee-ravenna-wat-te-zien\/\"},{\"@type\":\"ListItem\",\"position\":3,\"name\":\"Kunststad\",\"item\":\"https:\/\/www.campingreno.it\/nl\/goedkope-camping-direct-aan-zee-ravenna-wat-te-zien\/camping-nabij-ravenna\/\"},{\"@type\":\"ListItem\",\"position\":4,\"name\":\"Venezia\"}]},{\"@type\":\"WebSite\",\"@id\":\"https:\/\/www.campingreno.it\/nl\/#website\",\"url\":\"https:\/\/www.campingreno.it\/nl\/\",\"name\":\"Camping Reno\",\"description\":\"\",\"publisher\":{\"@id\":\"https:\/\/www.campingreno.it\/nl\/#organization\"},\"potentialAction\":[{\"@type\":\"SearchAction\",\"target\":{\"@type\":\"EntryPoint\",\"urlTemplate\":\"https:\/\/www.campingreno.it\/nl\/?s={search_term_string}\"},\"query-input\":\"required name=search_term_string\"}],\"inLanguage\":\"nl-NL\"},{\"@type\":\"Organization\",\"@id\":\"https:\/\/www.campingreno.it\/nl\/#organization\",\"name\":\"Camping Reno\",\"url\":\"https:\/\/www.campingreno.it\/nl\/\",\"logo\":{\"@type\":\"ImageObject\",\"inLanguage\":\"nl-NL\",\"@id\":\"https:\/\/www.campingreno.it\/nl\/#\/schema\/logo\/image\/\",\"url\":\"https:\/\/www.campingreno.it\/wp-content\/uploads\/sites\/192\/2024\/12\/logo_reno-no-sfondo-2.png\",\"contentUrl\":\"https:\/\/www.campingreno.it\/wp-content\/uploads\/sites\/192\/2024\/12\/logo_reno-no-sfondo-2.png\",\"width\":567,\"height\":286,\"caption\":\"Camping Reno\"},\"image\":{\"@id\":\"https:\/\/www.campingreno.it\/nl\/#\/schema\/logo\/image\/\"},\"sameAs\":[\"https:\/\/facebook.com\/tomasitourism\",\"https:\/\/instagram.com\/camping_reno\"]}]}<\/script>\n<!-- \/ Yoast SEO plugin. -->","yoast_head_json":{"title":"Camping nabij Veneti\u00eb | Camping Reno","description":"Als je op zoek bent naar een Camping nabij Veneti\u00eb, is er Camping Reno in Casal Borsetti. Vraag vrijblijvend een offerte aan!","robots":{"index":"index","follow":"follow","max-snippet":"max-snippet:-1","max-image-preview":"max-image-preview:large","max-video-preview":"max-video-preview:-1"},"canonical":"https:\/\/www.campingreno.it\/nl\/goedkope-camping-direct-aan-zee-ravenna-wat-te-zien\/camping-nabij-ravenna\/camping-nabij-venetie\/","og_locale":"nl_NL","og_type":"article","og_title":"Camping nabij Veneti\u00eb | Camping Reno","og_description":"Als je op zoek bent naar een Camping nabij Veneti\u00eb, is er Camping Reno in Casal Borsetti. Vraag vrijblijvend een offerte aan!","og_url":"https:\/\/www.campingreno.it\/nl\/goedkope-camping-direct-aan-zee-ravenna-wat-te-zien\/camping-nabij-ravenna\/camping-nabij-venetie\/","og_site_name":"Camping Reno","article_publisher":"https:\/\/facebook.com\/tomasitourism","article_modified_time":"2025-04-17T12:50:43+00:00","og_image":[{"width":2107,"height":1400,"url":"https:\/\/www.campingreno.it\/wp-content\/uploads\/sites\/192\/2025\/04\/campeggio_vicino_venezia_piazza_sanmarco.jpeg","type":"image\/jpeg"}],"twitter_card":"summary_large_image","twitter_misc":{"Geschatte leestijd":"3 minuten"},"schema":{"@context":"https:\/\/schema.org","@graph":[{"@type":"WebPage","@id":"https:\/\/www.campingreno.it\/nl\/goedkope-camping-direct-aan-zee-ravenna-wat-te-zien\/camping-nabij-ravenna\/camping-nabij-venetie\/","url":"https:\/\/www.campingreno.it\/nl\/goedkope-camping-direct-aan-zee-ravenna-wat-te-zien\/camping-nabij-ravenna\/camping-nabij-venetie\/","name":"Camping nabij Veneti\u00eb | Camping Reno","isPartOf":{"@id":"https:\/\/www.campingreno.it\/nl\/#website"},"primaryImageOfPage":{"@id":"https:\/\/www.campingreno.it\/nl\/goedkope-camping-direct-aan-zee-ravenna-wat-te-zien\/camping-nabij-ravenna\/camping-nabij-venetie\/#primaryimage"},"image":{"@id":"https:\/\/www.campingreno.it\/nl\/goedkope-camping-direct-aan-zee-ravenna-wat-te-zien\/camping-nabij-ravenna\/camping-nabij-venetie\/#primaryimage"},"thumbnailUrl":"https:\/\/www.campingreno.it\/wp-content\/uploads\/sites\/192\/2025\/04\/campeggio_vicino_venezia_piazza_sanmarco.jpeg","datePublished":"2025-01-24T13:52:09+00:00","dateModified":"2025-04-17T12:50:43+00:00","description":"Als je op zoek bent naar een Camping nabij Veneti\u00eb, is er Camping Reno in Casal Borsetti. Vraag vrijblijvend een offerte aan!","breadcrumb":{"@id":"https:\/\/www.campingreno.it\/nl\/goedkope-camping-direct-aan-zee-ravenna-wat-te-zien\/camping-nabij-ravenna\/camping-nabij-venetie\/#breadcrumb"},"inLanguage":"nl-NL","potentialAction":[{"@type":"ReadAction","target":["https:\/\/www.campingreno.it\/nl\/goedkope-camping-direct-aan-zee-ravenna-wat-te-zien\/camping-nabij-ravenna\/camping-nabij-venetie\/"]}]},{"@type":"ImageObject","inLanguage":"nl-NL","@id":"https:\/\/www.campingreno.it\/nl\/goedkope-camping-direct-aan-zee-ravenna-wat-te-zien\/camping-nabij-ravenna\/camping-nabij-venetie\/#primaryimage","url":"https:\/\/www.campingreno.it\/wp-content\/uploads\/sites\/192\/2025\/04\/campeggio_vicino_venezia_piazza_sanmarco.jpeg","contentUrl":"https:\/\/www.campingreno.it\/wp-content\/uploads\/sites\/192\/2025\/04\/campeggio_vicino_venezia_piazza_sanmarco.jpeg","width":2107,"height":1400,"caption":"Camping nabij Veneti\u00eb | Camping Reno"},{"@type":"BreadcrumbList","@id":"https:\/\/www.campingreno.it\/nl\/goedkope-camping-direct-aan-zee-ravenna-wat-te-zien\/camping-nabij-ravenna\/camping-nabij-venetie\/#breadcrumb","itemListElement":[{"@type":"ListItem","position":1,"name":"Home","item":"https:\/\/www.campingreno.it\/nl\/"},{"@type":"ListItem","position":2,"name":"Gebied","item":"https:\/\/www.campingreno.it\/nl\/goedkope-camping-direct-aan-zee-ravenna-wat-te-zien\/"},{"@type":"ListItem","position":3,"name":"Kunststad","item":"https:\/\/www.campingreno.it\/nl\/goedkope-camping-direct-aan-zee-ravenna-wat-te-zien\/camping-nabij-ravenna\/"},{"@type":"ListItem","position":4,"name":"Venezia"}]},{"@type":"WebSite","@id":"https:\/\/www.campingreno.it\/nl\/#website","url":"https:\/\/www.campingreno.it\/nl\/","name":"Camping Reno","description":"","publisher":{"@id":"https:\/\/www.campingreno.it\/nl\/#organization"},"potentialAction":[{"@type":"SearchAction","target":{"@type":"EntryPoint","urlTemplate":"https:\/\/www.campingreno.it\/nl\/?s={search_term_string}"},"query-input":"required name=search_term_string"}],"inLanguage":"nl-NL"},{"@type":"Organization","@id":"https:\/\/www.campingreno.it\/nl\/#organization","name":"Camping Reno","url":"https:\/\/www.campingreno.it\/nl\/","logo":{"@type":"ImageObject","inLanguage":"nl-NL","@id":"https:\/\/www.campingreno.it\/nl\/#\/schema\/logo\/image\/","url":"https:\/\/www.campingreno.it\/wp-content\/uploads\/sites\/192\/2024\/12\/logo_reno-no-sfondo-2.png","contentUrl":"https:\/\/www.campingreno.it\/wp-content\/uploads\/sites\/192\/2024\/12\/logo_reno-no-sfondo-2.png","width":567,"height":286,"caption":"Camping Reno"},"image":{"@id":"https:\/\/www.campingreno.it\/nl\/#\/schema\/logo\/image\/"},"sameAs":["https:\/\/facebook.com\/tomasitourism","https:\/\/instagram.com\/camping_reno"]}]}},"acf":[],"_links":{"self":[{"href":"https:\/\/www.campingreno.it\/nl\/wp-json\/wp\/v2\/pages\/2163"}],"collection":[{"href":"https:\/\/www.campingreno.it\/nl\/wp-json\/wp\/v2\/pages"}],"about":[{"href":"https:\/\/www.campingreno.it\/nl\/wp-json\/wp\/v2\/types\/page"}],"author":[{"embeddable":true,"href":"https:\/\/www.campingreno.it\/nl\/wp-json\/wp\/v2\/users\/212"}],"replies":[{"embeddable":true,"href":"https:\/\/www.campingreno.it\/nl\/wp-json\/wp\/v2\/comments?post=2163"}],"version-history":[{"count":0,"href":"https:\/\/www.campingreno.it\/nl\/wp-json\/wp\/v2\/pages\/2163\/revisions"}],"up":[{"embeddable":true,"href":"https:\/\/www.campingreno.it\/nl\/wp-json\/wp\/v2\/pages\/2149"}],"wp:featuredmedia":[{"embeddable":true,"href":"https:\/\/www.campingreno.it\/nl\/wp-json\/wp\/v2\/media\/2676"}],"wp:attachment":[{"href":"https:\/\/www.campingreno.it\/nl\/wp-json\/wp\/v2\/media?parent=2163"}],"curies":[{"name":"wp","href":"https:\/\/api.w.org\/{rel}","templated":true}]}}